{"id":36881,"date":"2025-02-20T23:36:21","date_gmt":"2025-02-20T22:36:21","guid":{"rendered":"https:\/\/olemosaic.orbitalia.org\/producto\/iman-de-resina-salamandra-y-flores\/"},"modified":"2025-07-25T20:24:03","modified_gmt":"2025-07-25T18:24:03","slug":"iman-de-resina-salamandra-e-flores","status":"publish","type":"product","link":"https:\/\/olemosaic.orbitalia.org\/pt-pt\/produto\/iman-de-resina-salamandra-e-flores\/","title":{"rendered":"\u00cdman de resina. Salamandra e flores."},"content":{"rendered":"<p>\u00cdman de resina com salamandras e flores. Este vibrante \u00edman captura a ess\u00eancia da rica cultura andaluza, fundindo elementos da natureza com o colorido estilo cer\u00e2mico t\u00e3o caracter\u00edstico da regi\u00e3o. Com um design colorido e pintado \u00e0 m\u00e3o, apresenta duas salamandras em tons de vermelho e verde que parecem ganhar vida entre uma exuberante mistura de flores sobre uma base de mosaico. As cores intensas dos detalhes em vermelho, azul e verde convidam \u00e0 admira\u00e7\u00e3o, refletindo a criatividade e a paix\u00e3o art\u00edstica que impregna a arte decorativa espanhola.<\/p>\n<p>Este \u00edman n\u00e3o \u00e9 apenas um adorno atraente para qualquer superf\u00edcie met\u00e1lica, mas tamb\u00e9m se ergue como um s\u00edmbolo cultural, representando a biodiversidade e a beleza natural do sul de Espanha. O seu design alegre e fresco \u00e9 ideal para quem procura recorda\u00e7\u00f5es aut\u00eanticas da Andaluzia. Perfeito para lojas de presentes tur\u00edsticos, este \u00edman de resina torna-se uma recorda\u00e7\u00e3o representativa que captura a ess\u00eancia da regi\u00e3o e a sua rica tradi\u00e7\u00e3o art\u00edstica. Na Ol\u00e9 Mosaic, como distribuidores de souvenirs de qualidade por grosso, oferecemos este \u00edman de salamandras e flores, destacando a sua relev\u00e2ncia cultural e o seu apelo como um presente \u00fanico para os visitantes.<\/p>\n","protected":false},"excerpt":{"rendered":"<p>\u00cdman com um vibrante design de salamandras e flores. Este atraente \u00edman representa a rica cultura andaluza, fundindo motivos da natureza com o colorido estilo cer\u00e2mico t\u00edpico da regi\u00e3o. Pintado com estilo artesanal com detalhes coloridos em tons vermelhos, verdes e azuis, as salamandras est\u00e3o rodeadas por uma mistura de flores sobre uma base de mosaico que reflete a caracter\u00edstica arte decorativa espanhola. Ideal para adicionar um toque de frescura e criatividade a qualquer superf\u00edcie met\u00e1lica.<\/p>\n","protected":false},"featured_media":9569,"template":"","meta":{"_acf_changed":false},"product_brand":[],"product_cat":[699],"product_tag":[516],"class_list":{"0":"post-36881","1":"product","2":"type-product","3":"status-publish","4":"has-post-thumbnail","6":"product_cat-imanes","7":"product_tag-animais","8":"pa_motivo-salamandras","10":"first","11":"instock","12":"shipping-taxable","13":"product-type-simple"},"acf":[],"_links":{"self":[{"href":"https:\/\/olemosaic.orbitalia.org\/pt-pt\/wp-json\/wp\/v2\/product\/36881","targetHints":{"allow":["GET"]}}],"collection":[{"href":"https:\/\/olemosaic.orbitalia.org\/pt-pt\/wp-json\/wp\/v2\/product"}],"about":[{"href":"https:\/\/olemosaic.orbitalia.org\/pt-pt\/wp-json\/wp\/v2\/types\/product"}],"wp:featuredmedia":[{"embeddable":true,"href":"https:\/\/olemosaic.orbitalia.org\/pt-pt\/wp-json\/wp\/v2\/media\/9569"}],"wp:attachment":[{"href":"https:\/\/olemosaic.orbitalia.org\/pt-pt\/wp-json\/wp\/v2\/media?parent=36881"}],"wp:term":[{"taxonomy":"product_brand","embeddable":true,"href":"https:\/\/olemosaic.orbitalia.org\/pt-pt\/wp-json\/wp\/v2\/product_brand?post=36881"},{"taxonomy":"product_cat","embeddable":true,"href":"https:\/\/olemosaic.orbitalia.org\/pt-pt\/wp-json\/wp\/v2\/product_cat?post=36881"},{"taxonomy":"product_tag","embeddable":true,"href":"https:\/\/olemosaic.orbitalia.org\/pt-pt\/wp-json\/wp\/v2\/product_tag?post=36881"}],"curies":[{"name":"wp","href":"https:\/\/api.w.org\/{rel}","templated":true}]}}