{"id":36879,"date":"2025-02-20T23:36:20","date_gmt":"2025-02-20T22:36:20","guid":{"rendered":"https:\/\/olemosaic.orbitalia.org\/producto\/iman-de-resina-salamandra-12-cm-4\/"},"modified":"2025-07-25T18:51:50","modified_gmt":"2025-07-25T16:51:50","slug":"iman-de-resina-salamandra-12-cm-4-pt-pt","status":"publish","type":"product","link":"https:\/\/olemosaic.orbitalia.org\/pt-pt\/produto\/iman-de-resina-salamandra-12-cm-4-pt-pt\/","title":{"rendered":"\u00cdman de resina. Salamandra. Gaud\u00ed. 12 cm."},"content":{"rendered":"<p>\u00cdman de resina com forma de salamandra, de design vibrante que evoca a riqueza da arte de Gaud\u00ed e a cultura espanhola. Com dimens\u00f5es de 12 cm, este \u00edman destaca-se pelo seu colorido mosaico, apresentado numa paleta de cores intensas que inclui vermelho, verde, azul e amarelo, criando um efeito visual surpreendente. A decora\u00e7\u00e3o da salamandra captura n\u00e3o s\u00f3 a ess\u00eancia da fauna mediterr\u00e2nica, mas tamb\u00e9m a tradi\u00e7\u00e3o do mosaico catal\u00e3o, t\u00e9cnica que Gaud\u00ed popularizou nas suas emblem\u00e1ticas obras arquitet\u00f3nicas, como o Parque G\u00fcell.<\/p>\n<p>Este \u00edman n\u00e3o \u00e9 apenas um acess\u00f3rio funcional, mas tamb\u00e9m uma pe\u00e7a art\u00edstica que adiciona um toque chamativo a qualquer superf\u00edcie met\u00e1lica, seja no frigor\u00edfico ou num escrit\u00f3rio. A salamandra, s\u00edmbolo de transforma\u00e7\u00e3o e criatividade, \u00e9 uma recorda\u00e7\u00e3o perfeita dos momentos especiais vividos em Espanha, tornando-a um souvenir ideal para turistas que procuram autenticidade e beleza nas suas recorda\u00e7\u00f5es.<\/p>\n<p>Na Ol\u00e9 Mosaic, somos especialistas na distribui\u00e7\u00e3o de souvenirs por grosso e este \u00edman de salamandra \u00e9 uma excelente op\u00e7\u00e3o para lojas de presentes tur\u00edsticos que desejem oferecer aos seus clientes um produto representativo da riqueza cultural de Espanha. Com o seu design \u00fanico e relevante liga\u00e7\u00e3o cultural, este \u00edman posiciona-se como um souvenir atraente e aut\u00eantico que certamente captar\u00e1 a aten\u00e7\u00e3o de quem procura um peda\u00e7o da cultura espanhola.<\/p>\n","protected":false},"excerpt":{"rendered":"<p>\u00cdman com forma de salamandra, que se destaca pelo seu colorido mosaico. Com dimens\u00f5es de 12 cm, este \u00edman apresenta um design vibrante que captura a ess\u00eancia da cultura espanhola, evocando a riqueza da arte de Gaud\u00ed. A salamandra est\u00e1 decorada com padr\u00f5es de cores intensas, como o vermelho, o verde e o azul, e dar\u00e1 um toque chamativo a qualquer superf\u00edcie met\u00e1lica. Ideal para recordar momentos especiais da sua visita a Espanha.<\/p>\n","protected":false},"featured_media":9259,"template":"","meta":{"_acf_changed":false},"product_brand":[],"product_cat":[699],"product_tag":[516],"class_list":{"0":"post-36879","1":"product","2":"type-product","3":"status-publish","4":"has-post-thumbnail","6":"product_cat-imanes","7":"product_tag-animais","8":"pa_motivo-salamandras","10":"first","11":"instock","12":"shipping-taxable","13":"product-type-simple"},"acf":[],"_links":{"self":[{"href":"https:\/\/olemosaic.orbitalia.org\/pt-pt\/wp-json\/wp\/v2\/product\/36879","targetHints":{"allow":["GET"]}}],"collection":[{"href":"https:\/\/olemosaic.orbitalia.org\/pt-pt\/wp-json\/wp\/v2\/product"}],"about":[{"href":"https:\/\/olemosaic.orbitalia.org\/pt-pt\/wp-json\/wp\/v2\/types\/product"}],"wp:featuredmedia":[{"embeddable":true,"href":"https:\/\/olemosaic.orbitalia.org\/pt-pt\/wp-json\/wp\/v2\/media\/9259"}],"wp:attachment":[{"href":"https:\/\/olemosaic.orbitalia.org\/pt-pt\/wp-json\/wp\/v2\/media?parent=36879"}],"wp:term":[{"taxonomy":"product_brand","embeddable":true,"href":"https:\/\/olemosaic.orbitalia.org\/pt-pt\/wp-json\/wp\/v2\/product_brand?post=36879"},{"taxonomy":"product_cat","embeddable":true,"href":"https:\/\/olemosaic.orbitalia.org\/pt-pt\/wp-json\/wp\/v2\/product_cat?post=36879"},{"taxonomy":"product_tag","embeddable":true,"href":"https:\/\/olemosaic.orbitalia.org\/pt-pt\/wp-json\/wp\/v2\/product_tag?post=36879"}],"curies":[{"name":"wp","href":"https:\/\/api.w.org\/{rel}","templated":true}]}}