{"id":36878,"date":"2025-02-20T23:36:20","date_gmt":"2025-02-20T22:36:20","guid":{"rendered":"https:\/\/olemosaic.orbitalia.org\/producto\/iman-de-resina-salamandra-12-cm-3\/"},"modified":"2025-07-25T19:17:49","modified_gmt":"2025-07-25T17:17:49","slug":"iman-de-resina-salamandra-12-cm-3-pt-pt","status":"publish","type":"product","link":"https:\/\/olemosaic.orbitalia.org\/pt-pt\/produto\/iman-de-resina-salamandra-12-cm-3-pt-pt\/","title":{"rendered":"\u00cdman de resina. Salamandra. Mosaico. 12 cm."},"content":{"rendered":"<p>\u00cdman de resina com forma de salamandra, inspirado na vibrante arte do mosaico espanhol. Este atraente souvenir, de 12 cm, destaca-se pelo seu design meticuloso e pela sua rica paleta de cores vivas, com vermelho, preto, roxo e toques de laranja, criando um efeito visual que captura a ess\u00eancia do folclore espanhol. A salamandra, s\u00edmbolo de transforma\u00e7\u00e3o e renascimento em diversas culturas, est\u00e1 fielmente representada neste \u00edman, onde os detalhes s\u00e3o enfatizados com um acabamento que simula os relevos naturais do animal, tornando-o um produto aut\u00eantico e atraente.<\/p>\n<p>Este \u00edman n\u00e3o \u00e9 apenas uma recorda\u00e7\u00e3o de uma viagem a Espanha, mas tamb\u00e9m uma pe\u00e7a de arte que real\u00e7a a tradi\u00e7\u00e3o dos mosaicos na decora\u00e7\u00e3o espanhola. As salamandras, presentes em muitas obras art\u00edsticas e arquitet\u00f3nicas, s\u00e3o tradicionais em diversas regi\u00f5es do pa\u00eds, o que torna este souvenir uma express\u00e3o genu\u00edna do patrim\u00f3nio cultural espanhol. Seja para adornar um frigor\u00edfico ou como parte de uma cole\u00e7\u00e3o de recorda\u00e7\u00f5es, este \u00edman \u00e9 uma excelente op\u00e7\u00e3o para turistas que procuram pe\u00e7as \u00fanicas e com significado.<\/p>\n<p>Na Ol\u00e9 Mosaic especializamo-neos na distribui\u00e7\u00e3o de souvenirs por grosso, e este \u00edman de salamandra \u00e9 uma excelente escolha para lojas de presentes tur\u00edsticos que procuram oferecer produtos aut\u00eanticos e de qualidade. Com os nossos souvenirs de resina, garantimos um toque de artesanato espanhol em cada pe\u00e7a.<\/p>\n","protected":false},"excerpt":{"rendered":"<p>\u00cdman com forma de salamandra, desenhado como um vibrante mosaico que evoca a tradi\u00e7\u00e3o art\u00edstica espanhola. Mede 12 cm e apresenta uma atraente combina\u00e7\u00e3o de cores vivas, como o vermelho, preto, roxo e toques de laranja. Este \u00edman destaca-se pelo seu acabamento detalhado, que simula os relevos de uma salamandra, tornando-o o souvenir perfeito para capturar a ess\u00eancia do folclore espanhol.<\/p>\n","protected":false},"featured_media":9260,"template":"","meta":{"_acf_changed":false},"product_brand":[],"product_cat":[699],"product_tag":[516],"class_list":{"0":"post-36878","1":"product","2":"type-product","3":"status-publish","4":"has-post-thumbnail","6":"product_cat-imanes","7":"product_tag-animais","8":"pa_motivo-salamandras","10":"first","11":"instock","12":"shipping-taxable","13":"product-type-simple"},"acf":[],"_links":{"self":[{"href":"https:\/\/olemosaic.orbitalia.org\/pt-pt\/wp-json\/wp\/v2\/product\/36878","targetHints":{"allow":["GET"]}}],"collection":[{"href":"https:\/\/olemosaic.orbitalia.org\/pt-pt\/wp-json\/wp\/v2\/product"}],"about":[{"href":"https:\/\/olemosaic.orbitalia.org\/pt-pt\/wp-json\/wp\/v2\/types\/product"}],"wp:featuredmedia":[{"embeddable":true,"href":"https:\/\/olemosaic.orbitalia.org\/pt-pt\/wp-json\/wp\/v2\/media\/9260"}],"wp:attachment":[{"href":"https:\/\/olemosaic.orbitalia.org\/pt-pt\/wp-json\/wp\/v2\/media?parent=36878"}],"wp:term":[{"taxonomy":"product_brand","embeddable":true,"href":"https:\/\/olemosaic.orbitalia.org\/pt-pt\/wp-json\/wp\/v2\/product_brand?post=36878"},{"taxonomy":"product_cat","embeddable":true,"href":"https:\/\/olemosaic.orbitalia.org\/pt-pt\/wp-json\/wp\/v2\/product_cat?post=36878"},{"taxonomy":"product_tag","embeddable":true,"href":"https:\/\/olemosaic.orbitalia.org\/pt-pt\/wp-json\/wp\/v2\/product_tag?post=36878"}],"curies":[{"name":"wp","href":"https:\/\/api.w.org\/{rel}","templated":true}]}}