{"id":36877,"date":"2025-02-20T23:36:20","date_gmt":"2025-02-20T22:36:20","guid":{"rendered":"https:\/\/olemosaic.orbitalia.org\/producto\/iman-de-resina-salamandra-12-cm-2\/"},"modified":"2025-07-25T19:43:06","modified_gmt":"2025-07-25T17:43:06","slug":"iman-de-resina-salamandra-12-cm-2-pt-pt","status":"publish","type":"product","link":"https:\/\/olemosaic.orbitalia.org\/pt-pt\/produto\/iman-de-resina-salamandra-12-cm-2-pt-pt\/","title":{"rendered":"\u00cdman de resina. Salamandra. Azulejos. 12 cm."},"content":{"rendered":"<p>\u00cdman de resina com forma de salamandra de 12 cm. Este vibrante \u00edman capta a ess\u00eancia da arte e da fauna mediterr\u00e2nica, com um design meticulosamente inspirado nos azulejos t\u00edpicos da cultura espanhola. Com um tamanho de 12 cm, a salamandra est\u00e1 decorada com um encantador padr\u00e3o de mosaico que combina cores intensas como o azul, verde, amarelo e vermelho, criando uma pe\u00e7a visualmente chamativa e cheia de vida. Cada detalhe do seu design real\u00e7a a destreza artesanal que caracteriza os souvenirs de Espanha, tornando-o um excelente adorno para o lar ou um presente para quem deseje levar um peda\u00e7o do Mediterr\u00e2neo. A salamandra, s\u00edmbolo de fertilidade e renova\u00e7\u00e3o em diversas culturas, acrescenta um significado especial a esta recorda\u00e7\u00e3o, tornando-a ainda mais significativa. Este \u00edman \u00e9 perfeito para turistas que procuram souvenirs aut\u00eanticos que reflitam a rica heran\u00e7a cultural de Espanha. Na Ol\u00e9 Mosaic, como grossista de souvenirs, oferecemos produtos que se destacam pela sua qualidade e autenticidade, assegurando que cada pe\u00e7a, como este \u00edman de resina de salamandra, seja uma recorda\u00e7\u00e3o representativa e inesquec\u00edvel da sua visita.<\/p>\n","protected":false},"excerpt":{"rendered":"<p>\u00cdman com forma de salamandra, de 12 cm. Este colorido \u00edman apresenta um design inspirado nos azulejos t\u00edpicos da cultura espanhola, com uma variedade de cores vibrantes como azuis, verdes, amarelos e vermelhos. A salamandra est\u00e1 meticulosamente decorada com um padr\u00e3o de mosaico, o que lhe confere um apelo visual \u00fanico. \u00c9 perfeito como recorda\u00e7\u00e3o ou adorno para qualquer espa\u00e7o, capturando a ess\u00eancia da arte e da fauna mediterr\u00e2nica.<\/p>\n","protected":false},"featured_media":9258,"template":"","meta":{"_acf_changed":false},"product_brand":[],"product_cat":[699],"product_tag":[516],"class_list":{"0":"post-36877","1":"product","2":"type-product","3":"status-publish","4":"has-post-thumbnail","6":"product_cat-imanes","7":"product_tag-animais","8":"pa_motivo-salamandras","10":"first","11":"instock","12":"shipping-taxable","13":"product-type-simple"},"acf":[],"_links":{"self":[{"href":"https:\/\/olemosaic.orbitalia.org\/pt-pt\/wp-json\/wp\/v2\/product\/36877","targetHints":{"allow":["GET"]}}],"collection":[{"href":"https:\/\/olemosaic.orbitalia.org\/pt-pt\/wp-json\/wp\/v2\/product"}],"about":[{"href":"https:\/\/olemosaic.orbitalia.org\/pt-pt\/wp-json\/wp\/v2\/types\/product"}],"wp:featuredmedia":[{"embeddable":true,"href":"https:\/\/olemosaic.orbitalia.org\/pt-pt\/wp-json\/wp\/v2\/media\/9258"}],"wp:attachment":[{"href":"https:\/\/olemosaic.orbitalia.org\/pt-pt\/wp-json\/wp\/v2\/media?parent=36877"}],"wp:term":[{"taxonomy":"product_brand","embeddable":true,"href":"https:\/\/olemosaic.orbitalia.org\/pt-pt\/wp-json\/wp\/v2\/product_brand?post=36877"},{"taxonomy":"product_cat","embeddable":true,"href":"https:\/\/olemosaic.orbitalia.org\/pt-pt\/wp-json\/wp\/v2\/product_cat?post=36877"},{"taxonomy":"product_tag","embeddable":true,"href":"https:\/\/olemosaic.orbitalia.org\/pt-pt\/wp-json\/wp\/v2\/product_tag?post=36877"}],"curies":[{"name":"wp","href":"https:\/\/api.w.org\/{rel}","templated":true}]}}