{"id":36875,"date":"2025-02-20T23:36:20","date_gmt":"2025-02-20T22:36:20","guid":{"rendered":"https:\/\/olemosaic.orbitalia.org\/producto\/iman-de-resina-patio-2\/"},"modified":"2025-07-25T18:54:34","modified_gmt":"2025-07-25T16:54:34","slug":"iman-de-resina-patio-2-pt-pt","status":"publish","type":"product","link":"https:\/\/olemosaic.orbitalia.org\/pt-pt\/produto\/iman-de-resina-patio-2-pt-pt\/","title":{"rendered":"\u00cdman de resina. P\u00e1tio. Andaluzia."},"content":{"rendered":"<p>\u00cdman de resina com forma de leque, um evocativo souvenir que capta o ambiente festivo de Espanha. Este colorido \u00edman evoca a alegria e vivacidade da cultura andaluza. A ilustra\u00e7\u00e3o mostra uma encantadora cena num p\u00e1tio andaluz, onde dois bailarinos de flamenco, trajados com fatos tradicionais e cheios de movimento, dan\u00e7am com entusiasmo. A bailarina, com um vestido vermelho de bolinhas, segura um leque que complementa o seu traje, enquanto o seu companheiro, vestido de preto e branco, reflete a eleg\u00e2ncia do flamenco.<\/p>\n<p>O fundo do \u00edman est\u00e1 adornado com azulejos que imitam o caracter\u00edstico mosaico espanhol, ladeados por coloridos vasos de flores que acrescentam um toque vibrante ao design. Uma guitarra e um lampi\u00e3o evocam a m\u00fasica e o calor dos p\u00e1tios andaluzes, criando uma atmosfera aut\u00eantica e festiva. A palavra \u201cEspa\u00f1a\u201d ressalta em letras grandes, tornando este \u00edman na recorda\u00e7\u00e3o perfeita para quem deseja levar um pedacinho da cultura espanhola.<\/p>\n<p>A Ol\u00e9 Mosaic orgulha-se de oferecer este \u00edman como um souvenir de alta qualidade, ideal para lojas de presentes tur\u00edsticos que desejem oferecer produtos representativos de Espanha. Este \u00edman de resina n\u00e3o s\u00f3 \u00e9 uma excelente op\u00e7\u00e3o para recordar uma viagem, como tamb\u00e9m encarna a riqueza do patrim\u00f3nio cultural espanhol.<\/p>\n","protected":false},"excerpt":{"rendered":"<p>\u00cdman com forma de leque, que evoca o ambiente festivo de Espanha. Este colorido \u00edman apresenta uma cena vibrante num p\u00e1tio andaluz, onde dois bailarinos de flamenco, trajados com fatos tradicionais, dan\u00e7am com alegria. O fundo est\u00e1 decorado com azulejos ao estilo mosaico, ladeado por vasos com flores e uma guitarra, elementos que real\u00e7am o encanto cultural do sul de Espanha. Inclui a palavra &#8220;Espa\u00f1a&#8221; em letras destacadas, o que o torna uma recorda\u00e7\u00e3o perfeita.<\/p>\n","protected":false},"featured_media":9351,"template":"","meta":{"_acf_changed":false},"product_brand":[],"product_cat":[699],"product_tag":[],"class_list":{"0":"post-36875","1":"product","2":"type-product","3":"status-publish","4":"has-post-thumbnail","6":"product_cat-imanes","7":"pa_motivo-patios","9":"first","10":"instock","11":"shipping-taxable","12":"product-type-simple"},"acf":[],"_links":{"self":[{"href":"https:\/\/olemosaic.orbitalia.org\/pt-pt\/wp-json\/wp\/v2\/product\/36875","targetHints":{"allow":["GET"]}}],"collection":[{"href":"https:\/\/olemosaic.orbitalia.org\/pt-pt\/wp-json\/wp\/v2\/product"}],"about":[{"href":"https:\/\/olemosaic.orbitalia.org\/pt-pt\/wp-json\/wp\/v2\/types\/product"}],"wp:featuredmedia":[{"embeddable":true,"href":"https:\/\/olemosaic.orbitalia.org\/pt-pt\/wp-json\/wp\/v2\/media\/9351"}],"wp:attachment":[{"href":"https:\/\/olemosaic.orbitalia.org\/pt-pt\/wp-json\/wp\/v2\/media?parent=36875"}],"wp:term":[{"taxonomy":"product_brand","embeddable":true,"href":"https:\/\/olemosaic.orbitalia.org\/pt-pt\/wp-json\/wp\/v2\/product_brand?post=36875"},{"taxonomy":"product_cat","embeddable":true,"href":"https:\/\/olemosaic.orbitalia.org\/pt-pt\/wp-json\/wp\/v2\/product_cat?post=36875"},{"taxonomy":"product_tag","embeddable":true,"href":"https:\/\/olemosaic.orbitalia.org\/pt-pt\/wp-json\/wp\/v2\/product_tag?post=36875"}],"curies":[{"name":"wp","href":"https:\/\/api.w.org\/{rel}","templated":true}]}}