{"id":36874,"date":"2025-02-20T23:36:20","date_gmt":"2025-02-20T22:36:20","guid":{"rendered":"https:\/\/olemosaic.orbitalia.org\/producto\/iman-de-resina-letrero-barcelona-2\/"},"modified":"2025-07-25T20:28:09","modified_gmt":"2025-07-25T18:28:09","slug":"iman-de-resina-letreiro-barcelona-2","status":"publish","type":"product","link":"https:\/\/olemosaic.orbitalia.org\/pt-pt\/produto\/iman-de-resina-letreiro-barcelona-2\/","title":{"rendered":"\u00cdman de resina. Letreiro. Mosaico. Barcelona."},"content":{"rendered":"<p>\u00cdman de resina com um colorido letreiro &#8220;Barcelona&#8221;<\/p>\n<p>Este vibrante \u00edman de resina \u00e9 uma recorda\u00e7\u00e3o encantadora que destaca a palavra &#8220;Barcelona&#8221;, capturando a ess\u00eancia din\u00e2mica e colorida desta ic\u00f3nica cidade catal\u00e3. O seu design moderno e atraente caracteriza-se por letras numa variedade de cores brilhantes, cuidadosamente elaboradas para evocar a singularidade da arquitetura barcelonesa, especialmente a obra-prima de Antoni Gaud\u00ed. O fundo azul, que recorda o famoso trencad\u00eds, evoca a est\u00e9tica dos mosaicos que adornam locais emblem\u00e1ticos como o Park G\u00fcell e a Casa Batll\u00f3.<\/p>\n<p>Este \u00edman n\u00e3o \u00e9 um simples acess\u00f3rio; \u00e9 uma pequena obra de arte que presta homenagem \u00e0 identidade cultural de Barcelona. Ideal para adornar qualquer frigor\u00edfico ou superf\u00edcie met\u00e1lica, este atraente e contempor\u00e2neo souvenir torna-se um elemento decorativo que traz um toque da vibrante vida urbana da cidade ao seu lar. Perfeito para aqueles que procuram uma recorda\u00e7\u00e3o aut\u00eantica e representativa da sua visita, este \u00edman de Barcelona \u00e9 a op\u00e7\u00e3o ideal para turistas e amantes da cultura espanhola.<\/p>\n<p>Na Ol\u00e9 Mosaic, oferecemos este tipo de souvenirs de Barcelona por grosso, assegurando a sua autenticidade e qualidade. Este \u00edman, juntamente com outros produtos representativos, \u00e9 uma excelente escolha para lojas de presentes tur\u00edsticos que desejem oferecer aos seus clientes recorda\u00e7\u00f5es significativas e coloridas de uma das cidades mais fascinantes da Europa.<\/p>\n","protected":false},"excerpt":{"rendered":"<p>\u00cdman com um colorido letreiro que destaca a palavra &#8220;Barcelona&#8221;. Este atraente souvenir apresenta um design vibrante e moderno, com letras de diferentes cores que evocam a arquitetura ic\u00f3nica da cidade. O fundo azul, com um estilo semelhante ao trencad\u00eds caracter\u00edstico da obra de Gaud\u00ed, complementa o design, tornando este \u00edman numa recorda\u00e7\u00e3o perfeita da cultura e da arte barcelonesa. Ideal para adornar qualquer frigor\u00edfico ou superf\u00edcie met\u00e1lica.<\/p>\n","protected":false},"featured_media":9290,"template":"","meta":{"_acf_changed":false},"product_brand":[],"product_cat":[699],"product_tag":[],"class_list":{"0":"post-36874","1":"product","2":"type-product","3":"status-publish","4":"has-post-thumbnail","6":"product_cat-imanes","7":"pa_ciudad-barcelona","8":"pa_motivo-letreiros-de-cidades","9":"pa_pais-espana","11":"first","12":"instock","13":"shipping-taxable","14":"product-type-simple"},"acf":[],"_links":{"self":[{"href":"https:\/\/olemosaic.orbitalia.org\/pt-pt\/wp-json\/wp\/v2\/product\/36874","targetHints":{"allow":["GET"]}}],"collection":[{"href":"https:\/\/olemosaic.orbitalia.org\/pt-pt\/wp-json\/wp\/v2\/product"}],"about":[{"href":"https:\/\/olemosaic.orbitalia.org\/pt-pt\/wp-json\/wp\/v2\/types\/product"}],"wp:featuredmedia":[{"embeddable":true,"href":"https:\/\/olemosaic.orbitalia.org\/pt-pt\/wp-json\/wp\/v2\/media\/9290"}],"wp:attachment":[{"href":"https:\/\/olemosaic.orbitalia.org\/pt-pt\/wp-json\/wp\/v2\/media?parent=36874"}],"wp:term":[{"taxonomy":"product_brand","embeddable":true,"href":"https:\/\/olemosaic.orbitalia.org\/pt-pt\/wp-json\/wp\/v2\/product_brand?post=36874"},{"taxonomy":"product_cat","embeddable":true,"href":"https:\/\/olemosaic.orbitalia.org\/pt-pt\/wp-json\/wp\/v2\/product_cat?post=36874"},{"taxonomy":"product_tag","embeddable":true,"href":"https:\/\/olemosaic.orbitalia.org\/pt-pt\/wp-json\/wp\/v2\/product_tag?post=36874"}],"curies":[{"name":"wp","href":"https:\/\/api.w.org\/{rel}","templated":true}]}}