{"id":36857,"date":"2025-02-20T23:36:19","date_gmt":"2025-02-20T22:36:19","guid":{"rendered":"https:\/\/olemosaic.orbitalia.org\/producto\/iman-de-resina-toros-2\/"},"modified":"2025-07-25T18:56:57","modified_gmt":"2025-07-25T16:56:57","slug":"iman-de-resina-touros-2","status":"publish","type":"product","link":"https:\/\/olemosaic.orbitalia.org\/pt-pt\/produto\/iman-de-resina-touros-2\/","title":{"rendered":"\u00cdman de resina. Touros. Espanha."},"content":{"rendered":"<p>\u00cdman de resina colorido que representa um touro, s\u00edmbolo emblem\u00e1tico de Espanha. Este vibrante \u00edman captura a ess\u00eancia da cultura espanhola atrav\u00e9s de um design estilo mosaico que mistura tonalidades vermelhas, verdes, azuis e amarelas, evocando a alegria e o colorido do folclore do pa\u00eds. O touro, \u00edcone de for\u00e7a e tradi\u00e7\u00e3o, ergue-se perante uma paisagem repleta de flores vermelhas e um sol radiante, criando uma cena evocativa que celebra a heran\u00e7a cultural de Espanha. A representa\u00e7\u00e3o art\u00edstica destaca n\u00e3o s\u00f3 a majestosidade do touro, mas tamb\u00e9m a riqueza das cores, que relembram o calor do clima espanhol e a exuber\u00e2ncia das suas festividades.<\/p>\n<p>Este \u00edman n\u00e3o \u00e9 apenas um objeto decorativo ideal para adornar o seu frigor\u00edfico, mas tamb\u00e9m uma recorda\u00e7\u00e3o aut\u00eantica das suas viagens a Espanha, perfeito para quem procura souvenirs que encapsulem a verdadeira ess\u00eancia da pen\u00ednsula. Em cada detalhe do design, desde a meticulosa representa\u00e7\u00e3o do touro at\u00e9 \u00e0 alegoria do sol e das flores, reflete-se a paix\u00e3o e identidade do povo espanhol. Na Ol\u00e9 Mosaic, somos especialistas na distribui\u00e7\u00e3o de souvenirs por grosso, e este \u00edman de touro \u00e9 uma magn\u00edfica op\u00e7\u00e3o para lojas de presentes tur\u00edsticos, oferecendo aos seus clientes um peda\u00e7o da cultura espanhola que poder\u00e3o levar para casa como uma valiosa recorda\u00e7\u00e3o.<\/p>\n","protected":false},"excerpt":{"rendered":"<p>\u00cdman colorido que representa um touro, s\u00edmbolo emblem\u00e1tico de Espanha. Este atraente souvenir apresenta um design vibrante estilo mosaico, com tonalidades vermelhas, verdes, azuis e amarelas que evocam a alegria do folclore espanhol. Rodeado por uma paisagem com flores vermelhas e um sol radiante, este \u00edman captura a ess\u00eancia da cultura espanhola e \u00e9 perfeito para decorar o seu frigor\u00edfico ou para recordar as suas viagens a Espanha.<\/p>\n","protected":false},"featured_media":9572,"template":"","meta":{"_acf_changed":false},"product_brand":[],"product_cat":[699],"product_tag":[516],"class_list":{"0":"post-36857","1":"product","2":"type-product","3":"status-publish","4":"has-post-thumbnail","6":"product_cat-imanes","7":"product_tag-animais","8":"pa_motivo-touros","10":"first","11":"instock","12":"shipping-taxable","13":"product-type-simple"},"acf":[],"_links":{"self":[{"href":"https:\/\/olemosaic.orbitalia.org\/pt-pt\/wp-json\/wp\/v2\/product\/36857","targetHints":{"allow":["GET"]}}],"collection":[{"href":"https:\/\/olemosaic.orbitalia.org\/pt-pt\/wp-json\/wp\/v2\/product"}],"about":[{"href":"https:\/\/olemosaic.orbitalia.org\/pt-pt\/wp-json\/wp\/v2\/types\/product"}],"wp:featuredmedia":[{"embeddable":true,"href":"https:\/\/olemosaic.orbitalia.org\/pt-pt\/wp-json\/wp\/v2\/media\/9572"}],"wp:attachment":[{"href":"https:\/\/olemosaic.orbitalia.org\/pt-pt\/wp-json\/wp\/v2\/media?parent=36857"}],"wp:term":[{"taxonomy":"product_brand","embeddable":true,"href":"https:\/\/olemosaic.orbitalia.org\/pt-pt\/wp-json\/wp\/v2\/product_brand?post=36857"},{"taxonomy":"product_cat","embeddable":true,"href":"https:\/\/olemosaic.orbitalia.org\/pt-pt\/wp-json\/wp\/v2\/product_cat?post=36857"},{"taxonomy":"product_tag","embeddable":true,"href":"https:\/\/olemosaic.orbitalia.org\/pt-pt\/wp-json\/wp\/v2\/product_tag?post=36857"}],"curies":[{"name":"wp","href":"https:\/\/api.w.org\/{rel}","templated":true}]}}