{"id":36854,"date":"2025-02-20T23:36:19","date_gmt":"2025-02-20T22:36:19","guid":{"rendered":"https:\/\/olemosaic.orbitalia.org\/producto\/iman-de-resina-letrero-barcelona-11-cm\/"},"modified":"2025-07-25T20:15:28","modified_gmt":"2025-07-25T18:15:28","slug":"iman-de-resina-letreiro-barcelona-11-cm","status":"publish","type":"product","link":"https:\/\/olemosaic.orbitalia.org\/pt-pt\/produto\/iman-de-resina-letreiro-barcelona-11-cm\/","title":{"rendered":"\u00cdman de resina. Letreiro. Barcelona. 11 cm."},"content":{"rendered":"<p>\u00cdman de resina &#8220;Barcelona&#8221;<\/p>\n<p>Este vibrante \u00edman de resina, com forma de letreiro, \u00e9 uma representa\u00e7\u00e3o perfeita da ess\u00eancia de Barcelona, capturada num design \u00fanico. Com a palavra &#8220;Barcelona&#8221; a destacar-se em letras coloridas sobre um fundo azul profundo, este \u00edman mede 11 cm, o que o torna ideal para adornar qualquer superf\u00edcie met\u00e1lica, desde frigor\u00edficos a quadros magn\u00e9ticos. O design \u00e9 inspirado nos caracter\u00edsticos mosaicos da cidade, evocando a obra do famoso arquiteto Antoni Gaud\u00ed e ressoando com a rica heran\u00e7a art\u00edstica da regi\u00e3o.<\/p>\n<p>Cada letra \u00e9 decorada com uma paleta de cores brilhantes que transmitem a alegria e energia que Barcelona irradia, enquanto a base azul sugere o c\u00e9u mediterr\u00e2nico que abra\u00e7a a cidade. A t\u00e9cnica de resina utilizada na sua elabora\u00e7\u00e3o n\u00e3o s\u00f3 garante um acabamento atraente, mas tamb\u00e9m uma durabilidade que o torna uma recorda\u00e7\u00e3o pr\u00e1tica de qualquer visita a esta emblem\u00e1tica metr\u00f3pole.<\/p>\n<p>Este \u00edman n\u00e3o \u00e9 apenas um souvenir, mas uma pe\u00e7a aut\u00eantica que liga os turistas ao esp\u00edrito cultural da Catalunha. Ideal para quem procura um detalhe significativo que represente a sua estadia em Barcelona, este \u00edman de resina \u00e9 uma excelente op\u00e7\u00e3o para lojas de presentes tur\u00edsticos. Na Ol\u00e9 Mosaic, o nosso compromisso \u00e9 fornecer souvenirs de qualidade que reflitam a beleza e singularidade de Espanha, e este \u00edman \u00e9 uma amostra perfeita disso, destacando-se como uma atraente recorda\u00e7\u00e3o da vibrante Barcelona.<\/p>\n","protected":false},"excerpt":{"rendered":"<p>\u00cdman com forma de letreiro que reproduz a palavra &#8220;Barcelona&#8221; em letras coloridas sobre um fundo azul. Inspirado nos mosaicos da cidade, este \u00edman de 11 cm \u00e9 perfeito para decorar a sua casa ou como recorda\u00e7\u00e3o de uma visita \u00e0 vibrante Barcelona. As suas cores brilhantes e a t\u00e9cnica conferem-lhe um acabamento atraente e duradouro, ideal para mostrar a ess\u00eancia da cultura catal\u00e3.<\/p>\n","protected":false},"featured_media":9323,"template":"","meta":{"_acf_changed":false},"product_brand":[],"product_cat":[699],"product_tag":[],"class_list":{"0":"post-36854","1":"product","2":"type-product","3":"status-publish","4":"has-post-thumbnail","6":"product_cat-imanes","7":"pa_ciudad-barcelona","8":"pa_motivo-letreiros-de-cidades","9":"pa_pais-espana","11":"first","12":"instock","13":"shipping-taxable","14":"product-type-simple"},"acf":[],"_links":{"self":[{"href":"https:\/\/olemosaic.orbitalia.org\/pt-pt\/wp-json\/wp\/v2\/product\/36854","targetHints":{"allow":["GET"]}}],"collection":[{"href":"https:\/\/olemosaic.orbitalia.org\/pt-pt\/wp-json\/wp\/v2\/product"}],"about":[{"href":"https:\/\/olemosaic.orbitalia.org\/pt-pt\/wp-json\/wp\/v2\/types\/product"}],"wp:featuredmedia":[{"embeddable":true,"href":"https:\/\/olemosaic.orbitalia.org\/pt-pt\/wp-json\/wp\/v2\/media\/9323"}],"wp:attachment":[{"href":"https:\/\/olemosaic.orbitalia.org\/pt-pt\/wp-json\/wp\/v2\/media?parent=36854"}],"wp:term":[{"taxonomy":"product_brand","embeddable":true,"href":"https:\/\/olemosaic.orbitalia.org\/pt-pt\/wp-json\/wp\/v2\/product_brand?post=36854"},{"taxonomy":"product_cat","embeddable":true,"href":"https:\/\/olemosaic.orbitalia.org\/pt-pt\/wp-json\/wp\/v2\/product_cat?post=36854"},{"taxonomy":"product_tag","embeddable":true,"href":"https:\/\/olemosaic.orbitalia.org\/pt-pt\/wp-json\/wp\/v2\/product_tag?post=36854"}],"curies":[{"name":"wp","href":"https:\/\/api.w.org\/{rel}","templated":true}]}}