{"id":36853,"date":"2025-02-20T23:36:19","date_gmt":"2025-02-20T22:36:19","guid":{"rendered":"https:\/\/olemosaic.orbitalia.org\/producto\/iman-de-resina-letrero-barcelona\/"},"modified":"2025-07-25T19:50:45","modified_gmt":"2025-07-25T17:50:45","slug":"iman-de-resina-letreiro-barcelona","status":"publish","type":"product","link":"https:\/\/olemosaic.orbitalia.org\/pt-pt\/produto\/iman-de-resina-letreiro-barcelona\/","title":{"rendered":"\u00cdman de resina. Letreiro. Barcelona."},"content":{"rendered":"<p>\u00cdman de resina &#8220;Barcelona&#8221;<\/p>\n<p>Este \u00edman de resina &#8220;Barcelona&#8221; \u00e9 uma recorda\u00e7\u00e3o vibrante e colorida que captura a ess\u00eancia desta cidade ic\u00f3nica. Desenhado com um letreiro atraente que apresenta o nome &#8220;Barcelona&#8221;, este souvenir destaca-se pelo seu uso vivo de cores como o vermelho, o azul, o amarelo e o verde, inspirados nos famosos mosaicos que adornam as obras de Antoni Gaud\u00ed, um elemento distintivo do patrim\u00f3nio arquitet\u00f3nico da cidade. As letras, cuidadosamente elaboradas, disp\u00f5em-se sobre um fundo cer\u00e2mico em tons cinzentos subtis, evocando os azulejos de trencad\u00eds que caracterizam muitos locais emblem\u00e1ticos de Barcelona, como o Park G\u00fcell e a Casa Batll\u00f3.<\/p>\n<p>Este \u00edman n\u00e3o \u00e9 apenas uma excelente forma de decorar o seu frigor\u00edfico, mas tamb\u00e9m serve como um lembrete tang\u00edvel da vibrante e art\u00edstica cultura barcelonesa. Perfeito para quem deseja levar consigo um peda\u00e7o da hist\u00f3ria e da arte da cidade, este souvenir \u00e9 a op\u00e7\u00e3o ideal para turistas que procuram recorda\u00e7\u00f5es aut\u00eanticas e representativas. Na Ol\u00e9 Mosaic, orgulhamo-nos de oferecer souvenirs de qualidade por grosso, como este \u00edman que reflete a est\u00e9tica \u00fanica de Barcelona e a sua rica tradi\u00e7\u00e3o cultural. Um presente que certamente encantar\u00e1 qualquer visitante e que real\u00e7ar\u00e1 a sua experi\u00eancia nesta maravilhosa cidade.<\/p>\n","protected":false},"excerpt":{"rendered":"<p>\u00cdman com um letreiro colorido que destaca o nome &#8220;Barcelona&#8221;. Este atraente souvenir apresenta um design inspirado nos mosaicos t\u00edpicos da cidade, com letras em tons vibrantes de vermelho, azul, amarelo e verde, dispostas sobre um fundo cer\u00e2mico em tons cinzentos. Ideal para recordar a ess\u00eancia de Barcelona, este \u00edman \u00e9 perfeito para adornar o seu frigor\u00edfico e conferir um toque art\u00edstico e divertido a qualquer espa\u00e7o.<\/p>\n","protected":false},"featured_media":9289,"template":"","meta":{"_acf_changed":false},"product_brand":[],"product_cat":[699],"product_tag":[],"class_list":{"0":"post-36853","1":"product","2":"type-product","3":"status-publish","4":"has-post-thumbnail","6":"product_cat-imanes","7":"pa_ciudad-barcelona","8":"pa_motivo-letreiros-de-cidades","9":"pa_pais-espana","11":"first","12":"instock","13":"shipping-taxable","14":"product-type-simple"},"acf":[],"_links":{"self":[{"href":"https:\/\/olemosaic.orbitalia.org\/pt-pt\/wp-json\/wp\/v2\/product\/36853","targetHints":{"allow":["GET"]}}],"collection":[{"href":"https:\/\/olemosaic.orbitalia.org\/pt-pt\/wp-json\/wp\/v2\/product"}],"about":[{"href":"https:\/\/olemosaic.orbitalia.org\/pt-pt\/wp-json\/wp\/v2\/types\/product"}],"wp:featuredmedia":[{"embeddable":true,"href":"https:\/\/olemosaic.orbitalia.org\/pt-pt\/wp-json\/wp\/v2\/media\/9289"}],"wp:attachment":[{"href":"https:\/\/olemosaic.orbitalia.org\/pt-pt\/wp-json\/wp\/v2\/media?parent=36853"}],"wp:term":[{"taxonomy":"product_brand","embeddable":true,"href":"https:\/\/olemosaic.orbitalia.org\/pt-pt\/wp-json\/wp\/v2\/product_brand?post=36853"},{"taxonomy":"product_cat","embeddable":true,"href":"https:\/\/olemosaic.orbitalia.org\/pt-pt\/wp-json\/wp\/v2\/product_cat?post=36853"},{"taxonomy":"product_tag","embeddable":true,"href":"https:\/\/olemosaic.orbitalia.org\/pt-pt\/wp-json\/wp\/v2\/product_tag?post=36853"}],"curies":[{"name":"wp","href":"https:\/\/api.w.org\/{rel}","templated":true}]}}