{"id":36850,"date":"2025-02-20T22:36:18","date_gmt":"2025-02-20T22:36:18","guid":{"rendered":"https:\/\/olemosaic.orbitalia.org\/producto\/iman-de-pvc-salamandra-tenerife\/"},"modified":"2025-07-25T18:59:25","modified_gmt":"2025-07-25T16:59:25","slug":"iman-de-pvc-salamandra-tenerife-pt-pt","status":"publish","type":"product","link":"https:\/\/olemosaic.orbitalia.org\/pt-pt\/produto\/iman-de-pvc-salamandra-tenerife-pt-pt\/","title":{"rendered":"\u00cdman de PVC. Salamandra. Tenerife."},"content":{"rendered":"<p>\u00cdman de PVC com forma de salamandra de Tenerife. Este chamativo \u00edman presta homenagem \u00e0 diversidade natural das Ilhas Can\u00e1rias, com uma colorida ilustra\u00e7\u00e3o em design de mosaico que se destaca em tons azuis, verdes, vermelhos e amarelos. A salamandra, uma esp\u00e9cie emblem\u00e1tica do ecossistema de Tenerife, ganha vida nesta pe\u00e7a decorativa, simbolizando a rica fauna da regi\u00e3o. A palavra &#8220;Tenerife&#8221; aparece impressa em letras vistosas, acrescentando um toque alegre e significativo que capta a ess\u00eancia vibrante do destino.<\/p>\n<p>Fabricado em PVC, este \u00edman \u00e9 leve e resistente, ideal para adornar qualquer superf\u00edcie, desde frigor\u00edficos a quadros, e serve como um lembrete constante da beleza natural de Tenerife. O acabamento do produto garante durabilidade, tornando-o uma excelente recorda\u00e7\u00e3o para quem deseja levar um pedacinho da ilha.<\/p>\n<p>Na Ol\u00e9 Mosaic, especializamo-nos na distribui\u00e7\u00e3o de souvenirs de alta qualidade, e este \u00edman de salamandra \u00e9 uma op\u00e7\u00e3o perfeita para lojas de presentes tur\u00edsticos que procuram oferecer produtos aut\u00eanticos e representativos da cultura can\u00e1ria. Com este souvenir, os turistas podem levar consigo um peda\u00e7o de Tenerife, recordando as suas aventuras na ilha e a fascinante biodiversidade que a caracteriza.<\/p>\n","protected":false},"excerpt":{"rendered":"<p>\u00cdman de PVC com forma de salamandra, inspirado na fauna de Tenerife. Este vibrante \u00edman apresenta uma colorida ilustra\u00e7\u00e3o com design de mosaico em tons azuis, verdes, vermelhos e amarelos, evocando a rica biodiversidade das Ilhas Can\u00e1rias. A palavra &#8220;Tenerife&#8221; est\u00e1 impressa em letras chamativas, acrescentando um toque alegre. O seu acabamento resistente e leve torna-o um souvenir perfeito para decorar qualquer espa\u00e7o e recordar a beleza de Tenerife.<\/p>\n","protected":false},"featured_media":12064,"template":"","meta":{"_acf_changed":false},"product_brand":[],"product_cat":[699],"product_tag":[516],"class_list":{"0":"post-36850","1":"product","2":"type-product","3":"status-publish","4":"has-post-thumbnail","6":"product_cat-imanes","7":"product_tag-animais","8":"pa_ciudad-tenerife","9":"pa_motivo-salamandras","10":"pa_pais-espana","12":"first","13":"instock","14":"shipping-taxable","15":"product-type-simple"},"acf":[],"_links":{"self":[{"href":"https:\/\/olemosaic.orbitalia.org\/pt-pt\/wp-json\/wp\/v2\/product\/36850","targetHints":{"allow":["GET"]}}],"collection":[{"href":"https:\/\/olemosaic.orbitalia.org\/pt-pt\/wp-json\/wp\/v2\/product"}],"about":[{"href":"https:\/\/olemosaic.orbitalia.org\/pt-pt\/wp-json\/wp\/v2\/types\/product"}],"wp:featuredmedia":[{"embeddable":true,"href":"https:\/\/olemosaic.orbitalia.org\/pt-pt\/wp-json\/wp\/v2\/media\/12064"}],"wp:attachment":[{"href":"https:\/\/olemosaic.orbitalia.org\/pt-pt\/wp-json\/wp\/v2\/media?parent=36850"}],"wp:term":[{"taxonomy":"product_brand","embeddable":true,"href":"https:\/\/olemosaic.orbitalia.org\/pt-pt\/wp-json\/wp\/v2\/product_brand?post=36850"},{"taxonomy":"product_cat","embeddable":true,"href":"https:\/\/olemosaic.orbitalia.org\/pt-pt\/wp-json\/wp\/v2\/product_cat?post=36850"},{"taxonomy":"product_tag","embeddable":true,"href":"https:\/\/olemosaic.orbitalia.org\/pt-pt\/wp-json\/wp\/v2\/product_tag?post=36850"}],"curies":[{"name":"wp","href":"https:\/\/api.w.org\/{rel}","templated":true}]}}