{"id":36848,"date":"2025-02-20T22:36:18","date_gmt":"2025-02-20T22:36:18","guid":{"rendered":"https:\/\/olemosaic.orbitalia.org\/producto\/iman-de-pvc-salamandra-valencia\/"},"modified":"2025-07-25T18:53:50","modified_gmt":"2025-07-25T16:53:50","slug":"iman-de-pvc-salamandra-valencia-pt-pt","status":"publish","type":"product","link":"https:\/\/olemosaic.orbitalia.org\/pt-pt\/produto\/iman-de-pvc-salamandra-valencia-pt-pt\/","title":{"rendered":"\u00cdman de PVC. Salamandra. Val\u00eancia."},"content":{"rendered":"<p>\u00cdman de PVC de salamandra de Val\u00eancia.<\/p>\n<p>Este vibrante \u00edman de PVC com forma de salamandra \u00e9 uma excelente representa\u00e7\u00e3o da fauna t\u00edpica da regi\u00e3o de Val\u00eancia. O seu design colorido destaca-se com uma variedade de padr\u00f5es de mosaico que evocam a riqueza cultural e art\u00edstica desta encantadora cidade. A salamandra, s\u00edmbolo da biodiversidade local, est\u00e1 representada numa explos\u00e3o de cores que incluem azuis, verdes, vermelhos e amarelos, captando a aten\u00e7\u00e3o e acrescentando alegria a qualquer superf\u00edcie met\u00e1lica, especialmente ao seu frigor\u00edfico.<\/p>\n<p>A palavra &#8220;Valencia&#8221; est\u00e1 integrada de forma divertida e colorida na parte central do \u00edman, harmonizando na perfei\u00e7\u00e3o com o resto do design e real\u00e7ando a identidade desta cidade mediterr\u00e2nica. Este \u00edman n\u00e3o \u00e9 apenas um acess\u00f3rio decorativo, mas tamb\u00e9m uma recorda\u00e7\u00e3o representativa e aut\u00eantica de Val\u00eancia, ideal para quem deseja levar um peda\u00e7o da cultura valenciana para as suas casas.<\/p>\n<p>Compat\u00edvel com qualquer \u00edman, este souvenir de salamandra \u00e9 uma op\u00e7\u00e3o perfeita para turistas e visitantes que procuram um detalhe t\u00edpico e significativo que comemore a sua estadia na regi\u00e3o. Na Ol\u00e9 Mosaic, estamos comprometidos em fornecer souvenirs aut\u00eanticos e de qualidade por grosso, e este \u00edman de salamandra \u00e9 uma pe\u00e7a que certamente atrair\u00e1 lojas de presentes tur\u00edsticos interessadas em produtos que celebrem a rica heran\u00e7a cultural de Val\u00eancia.<\/p>\n","protected":false},"excerpt":{"rendered":"<p>\u00cdman de PVC com forma de salamandra, que representa a fauna t\u00edpica valenciana. Este colorido \u00edman apresenta um design vibrante com padr\u00f5es de mosaico numa variedade de cores que evocam a riqueza cultural da regi\u00e3o. A palavra &#8220;Valencia&#8221; est\u00e1 incorporada num estilo divertido, seguindo os tons brilhantes da pe\u00e7a. Ideal para adornar o seu frigor\u00edfico e recordar o encanto de Val\u00eancia a cada olhar.<\/p>\n","protected":false},"featured_media":12076,"template":"","meta":{"_acf_changed":false},"product_brand":[],"product_cat":[699],"product_tag":[516],"class_list":{"0":"post-36848","1":"product","2":"type-product","3":"status-publish","4":"has-post-thumbnail","6":"product_cat-imanes","7":"product_tag-animais","8":"pa_ciudad-valencia","9":"pa_motivo-salamandras","10":"pa_pais-espana","12":"first","13":"instock","14":"shipping-taxable","15":"product-type-simple"},"acf":[],"_links":{"self":[{"href":"https:\/\/olemosaic.orbitalia.org\/pt-pt\/wp-json\/wp\/v2\/product\/36848","targetHints":{"allow":["GET"]}}],"collection":[{"href":"https:\/\/olemosaic.orbitalia.org\/pt-pt\/wp-json\/wp\/v2\/product"}],"about":[{"href":"https:\/\/olemosaic.orbitalia.org\/pt-pt\/wp-json\/wp\/v2\/types\/product"}],"wp:featuredmedia":[{"embeddable":true,"href":"https:\/\/olemosaic.orbitalia.org\/pt-pt\/wp-json\/wp\/v2\/media\/12076"}],"wp:attachment":[{"href":"https:\/\/olemosaic.orbitalia.org\/pt-pt\/wp-json\/wp\/v2\/media?parent=36848"}],"wp:term":[{"taxonomy":"product_brand","embeddable":true,"href":"https:\/\/olemosaic.orbitalia.org\/pt-pt\/wp-json\/wp\/v2\/product_brand?post=36848"},{"taxonomy":"product_cat","embeddable":true,"href":"https:\/\/olemosaic.orbitalia.org\/pt-pt\/wp-json\/wp\/v2\/product_cat?post=36848"},{"taxonomy":"product_tag","embeddable":true,"href":"https:\/\/olemosaic.orbitalia.org\/pt-pt\/wp-json\/wp\/v2\/product_tag?post=36848"}],"curies":[{"name":"wp","href":"https:\/\/api.w.org\/{rel}","templated":true}]}}