{"id":36847,"date":"2025-02-20T22:36:18","date_gmt":"2025-02-20T22:36:18","guid":{"rendered":"https:\/\/olemosaic.orbitalia.org\/producto\/iman-de-metal-toro-mallorca-plata-8-cm\/"},"modified":"2025-07-25T18:50:59","modified_gmt":"2025-07-25T16:50:59","slug":"iman-de-metal-touro-maiorca-prata-8-cm","status":"publish","type":"product","link":"https:\/\/olemosaic.orbitalia.org\/pt-pt\/produto\/iman-de-metal-touro-maiorca-prata-8-cm\/","title":{"rendered":"\u00cdman de metal. Touro. Maiorca. Prata. 8 cm."},"content":{"rendered":"<p>\u00cdman de metal vibrante de touros de Maiorca<\/p>\n<p>Este \u00edman de metal representa a rica tradi\u00e7\u00e3o cultural de Maiorca atrav\u00e9s de um design cativante que captura a ess\u00eancia da ilha. Com um tamanho de 8 cm, esta pe\u00e7a destaca-se pela sua t\u00e9cnica de mosaico, que utiliza cores brilhantes e en\u00e9rgicas para ilustrar dois touros em movimento. Um dos touros, em tons quentes de vermelho e laranja, simboliza a paix\u00e3o e a for\u00e7a da cultura local, enquanto o outro, desenhado com cores frias como verdes e azuis, oferece um atraente contraste visual que real\u00e7a a arte.<\/p>\n<p>A palavra &#8220;MALLORCA&#8221; est\u00e1 elegantemente impressa na parte superior, acrescentando um toque distintivo e pessoal a este souvenir, tornando-o uma excelente op\u00e7\u00e3o para quem procura uma recorda\u00e7\u00e3o aut\u00eantica da ilha. O fundo de textura branca proporciona uma moldura interessante, dando profundidade \u00e0 obra e real\u00e7ando cada um dos touros. Este \u00edman n\u00e3o \u00e9 apenas um acess\u00f3rio decorativo, mas um aut\u00eantico s\u00edmbolo da cultura balear que permite aos turistas recordar a sua visita a Maiorca.<\/p>\n<p>Na Ol\u00e9 Mosaic, especializamo-nos na distribui\u00e7\u00e3o de souvenirs por grosso, oferecendo produtos que refletem a riqueza cultural e a autenticidade de regi\u00f5es como esta. Este \u00edman de touros \u00e9 ideal para lojas de presentes tur\u00edsticos que procuram pe\u00e7as \u00fanicas e representativas de Maiorca, garantindo que cada cliente leve um peda\u00e7o da ilha para o seu lar.<\/p>\n","protected":false},"excerpt":{"rendered":"<p>\u00cdman met\u00e1lico com um vibrante design de touros que representa a tradi\u00e7\u00e3o e cultura de Maiorca. Este \u00edman de 8 cm destaca-se pela sua t\u00e9cnica de mosaico em cores brilhantes, onde dois touros, um em tons quentes e outro em cores frias, luzem en\u00e9rgicos sobre um fundo de texturas brancas. A palavra &#8220;MALLORCA&#8221; encontra-se elegantemente impressa na parte superior, acrescentando um toque distintivo a este souvenir ideal para recordar a ess\u00eancia da ilha.<\/p>\n","protected":false},"featured_media":9971,"template":"","meta":{"_acf_changed":false},"product_brand":[],"product_cat":[699],"product_tag":[516],"class_list":{"0":"post-36847","1":"product","2":"type-product","3":"status-publish","4":"has-post-thumbnail","6":"product_cat-imanes","7":"product_tag-animais","8":"pa_ciudad-mallorca","9":"pa_motivo-touros","10":"pa_pais-espana","12":"first","13":"instock","14":"shipping-taxable","15":"product-type-simple"},"acf":[],"_links":{"self":[{"href":"https:\/\/olemosaic.orbitalia.org\/pt-pt\/wp-json\/wp\/v2\/product\/36847","targetHints":{"allow":["GET"]}}],"collection":[{"href":"https:\/\/olemosaic.orbitalia.org\/pt-pt\/wp-json\/wp\/v2\/product"}],"about":[{"href":"https:\/\/olemosaic.orbitalia.org\/pt-pt\/wp-json\/wp\/v2\/types\/product"}],"wp:featuredmedia":[{"embeddable":true,"href":"https:\/\/olemosaic.orbitalia.org\/pt-pt\/wp-json\/wp\/v2\/media\/9971"}],"wp:attachment":[{"href":"https:\/\/olemosaic.orbitalia.org\/pt-pt\/wp-json\/wp\/v2\/media?parent=36847"}],"wp:term":[{"taxonomy":"product_brand","embeddable":true,"href":"https:\/\/olemosaic.orbitalia.org\/pt-pt\/wp-json\/wp\/v2\/product_brand?post=36847"},{"taxonomy":"product_cat","embeddable":true,"href":"https:\/\/olemosaic.orbitalia.org\/pt-pt\/wp-json\/wp\/v2\/product_cat?post=36847"},{"taxonomy":"product_tag","embeddable":true,"href":"https:\/\/olemosaic.orbitalia.org\/pt-pt\/wp-json\/wp\/v2\/product_tag?post=36847"}],"curies":[{"name":"wp","href":"https:\/\/api.w.org\/{rel}","templated":true}]}}