{"id":36844,"date":"2025-02-20T23:36:17","date_gmt":"2025-02-20T22:36:17","guid":{"rendered":"https:\/\/olemosaic.orbitalia.org\/producto\/iman-de-metal-toro-mijas-negro-8-cm-2\/"},"modified":"2025-07-25T19:04:41","modified_gmt":"2025-07-25T17:04:41","slug":"iman-de-metal-touro-mijas-preto-8-cm-2","status":"publish","type":"product","link":"https:\/\/olemosaic.orbitalia.org\/pt-pt\/produto\/iman-de-metal-touro-mijas-preto-8-cm-2\/","title":{"rendered":"\u00cdman de metal. Touro. Mijas. Preto. Espanha. 8 cm."},"content":{"rendered":"<p>\u00cdman de metal de 8 cm com a figura de um touro colorido, um s\u00edmbolo ic\u00f3nico da cultura espanhola. Este atraente \u00edman, inspirado na beleza de Mijas, apresenta um design com efeito de mosaico que real\u00e7a a sua singularidade. A figura do touro, conhecido pela sua for\u00e7a e car\u00e1ter, \u00e9 meticulosamente desenhada com uma paleta de cores vibrante que captura a ess\u00eancia da arte andaluza, criando um contraste visual impactante com a base preta que o rodeia. Al\u00e9m disso, o nome &#8220;MIJAS&#8221;, em letras grandes e chamativas, acrescenta um toque distintivo que o torna uma recorda\u00e7\u00e3o inesquec\u00edvel.<\/p>\n<p>Este \u00edman n\u00e3o \u00e9 apenas um objeto decorativo, mas um aut\u00eantico souvenir que recorda a riqueza cultural e a tradi\u00e7\u00e3o espanhola. A figura do touro \u00e9 um s\u00edmbolo inconfund\u00edvel de Espanha, representando a paix\u00e3o, a coragem e a arte da tauromaquia. Na Ol\u00e9 Mosaic, como distribuidores de souvenirs por grosso, oferecemos este \u00edman como uma op\u00e7\u00e3o perfeita para lojas de presentes tur\u00edsticos que procuram produtos aut\u00eanticos e representativos da cultura espanhola. Cada \u00edman \u00e9 uma recorda\u00e7\u00e3o tang\u00edvel da visita a Mijas, ideal para quem deseja levar um peda\u00e7o de Espanha para casa.<\/p>\n","protected":false},"excerpt":{"rendered":"<p>\u00cdman de metal de 8 cm que representa um touro colorido, s\u00edmbolo da cultura espanhola, desenhado com um efeito de mosaico. Este atraente \u00edman, inspirado em Mijas, conta com uma base preta que real\u00e7a as cores vibrantes do touro, criando um contraste visual impactante. A inclus\u00e3o do nome &#8220;MIJAS&#8221; em letras grandes d\u00e1-lhe um toque distintivo, ideal para levar um peda\u00e7o de Espanha para o seu lar.<\/p>\n","protected":false},"featured_media":9999,"template":"","meta":{"_acf_changed":false},"product_brand":[],"product_cat":[699],"product_tag":[516],"class_list":{"0":"post-36844","1":"product","2":"type-product","3":"status-publish","4":"has-post-thumbnail","6":"product_cat-imanes","7":"product_tag-animais","8":"pa_ciudad-mijas","9":"pa_motivo-touros","10":"pa_pais-espana","12":"first","13":"instock","14":"shipping-taxable","15":"product-type-simple"},"acf":[],"_links":{"self":[{"href":"https:\/\/olemosaic.orbitalia.org\/pt-pt\/wp-json\/wp\/v2\/product\/36844","targetHints":{"allow":["GET"]}}],"collection":[{"href":"https:\/\/olemosaic.orbitalia.org\/pt-pt\/wp-json\/wp\/v2\/product"}],"about":[{"href":"https:\/\/olemosaic.orbitalia.org\/pt-pt\/wp-json\/wp\/v2\/types\/product"}],"wp:featuredmedia":[{"embeddable":true,"href":"https:\/\/olemosaic.orbitalia.org\/pt-pt\/wp-json\/wp\/v2\/media\/9999"}],"wp:attachment":[{"href":"https:\/\/olemosaic.orbitalia.org\/pt-pt\/wp-json\/wp\/v2\/media?parent=36844"}],"wp:term":[{"taxonomy":"product_brand","embeddable":true,"href":"https:\/\/olemosaic.orbitalia.org\/pt-pt\/wp-json\/wp\/v2\/product_brand?post=36844"},{"taxonomy":"product_cat","embeddable":true,"href":"https:\/\/olemosaic.orbitalia.org\/pt-pt\/wp-json\/wp\/v2\/product_cat?post=36844"},{"taxonomy":"product_tag","embeddable":true,"href":"https:\/\/olemosaic.orbitalia.org\/pt-pt\/wp-json\/wp\/v2\/product_tag?post=36844"}],"curies":[{"name":"wp","href":"https:\/\/api.w.org\/{rel}","templated":true}]}}