{"id":36838,"date":"2025-02-20T23:36:16","date_gmt":"2025-02-20T22:36:16","guid":{"rendered":"https:\/\/olemosaic.orbitalia.org\/producto\/iman-de-metal-panoramica-barcelona-plata-8-cm-7\/"},"modified":"2025-07-25T20:12:29","modified_gmt":"2025-07-25T18:12:29","slug":"iman-de-metal-panoramica-barcelona-prata-8-cm-7","status":"publish","type":"product","link":"https:\/\/olemosaic.orbitalia.org\/pt-pt\/produto\/iman-de-metal-panoramica-barcelona-prata-8-cm-7\/","title":{"rendered":"\u00cdman de metal. Panor\u00e2mica. Mosaico. Barcelona. Prata. 8 cm."},"content":{"rendered":"<p>\u00cdman de metal panor\u00e2mico de Barcelona. Este vibrante \u00edman, de 8 cm, apresenta uma colorida ilustra\u00e7\u00e3o em mosaico que capta a ess\u00eancia da Cidade Condal. No design destacam-se os majestosos contornos da emblem\u00e1tica Sagrada Fam\u00edlia, o caracter\u00edstico Edif\u00edcio Agbar e o famoso Park G\u00fcell, que oferecem uma viagem visual aos \u00edcones arquitet\u00f3nicos mais representativos de Barcelona. Tamb\u00e9m se inclui o colorido lagarto cer\u00e2mico, s\u00edmbolo do parque, que acrescenta um toque de alegria ao conjunto. O texto &#8220;I \u2764\ufe0f Barcelona&#8221; aparece em letras grandes e chamativas, enfatizando a liga\u00e7\u00e3o emocional com esta cidade, vibrante e cultural.<\/p>\n<p>Este \u00edman n\u00e3o s\u00f3 serve como um pr\u00e1tico acess\u00f3rio para o frigor\u00edfico; \u00e9 uma recorda\u00e7\u00e3o ic\u00f3nica que encapsula o esp\u00edrito e a diversidade do patrim\u00f3nio modernista de Barcelona. O seu design em metal real\u00e7a a qualidade do produto, tornando-o um souvenir ideal para os turistas que procuram levar um peda\u00e7o da cidade. Na Ol\u00e9 Mosaic oferecemos este \u00edman de metal panor\u00e2mico, aut\u00eantico e representativo de Barcelona, perfeito para lojas de presentes tur\u00edsticos que procurem souvenirs \u00fanicos e relevantes. Como distribuidores de souvenirs por grosso, garantimos que cada pe\u00e7a \u00e9 um reflexo da rica cultura catal\u00e3.<\/p>\n","protected":false},"excerpt":{"rendered":"<p>\u00cdman met\u00e1lico com uma vibrante panor\u00e2mica de Barcelona, de 8 cm. Este \u00edman apresenta uma colorida ilustra\u00e7\u00e3o em mosaico que capta a ess\u00eancia da cidade, incluindo a emblem\u00e1tica Sagrada Fam\u00edlia, o caracter\u00edstico Edif\u00edcio Agbar e o famoso Parque G\u00fcell, juntamente com um colorido lagarto cer\u00e2mico. O texto &#8220;I \u2764\ufe0f Barcelona&#8221; destaca-se em letras chamativas, oferecendo uma recorda\u00e7\u00e3o ic\u00f3nica e elegante da arquitetura modernista da cidade.<\/p>\n","protected":false},"featured_media":11413,"template":"","meta":{"_acf_changed":false},"product_brand":[],"product_cat":[699],"product_tag":[],"class_list":{"0":"post-36838","1":"product","2":"type-product","3":"status-publish","4":"has-post-thumbnail","6":"product_cat-imanes","7":"pa_ciudad-barcelona","8":"pa_motivo-panoramas","9":"pa_pais-espana","11":"first","12":"instock","13":"shipping-taxable","14":"product-type-simple"},"acf":[],"_links":{"self":[{"href":"https:\/\/olemosaic.orbitalia.org\/pt-pt\/wp-json\/wp\/v2\/product\/36838","targetHints":{"allow":["GET"]}}],"collection":[{"href":"https:\/\/olemosaic.orbitalia.org\/pt-pt\/wp-json\/wp\/v2\/product"}],"about":[{"href":"https:\/\/olemosaic.orbitalia.org\/pt-pt\/wp-json\/wp\/v2\/types\/product"}],"wp:featuredmedia":[{"embeddable":true,"href":"https:\/\/olemosaic.orbitalia.org\/pt-pt\/wp-json\/wp\/v2\/media\/11413"}],"wp:attachment":[{"href":"https:\/\/olemosaic.orbitalia.org\/pt-pt\/wp-json\/wp\/v2\/media?parent=36838"}],"wp:term":[{"taxonomy":"product_brand","embeddable":true,"href":"https:\/\/olemosaic.orbitalia.org\/pt-pt\/wp-json\/wp\/v2\/product_brand?post=36838"},{"taxonomy":"product_cat","embeddable":true,"href":"https:\/\/olemosaic.orbitalia.org\/pt-pt\/wp-json\/wp\/v2\/product_cat?post=36838"},{"taxonomy":"product_tag","embeddable":true,"href":"https:\/\/olemosaic.orbitalia.org\/pt-pt\/wp-json\/wp\/v2\/product_tag?post=36838"}],"curies":[{"name":"wp","href":"https:\/\/api.w.org\/{rel}","templated":true}]}}