{"id":36813,"date":"2025-02-20T23:36:15","date_gmt":"2025-02-20T22:36:15","guid":{"rendered":"https:\/\/olemosaic.orbitalia.org\/producto\/iman-de-metal-panoramica-barcelona-negro-8-cm-7\/"},"modified":"2025-07-25T20:03:15","modified_gmt":"2025-07-25T18:03:15","slug":"iman-de-metal-panoramica-gaudi-barcelona-preto-8-cm-7","status":"publish","type":"product","link":"https:\/\/olemosaic.orbitalia.org\/pt-pt\/produto\/iman-de-metal-panoramica-gaudi-barcelona-preto-8-cm-7\/","title":{"rendered":"\u00cdman de metal. Panor\u00e2mica. Gaud\u00ed. Barcelona. Preto. 8 cm."},"content":{"rendered":"<p>\u00cdman de metal panor\u00e2mico de Barcelona<\/p>\n<p>Este \u00edman de metal capta a ess\u00eancia vibrante de Barcelona, plasmando num formato compacto e atraente os monumentos mais emblem\u00e1ticos da cidade. Com um tamanho de 8 cm, apresenta uma ilustra\u00e7\u00e3o colorida que inclui a ic\u00f3nica Sagrada Fam\u00edlia e o impressionante Parque G\u00fcell, mergulhando o espetador no car\u00e1ter distintivo da capital catal\u00e3. O design incorpora o texto &#8220;I \u2665 Barcelona&#8221; com uma tipografia vibrante, fazendo com que esta recorda\u00e7\u00e3o brilhe em qualquer superf\u00edcie met\u00e1lica ou frigor\u00edfico.<\/p>\n<p>As cores vivas e os detalhes intrincados de estilo mosaico refletem o legado arquitet\u00f3nico de Antoni Gaud\u00ed, transportando-o numa viagem visual pelas ruas desta metr\u00f3pole art\u00edstica. Este \u00edman n\u00e3o \u00e9 apenas uma pe\u00e7a decorativa, mas um s\u00edmbolo do esp\u00edrito alegre e criativo de Barcelona, sendo um presente perfeito para turistas e viajantes que desejem levar um pedacinho desta incr\u00edvel cidade para casa.<\/p>\n<p>Na Ol\u00e9 Mosaic, especializamo-nos na distribui\u00e7\u00e3o de lembran\u00e7as por grosso, e este \u00edman de Barcelona \u00e9 uma op\u00e7\u00e3o excecional para qualquer loja de presentes tur\u00edsticos. Aut\u00eantico e representativo, esta recorda\u00e7\u00e3o n\u00e3o s\u00f3 comemora uma viagem, como tamb\u00e9m destaca a rica cultura e as maravilhas arquitet\u00f3nicas que fazem de Barcelona um destino \u00fanico no mundo. Como grossistas de \u00edmanes, garantimos a qualidade e originalidade em cada um dos nossos produtos.<\/p>\n","protected":false},"excerpt":{"rendered":"<p>\u00cdman met\u00e1lico com uma vibrante panor\u00e2mica de Barcelona, de 8 cm. Este atraente \u00edman apresenta um design colorido que inclui monumentos ic\u00f3nicos como a Sagrada Fam\u00edlia e o Park G\u00fcell, juntamente com o texto &#8220;I \u2665 Barcelona&#8221; em tipografia destacada. As cores vivas e as formas de mosaico refletem o estilo \u00fanico da cidade, tornando-o uma recorda\u00e7\u00e3o perfeita de Barcelona que iluminar\u00e1 qualquer frigor\u00edfico ou superf\u00edcie met\u00e1lica.<\/p>\n","protected":false},"featured_media":11428,"template":"","meta":{"_acf_changed":false},"product_brand":[],"product_cat":[699],"product_tag":[],"class_list":{"0":"post-36813","1":"product","2":"type-product","3":"status-publish","4":"has-post-thumbnail","6":"product_cat-imanes","7":"pa_ciudad-barcelona","8":"pa_motivo-panoramas","9":"pa_pais-espana","11":"first","12":"instock","13":"shipping-taxable","14":"product-type-simple"},"acf":[],"_links":{"self":[{"href":"https:\/\/olemosaic.orbitalia.org\/pt-pt\/wp-json\/wp\/v2\/product\/36813","targetHints":{"allow":["GET"]}}],"collection":[{"href":"https:\/\/olemosaic.orbitalia.org\/pt-pt\/wp-json\/wp\/v2\/product"}],"about":[{"href":"https:\/\/olemosaic.orbitalia.org\/pt-pt\/wp-json\/wp\/v2\/types\/product"}],"wp:featuredmedia":[{"embeddable":true,"href":"https:\/\/olemosaic.orbitalia.org\/pt-pt\/wp-json\/wp\/v2\/media\/11428"}],"wp:attachment":[{"href":"https:\/\/olemosaic.orbitalia.org\/pt-pt\/wp-json\/wp\/v2\/media?parent=36813"}],"wp:term":[{"taxonomy":"product_brand","embeddable":true,"href":"https:\/\/olemosaic.orbitalia.org\/pt-pt\/wp-json\/wp\/v2\/product_brand?post=36813"},{"taxonomy":"product_cat","embeddable":true,"href":"https:\/\/olemosaic.orbitalia.org\/pt-pt\/wp-json\/wp\/v2\/product_cat?post=36813"},{"taxonomy":"product_tag","embeddable":true,"href":"https:\/\/olemosaic.orbitalia.org\/pt-pt\/wp-json\/wp\/v2\/product_tag?post=36813"}],"curies":[{"name":"wp","href":"https:\/\/api.w.org\/{rel}","templated":true}]}}