{"id":36812,"date":"2025-02-20T23:36:15","date_gmt":"2025-02-20T22:36:15","guid":{"rendered":"https:\/\/olemosaic.orbitalia.org\/producto\/iman-de-metal-panoramica-barcelona-plata-8-cm-5\/"},"modified":"2025-07-25T20:39:44","modified_gmt":"2025-07-25T18:39:44","slug":"iman-de-metal-panoramica-barcelona-prata-8-cm-5","status":"publish","type":"product","link":"https:\/\/olemosaic.orbitalia.org\/pt-pt\/produto\/iman-de-metal-panoramica-barcelona-prata-8-cm-5\/","title":{"rendered":"\u00cdman de metal. Panor\u00e2mica. Sagrada Fam\u00edlia. Barcelona. Prata. 8 cm."},"content":{"rendered":"<p>\u00cdman met\u00e1lico panor\u00e2mico de Barcelona<\/p>\n<p>Este \u00edman met\u00e1lico panor\u00e2mico de Barcelona \u00e9 uma pe\u00e7a vibrante que capta a ess\u00eancia art\u00edstica e cultural desta emblem\u00e1tica cidade. Com um tamanho de 8 cm, esta atraente recorda\u00e7\u00e3o apresenta uma colorida ilustra\u00e7\u00e3o que destaca dois dos seus monumentos mais ic\u00f3nicos: a majestosa Sagrada Fam\u00edlia e o famoso drag\u00e3o do Park G\u00fcell. Cada detalhe est\u00e1 ilustrado com um mosaico de azuis, amarelos e vermelhos que evocam a criatividade inigual\u00e1vel de Antoni Gaud\u00ed e a arte modernista que define Barcelona.<\/p>\n<p>A palavra &#8220;Barcelona&#8221; encontra-se elegantemente impressa num estilo chamativo na parte superior, o que torna este \u00edman n\u00e3o apenas um objeto decorativo, mas tamb\u00e9m uma recorda\u00e7\u00e3o perfeita para quem visitou ou deseja recordar esta fascinante cidade. Este \u00edman n\u00e3o s\u00f3 embeleza a casa, como tamb\u00e9m representa uma liga\u00e7\u00e3o cultural inestim\u00e1vel, simbolizando a riqueza patrimonial e art\u00edstica de um lugar que atraiu milh\u00f5es de turistas.<\/p>\n<p>Como distribuidor de souvenirs por grosso, a Ol\u00e9 Mosaic orgulha-se de oferecer produtos aut\u00eanticos e de qualidade. Este \u00edman de Barcelona \u00e9 uma excelente op\u00e7\u00e3o para as lojas de presentes tur\u00edsticos que desejem oferecer aos seus clientes um peda\u00e7o de hist\u00f3ria e arte que possam levar para casa.<\/p>\n","protected":false},"excerpt":{"rendered":"<p>\u00cdman met\u00e1lico com uma vibrante panor\u00e2mica de Barcelona, apresentado num design de 8 cm que destaca elementos emblem\u00e1ticos como a Sagrada Fam\u00edlia e o famoso drag\u00e3o do Park G\u00fcell. Este atraente \u00edman, adornado com um colorido mosaico de azuis, amarelos e vermelhos, encapsula a ess\u00eancia art\u00edstica da cidade. A palavra &#8220;Barcelona&#8221; est\u00e1 elegantemente impressa num estilo chamativo, o que torna este \u00edman numa recorda\u00e7\u00e3o ideal para os amantes da cidade.<\/p>\n","protected":false},"featured_media":11425,"template":"","meta":{"_acf_changed":false},"product_brand":[],"product_cat":[699],"product_tag":[],"class_list":{"0":"post-36812","1":"product","2":"type-product","3":"status-publish","4":"has-post-thumbnail","6":"product_cat-imanes","7":"pa_ciudad-barcelona","8":"pa_motivo-panoramas","9":"pa_pais-espana","11":"first","12":"instock","13":"shipping-taxable","14":"product-type-simple"},"acf":[],"_links":{"self":[{"href":"https:\/\/olemosaic.orbitalia.org\/pt-pt\/wp-json\/wp\/v2\/product\/36812","targetHints":{"allow":["GET"]}}],"collection":[{"href":"https:\/\/olemosaic.orbitalia.org\/pt-pt\/wp-json\/wp\/v2\/product"}],"about":[{"href":"https:\/\/olemosaic.orbitalia.org\/pt-pt\/wp-json\/wp\/v2\/types\/product"}],"wp:featuredmedia":[{"embeddable":true,"href":"https:\/\/olemosaic.orbitalia.org\/pt-pt\/wp-json\/wp\/v2\/media\/11425"}],"wp:attachment":[{"href":"https:\/\/olemosaic.orbitalia.org\/pt-pt\/wp-json\/wp\/v2\/media?parent=36812"}],"wp:term":[{"taxonomy":"product_brand","embeddable":true,"href":"https:\/\/olemosaic.orbitalia.org\/pt-pt\/wp-json\/wp\/v2\/product_brand?post=36812"},{"taxonomy":"product_cat","embeddable":true,"href":"https:\/\/olemosaic.orbitalia.org\/pt-pt\/wp-json\/wp\/v2\/product_cat?post=36812"},{"taxonomy":"product_tag","embeddable":true,"href":"https:\/\/olemosaic.orbitalia.org\/pt-pt\/wp-json\/wp\/v2\/product_tag?post=36812"}],"curies":[{"name":"wp","href":"https:\/\/api.w.org\/{rel}","templated":true}]}}