{"id":36811,"date":"2025-02-20T23:36:15","date_gmt":"2025-02-20T22:36:15","guid":{"rendered":"https:\/\/olemosaic.orbitalia.org\/producto\/iman-de-metal-panoramica-barcelona-8-cm-16\/"},"modified":"2025-07-25T20:05:50","modified_gmt":"2025-07-25T18:05:50","slug":"iman-de-metal-panoramica-barcelona-8-cm-16-pt-pt","status":"publish","type":"product","link":"https:\/\/olemosaic.orbitalia.org\/pt-pt\/produto\/iman-de-metal-panoramica-barcelona-8-cm-16-pt-pt\/","title":{"rendered":"\u00cdman de metal. Panor\u00e2mica. Park G\u00fcell. Barcelona. 8 cm."},"content":{"rendered":"<p>\u00cdman met\u00e1lico panor\u00e2mico de Barcelona<\/p>\n<p>Este \u00edman met\u00e1lico de 8 cm \u00e9 uma vibrante homenagem \u00e0 arquitetura e \u00e0 arte de Barcelona, desenhado com um atraente mosaico inspirado no c\u00e9lebre Park G\u00fcell. Na sua ilustra\u00e7\u00e3o destacam-se as ic\u00f3nicas torres da Sagrada Fam\u00edlia, rodeadas de cores brilhantes e formas geom\u00e9tricas que evocam a singularidade do trencad\u00eds, uma t\u00e9cnica caracter\u00edstica do modernismo catal\u00e3o. Este souvenir capta a ess\u00eancia art\u00edstica da cidade, oferecendo uma representa\u00e7\u00e3o visual vibrante que transporta quem o v\u00ea para a m\u00e1gica atmosfera de Barcelona.<\/p>\n<p>Os tons vibrantes utilizados no design, juntamente com os intrincados detalhes que adornam a panor\u00e2mica, fazem deste \u00edman um objeto decorativo ideal para qualquer frigor\u00edfico, tornando-se uma recorda\u00e7\u00e3o constante dos momentos especiais vividos na cidade. A liga\u00e7\u00e3o cultural entre este \u00edman e Barcelona \u00e9 ineg\u00e1vel, sendo um s\u00edmbolo da rica heran\u00e7a arquitet\u00f3nica e art\u00edstica que a cidade oferece aos seus visitantes.<\/p>\n<p>Como distribuidor de souvenirs por grosso, a Ol\u00e9 Mosaic apresenta este \u00edman como uma op\u00e7\u00e3o excecional para lojas de presentes tur\u00edsticos, garantindo autenticidade e apelo cultural em cada produto. Este \u00edman de Barcelona afirma-se como uma excelente ideia de recorda\u00e7\u00e3o para turistas que procuram levar um pedacinho da vibrante cultura catal\u00e3 para casa.<\/p>\n","protected":false},"excerpt":{"rendered":"<p>\u00cdman met\u00e1lico com uma vibrante panor\u00e2mica de Barcelona, de 8 cm. Este atraente \u00edman apresenta um design inspirado no famoso mosaico do Park G\u00fcell, destacando as ic\u00f3nicas torres da Sagrada Fam\u00edlia e o colorido trencad\u00eds, caracter\u00edstico da cidade. Com uma base de cores brilhantes e formas geom\u00e9tricas, este \u00edman capta a ess\u00eancia art\u00edstica de Barcelona, tornando-o um souvenir perfeito para recordar momentos especiais vividos na cidade.<\/p>\n","protected":false},"featured_media":11405,"template":"","meta":{"_acf_changed":false},"product_brand":[],"product_cat":[699],"product_tag":[],"class_list":{"0":"post-36811","1":"product","2":"type-product","3":"status-publish","4":"has-post-thumbnail","6":"product_cat-imanes","7":"pa_ciudad-barcelona","8":"pa_motivo-panoramas","9":"pa_pais-espana","11":"first","12":"instock","13":"shipping-taxable","14":"product-type-simple"},"acf":[],"_links":{"self":[{"href":"https:\/\/olemosaic.orbitalia.org\/pt-pt\/wp-json\/wp\/v2\/product\/36811","targetHints":{"allow":["GET"]}}],"collection":[{"href":"https:\/\/olemosaic.orbitalia.org\/pt-pt\/wp-json\/wp\/v2\/product"}],"about":[{"href":"https:\/\/olemosaic.orbitalia.org\/pt-pt\/wp-json\/wp\/v2\/types\/product"}],"wp:featuredmedia":[{"embeddable":true,"href":"https:\/\/olemosaic.orbitalia.org\/pt-pt\/wp-json\/wp\/v2\/media\/11405"}],"wp:attachment":[{"href":"https:\/\/olemosaic.orbitalia.org\/pt-pt\/wp-json\/wp\/v2\/media?parent=36811"}],"wp:term":[{"taxonomy":"product_brand","embeddable":true,"href":"https:\/\/olemosaic.orbitalia.org\/pt-pt\/wp-json\/wp\/v2\/product_brand?post=36811"},{"taxonomy":"product_cat","embeddable":true,"href":"https:\/\/olemosaic.orbitalia.org\/pt-pt\/wp-json\/wp\/v2\/product_cat?post=36811"},{"taxonomy":"product_tag","embeddable":true,"href":"https:\/\/olemosaic.orbitalia.org\/pt-pt\/wp-json\/wp\/v2\/product_tag?post=36811"}],"curies":[{"name":"wp","href":"https:\/\/api.w.org\/{rel}","templated":true}]}}