{"id":36807,"date":"2025-02-20T23:36:14","date_gmt":"2025-02-20T22:36:14","guid":{"rendered":"https:\/\/olemosaic.orbitalia.org\/producto\/iman-de-metal-toro-mijas-8-cm-2\/"},"modified":"2025-07-25T19:12:50","modified_gmt":"2025-07-25T17:12:50","slug":"iman-de-metal-touro-mijas-8-cm-2","status":"publish","type":"product","link":"https:\/\/olemosaic.orbitalia.org\/pt-pt\/produto\/iman-de-metal-touro-mijas-8-cm-2\/","title":{"rendered":"\u00cdman de metal. Touro. Mijas. Espanha. 8 cm."},"content":{"rendered":"<p>\u00cdman met\u00e1lico com o touro t\u00edpico de Mijas. Este encantador souvenir de 8 cm capta a ess\u00eancia do folclore espanhol atrav\u00e9s de um vibrante design em mosaico. Destacam-se os tons vermelhos e amarelos do touro, que contrastam de forma requintada com um fundo azul claro. A figura do touro n\u00e3o s\u00f3 representa um s\u00edmbolo ic\u00f3nico da cultura espanhola, como tamb\u00e9m evoca a paix\u00e3o e a tradi\u00e7\u00e3o da tauromaquia, uma pr\u00e1tica profundamente enraizada na hist\u00f3ria da regi\u00e3o. Os olhos chamativos do touro, real\u00e7ados a amarelo, conferem um olhar cativante e expressivo a esta pe\u00e7a decorativa. O nome \u201cMIJAS\u201d aparece em letras grandes e audazes, adicionando um toque de autenticidade e liga\u00e7\u00e3o local, o que torna este \u00edman uma recorda\u00e7\u00e3o perfeita para quem visita esta pitoresca vila andaluza. Como distribuidor de souvenirs por grosso, a Ol\u00e9 Mosaic oferece produtos aut\u00eanticos que se destacam pelo seu artesanato e valor cultural. Este \u00edman decorativo \u00e9 uma excelente op\u00e7\u00e3o para lojas de presentes tur\u00edsticos que procuram oferecer aos seus clientes recorda\u00e7\u00f5es representativas de Espanha, ideais para quem deseja levar para casa um peda\u00e7o da tradi\u00e7\u00e3o espanhola.<\/p>\n","protected":false},"excerpt":{"rendered":"<p>\u00cdman met\u00e1lico que representa um touro t\u00edpico de Mijas, de 8 cm. Este atraente souvenir apresenta um design em mosaico com vibrantes tons vermelhos e amarelos, sobre um fundo azul claro. A figura do touro, s\u00edmbolo do folclore espanhol, destaca-se pelos seus olhos chamativos e cores alegres. Inclui o nome \u00abMIJAS\u00bb em letras grandes, o que confere um toque de identidade local a este \u00edman decorativo.<\/p>\n","protected":false},"featured_media":9978,"template":"","meta":{"_acf_changed":false},"product_brand":[],"product_cat":[699],"product_tag":[516],"class_list":{"0":"post-36807","1":"product","2":"type-product","3":"status-publish","4":"has-post-thumbnail","6":"product_cat-imanes","7":"product_tag-animais","8":"pa_ciudad-mijas","9":"pa_motivo-touros","10":"pa_pais-espana","12":"first","13":"instock","14":"shipping-taxable","15":"product-type-simple"},"acf":[],"_links":{"self":[{"href":"https:\/\/olemosaic.orbitalia.org\/pt-pt\/wp-json\/wp\/v2\/product\/36807","targetHints":{"allow":["GET"]}}],"collection":[{"href":"https:\/\/olemosaic.orbitalia.org\/pt-pt\/wp-json\/wp\/v2\/product"}],"about":[{"href":"https:\/\/olemosaic.orbitalia.org\/pt-pt\/wp-json\/wp\/v2\/types\/product"}],"wp:featuredmedia":[{"embeddable":true,"href":"https:\/\/olemosaic.orbitalia.org\/pt-pt\/wp-json\/wp\/v2\/media\/9978"}],"wp:attachment":[{"href":"https:\/\/olemosaic.orbitalia.org\/pt-pt\/wp-json\/wp\/v2\/media?parent=36807"}],"wp:term":[{"taxonomy":"product_brand","embeddable":true,"href":"https:\/\/olemosaic.orbitalia.org\/pt-pt\/wp-json\/wp\/v2\/product_brand?post=36807"},{"taxonomy":"product_cat","embeddable":true,"href":"https:\/\/olemosaic.orbitalia.org\/pt-pt\/wp-json\/wp\/v2\/product_cat?post=36807"},{"taxonomy":"product_tag","embeddable":true,"href":"https:\/\/olemosaic.orbitalia.org\/pt-pt\/wp-json\/wp\/v2\/product_tag?post=36807"}],"curies":[{"name":"wp","href":"https:\/\/api.w.org\/{rel}","templated":true}]}}