{"id":36805,"date":"2025-02-20T23:36:14","date_gmt":"2025-02-20T22:36:14","guid":{"rendered":"https:\/\/olemosaic.orbitalia.org\/producto\/iman-de-metal-tranvia-lisboa-8-cm-2\/"},"modified":"2025-07-25T19:19:59","modified_gmt":"2025-07-25T17:19:59","slug":"iman-de-metal-eletrico-lisboa-8-cm-2","status":"publish","type":"product","link":"https:\/\/olemosaic.orbitalia.org\/pt-pt\/produto\/iman-de-metal-eletrico-lisboa-8-cm-2\/","title":{"rendered":"\u00cdman de metal. El\u00e9trico. Azulejos portugueses. Lisboa. 8 cm."},"content":{"rendered":"<p>\u00cdman met\u00e1lico do famoso el\u00e9trico de Lisboa, conhecido como o &#8220;el\u00e9trico 28&#8221;. Este atraente \u00edman de 8 cm capta a ess\u00eancia vibrante da capital portuguesa, mostrando a emblem\u00e1tica silhueta do el\u00e9trico num amarelo brilhante, caracter\u00edstico do transporte hist\u00f3rico da cidade. A ilustra\u00e7\u00e3o, meticulosamente desenhada, destaca tamb\u00e9m elementos decorativos em azul que evocam os tradicionais azulejos portugueses, situando o el\u00e9trico em frente a um edif\u00edcio adornado com mosaicos. Este detalhe n\u00e3o s\u00f3 real\u00e7a a beleza arquitet\u00f3nica de Lisboa, como tamb\u00e9m presta homenagem \u00e0 sua rica heran\u00e7a cultural.<\/p>\n<p>Sempre que vir este \u00edman, recordar\u00e1 aos turistas a sua experi\u00eancia a explorar as pitorescas ruas de Lisboa, onde o som do el\u00e9trico ecoa no ar enquanto percorrem as suas colinas \u00edngremes. Ideal como recorda\u00e7\u00e3o de Lisboa, este \u00edman \u00e9 uma pe\u00e7a aut\u00eantica que capta o esp\u00edrito da cidade e das suas tradi\u00e7\u00f5es. Na Ol\u00e9 Mosaic, oferecemos uma sele\u00e7\u00e3o de recorda\u00e7\u00f5es de alta qualidade, perfeitas para lojas de presentes tur\u00edsticos. Este \u00edman do el\u00e9trico 28 n\u00e3o \u00e9 apenas uma recorda\u00e7\u00e3o est\u00e9tica, mas tamb\u00e9m um s\u00edmbolo da liga\u00e7\u00e3o de Lisboa ao seu passado, ideal para quem procura levar um peda\u00e7o desta cativante cidade. Como distribuidores de recorda\u00e7\u00f5es por grosso, garantimos um produto que real\u00e7a a cultura lisboeta em cada casa.<\/p>\n","protected":false},"excerpt":{"rendered":"<p>\u00cdman met\u00e1lico que representa o famoso el\u00e9trico de Lisboa, conhecido como &#8220;el\u00e9trico 28&#8221;. Com dimens\u00f5es de 8 cm, este \u00edman apresenta cores vibrantes, destacando o amarelo do el\u00e9trico e o azul dos azulejos decorativos t\u00edpicos da cidade. A ilustra\u00e7\u00e3o capta a ess\u00eancia deste transporte hist\u00f3rico em frente a um edif\u00edcio adornado com mosaicos, evocando o encanto das ruas lisboetas. Uma recorda\u00e7\u00e3o perfeita de Portugal.<\/p>\n","protected":false},"featured_media":11205,"template":"","meta":{"_acf_changed":false},"product_brand":[],"product_cat":[699],"product_tag":[],"class_list":{"0":"post-36805","1":"product","2":"type-product","3":"status-publish","4":"has-post-thumbnail","6":"product_cat-imanes","7":"pa_ciudad-lisboa","8":"pa_motivo-eletricos","9":"pa_pais-portugal","11":"first","12":"instock","13":"shipping-taxable","14":"product-type-simple"},"acf":[],"_links":{"self":[{"href":"https:\/\/olemosaic.orbitalia.org\/pt-pt\/wp-json\/wp\/v2\/product\/36805","targetHints":{"allow":["GET"]}}],"collection":[{"href":"https:\/\/olemosaic.orbitalia.org\/pt-pt\/wp-json\/wp\/v2\/product"}],"about":[{"href":"https:\/\/olemosaic.orbitalia.org\/pt-pt\/wp-json\/wp\/v2\/types\/product"}],"wp:featuredmedia":[{"embeddable":true,"href":"https:\/\/olemosaic.orbitalia.org\/pt-pt\/wp-json\/wp\/v2\/media\/11205"}],"wp:attachment":[{"href":"https:\/\/olemosaic.orbitalia.org\/pt-pt\/wp-json\/wp\/v2\/media?parent=36805"}],"wp:term":[{"taxonomy":"product_brand","embeddable":true,"href":"https:\/\/olemosaic.orbitalia.org\/pt-pt\/wp-json\/wp\/v2\/product_brand?post=36805"},{"taxonomy":"product_cat","embeddable":true,"href":"https:\/\/olemosaic.orbitalia.org\/pt-pt\/wp-json\/wp\/v2\/product_cat?post=36805"},{"taxonomy":"product_tag","embeddable":true,"href":"https:\/\/olemosaic.orbitalia.org\/pt-pt\/wp-json\/wp\/v2\/product_tag?post=36805"}],"curies":[{"name":"wp","href":"https:\/\/api.w.org\/{rel}","templated":true}]}}