{"id":36803,"date":"2025-02-20T23:36:14","date_gmt":"2025-02-20T22:36:14","guid":{"rendered":"https:\/\/olemosaic.orbitalia.org\/producto\/iman-de-metal-salamandra-gran-canaria-negro-8-cm-2\/"},"modified":"2025-07-25T19:12:31","modified_gmt":"2025-07-25T17:12:31","slug":"iman-de-metal-salamandra-gran-canaria-preto-8-cm-2","status":"publish","type":"product","link":"https:\/\/olemosaic.orbitalia.org\/pt-pt\/produto\/iman-de-metal-salamandra-gran-canaria-preto-8-cm-2\/","title":{"rendered":"\u00cdman de metal. Salamandra. Mosaico. Gran Canaria. Preto. 8 cm."},"content":{"rendered":"<p>\u00cdman decorativo de metal de Gran Canaria. Este \u00edman vibrante, de 8 cm, capta a ess\u00eancia da rica fauna de Gran Canaria gra\u00e7as ao seu impressionante design de salamandras. A t\u00e9cnica de mosaico utilizada real\u00e7a uma explos\u00e3o de cores vivas, com tons azuis, verdes, amarelos e vermelhos que contrastam na perfei\u00e7\u00e3o com o fundo preto, criando uma pe\u00e7a visualmente cativante. Na parte superior, a palavra &#8220;Gran Canaria&#8221; apresenta-se com letras coloridas, adicionando um toque alegre e distintivo.<\/p>\n<p>Este \u00edman n\u00e3o \u00e9 apenas um objeto decorativo, mas tamb\u00e9m um aut\u00eantico souvenir que representa la beleza natural da ilha. As salamandras, emblem\u00e1ticas da fauna can\u00e1ria, s\u00e3o um s\u00edmbolo da biodiversidade local, o que torna este \u00edman uma recorda\u00e7\u00e3o significativa das suas viagens. Desenhado com aten\u00e7\u00e3o ao detalhe, este artigo \u00e9 ideal para quem procura levar para casa um peda\u00e7o da cultura e hist\u00f3ria de Gran Canaria.<\/p>\n<p>Na Ol\u00e9 Mosaic, especializamo-nos na distribui\u00e7\u00e3o de souvenirs por grosso, e este \u00edman de salamandra \u00e9 uma excelente op\u00e7\u00e3o para lojas de presentes tur\u00edsticos que procuram produtos aut\u00eanticos e de qualidade. Perfeito como presente ou para recordar as suas experi\u00eancias na ilha, este \u00edman encarna a ess\u00eancia de Gran Canaria e \u00e9 um excelente exemplo dos nossos ic\u00f3nicos souvenirs.<\/p>\n","protected":false},"excerpt":{"rendered":"<p>\u00cdman met\u00e1lico de 8 cm decorado com uma representa\u00e7\u00e3o vibrante de salamandras, inspirado na fauna de Gran Canaria. O design, com t\u00e9cnica de mosaico, apresenta uma explos\u00e3o de cores em tons azuis, verdes, amarelos e vermelhos sobre fundo preto. A palavra &#8220;Gran Canaria&#8221; aparece em letras coloridas na parte superior, capturando a ess\u00eancia desta preciosa ilha can\u00e1ria. Ideal para recordar as suas viagens ou como presente.<\/p>\n","protected":false},"featured_media":12905,"template":"","meta":{"_acf_changed":false},"product_brand":[],"product_cat":[699],"product_tag":[516],"class_list":{"0":"post-36803","1":"product","2":"type-product","3":"status-publish","4":"has-post-thumbnail","6":"product_cat-imanes","7":"product_tag-animais","8":"pa_ciudad-gran-canaria","9":"pa_motivo-salamandras","10":"pa_pais-espana","12":"first","13":"instock","14":"shipping-taxable","15":"product-type-simple"},"acf":[],"_links":{"self":[{"href":"https:\/\/olemosaic.orbitalia.org\/pt-pt\/wp-json\/wp\/v2\/product\/36803","targetHints":{"allow":["GET"]}}],"collection":[{"href":"https:\/\/olemosaic.orbitalia.org\/pt-pt\/wp-json\/wp\/v2\/product"}],"about":[{"href":"https:\/\/olemosaic.orbitalia.org\/pt-pt\/wp-json\/wp\/v2\/types\/product"}],"wp:featuredmedia":[{"embeddable":true,"href":"https:\/\/olemosaic.orbitalia.org\/pt-pt\/wp-json\/wp\/v2\/media\/12905"}],"wp:attachment":[{"href":"https:\/\/olemosaic.orbitalia.org\/pt-pt\/wp-json\/wp\/v2\/media?parent=36803"}],"wp:term":[{"taxonomy":"product_brand","embeddable":true,"href":"https:\/\/olemosaic.orbitalia.org\/pt-pt\/wp-json\/wp\/v2\/product_brand?post=36803"},{"taxonomy":"product_cat","embeddable":true,"href":"https:\/\/olemosaic.orbitalia.org\/pt-pt\/wp-json\/wp\/v2\/product_cat?post=36803"},{"taxonomy":"product_tag","embeddable":true,"href":"https:\/\/olemosaic.orbitalia.org\/pt-pt\/wp-json\/wp\/v2\/product_tag?post=36803"}],"curies":[{"name":"wp","href":"https:\/\/api.w.org\/{rel}","templated":true}]}}