{"id":36801,"date":"2025-02-20T23:36:14","date_gmt":"2025-02-20T22:36:14","guid":{"rendered":"https:\/\/olemosaic.orbitalia.org\/producto\/iman-de-metal-salamandra-fuerteventura-plata-8-cm-2\/"},"modified":"2025-07-25T18:59:49","modified_gmt":"2025-07-25T16:59:49","slug":"iman-de-metal-salamandra-fuerteventura-prata-8-cm-2","status":"publish","type":"product","link":"https:\/\/olemosaic.orbitalia.org\/pt-pt\/produto\/iman-de-metal-salamandra-fuerteventura-prata-8-cm-2\/","title":{"rendered":"\u00cdman de metal. Salamandra. Fuerteventura. Can\u00e1rias. Prata. 8 cm."},"content":{"rendered":"<p>\u00cdman de metal decorativo &#8220;Salamandras de Fuerteventura&#8221;<\/p>\n<p>Descubra o vibrante \u00edman de metal &#8220;Salamandras de Fuerteventura&#8221;, uma pe\u00e7a \u00fanica que captura a ess\u00eancia da fauna can\u00e1ria. Com os seus 8 cm, este \u00edman apresenta um design cativante que destaca a colorida representa\u00e7\u00e3o de salamandras num mosaico que funde tons verdes, azuis e vermelhos, sobre um fundo branco que real\u00e7a a sua luminosidade. A palavra &#8220;FUERTEVENTURA&#8221;, escrita em letras chamativas, n\u00e3o s\u00f3 acrescenta autenticidade, como tamb\u00e9m real\u00e7a o esp\u00edrito alegre das Ilhas Can\u00e1rias.<\/p>\n<p>O estilo moderno do \u00edman mistura-se com elementos folcl\u00f3ricos, tornando-o a recorda\u00e7\u00e3o perfeita para turistas que procuram levar um pedacinho de Fuerteventura para casa. Cada salamandra, com os seus detalhes intrincados e cores vibrantes, simboliza a rica biodiversidade da ilha, fazendo deste produto um excelente souvenir que celebra a liga\u00e7\u00e3o cultural e natural de Fuerteventura.<\/p>\n<p>Na Ol\u00e9 Mosaic, somos especialistas na distribui\u00e7\u00e3o de souvenirs por grosso, garantindo a autenticidade e qualidade dos nossos produtos. Este \u00edman de salamandras \u00e9 uma op\u00e7\u00e3o ideal para lojas de presentes tur\u00edsticos que desejem oferecer aos seus clientes uma recorda\u00e7\u00e3o representativa e art\u00edstica da tradi\u00e7\u00e3o can\u00e1ria. Um aut\u00eantico emblema que combina arte, cultura e natureza, perfeito para qualquer cole\u00e7\u00e3o de souvenirs de Fuerteventura.<\/p>\n","protected":false},"excerpt":{"rendered":"<p>\u00cdman de metal decorativo com um design vibrante de salamandras, inspirado na fauna de Fuerteventura. Com dimens\u00f5es de 8 cm, este \u00edman apresenta um colorido mosaico em tons verdes, azuis e vermelhos, que real\u00e7a as salamandras sobre um fundo branco. A palavra &#8220;FUERTEVENTURA&#8221; destaca-se em letras chamativas, acrescentando um toque de autenticidade can\u00e1ria. Este artigo combina um estilo moderno com elementos folcl\u00f3ricos, ideal para levar um pedacinho de Fuerteventura para o seu lar.<\/p>\n","protected":false},"featured_media":13524,"template":"","meta":{"_acf_changed":false},"product_brand":[],"product_cat":[699],"product_tag":[516],"class_list":{"0":"post-36801","1":"product","2":"type-product","3":"status-publish","4":"has-post-thumbnail","6":"product_cat-imanes","7":"product_tag-animais","8":"pa_ciudad-fuerteventura","9":"pa_motivo-salamandras","10":"pa_pais-espana","12":"first","13":"instock","14":"shipping-taxable","15":"product-type-simple"},"acf":[],"_links":{"self":[{"href":"https:\/\/olemosaic.orbitalia.org\/pt-pt\/wp-json\/wp\/v2\/product\/36801","targetHints":{"allow":["GET"]}}],"collection":[{"href":"https:\/\/olemosaic.orbitalia.org\/pt-pt\/wp-json\/wp\/v2\/product"}],"about":[{"href":"https:\/\/olemosaic.orbitalia.org\/pt-pt\/wp-json\/wp\/v2\/types\/product"}],"wp:featuredmedia":[{"embeddable":true,"href":"https:\/\/olemosaic.orbitalia.org\/pt-pt\/wp-json\/wp\/v2\/media\/13524"}],"wp:attachment":[{"href":"https:\/\/olemosaic.orbitalia.org\/pt-pt\/wp-json\/wp\/v2\/media?parent=36801"}],"wp:term":[{"taxonomy":"product_brand","embeddable":true,"href":"https:\/\/olemosaic.orbitalia.org\/pt-pt\/wp-json\/wp\/v2\/product_brand?post=36801"},{"taxonomy":"product_cat","embeddable":true,"href":"https:\/\/olemosaic.orbitalia.org\/pt-pt\/wp-json\/wp\/v2\/product_cat?post=36801"},{"taxonomy":"product_tag","embeddable":true,"href":"https:\/\/olemosaic.orbitalia.org\/pt-pt\/wp-json\/wp\/v2\/product_tag?post=36801"}],"curies":[{"name":"wp","href":"https:\/\/api.w.org\/{rel}","templated":true}]}}