{"id":36799,"date":"2025-02-20T22:36:13","date_gmt":"2025-02-20T22:36:13","guid":{"rendered":"https:\/\/olemosaic.orbitalia.org\/producto\/iman-de-metal-flamenco-plata-8-cm\/"},"modified":"2025-07-25T20:36:24","modified_gmt":"2025-07-25T18:36:24","slug":"iman-de-metal-flamingo-prata-8-cm","status":"publish","type":"product","link":"https:\/\/olemosaic.orbitalia.org\/pt-pt\/produto\/iman-de-metal-flamingo-prata-8-cm\/","title":{"rendered":"\u00cdman de metal. Flamingo. Prata. 8 cm."},"content":{"rendered":"<p>\u00cdman met\u00e1lico decorado com flamingos entrela\u00e7ados: uma pe\u00e7a vibrante e cativante que captura a ess\u00eancia da fauna espanhola. Com medidas de 8 cm, este \u00edman destaca-se pelo seu design colorido, onde os flamingos se entrela\u00e7am num mosaico resplandecente de tons rosa, laranja e detalhes com contornos escuros. A representa\u00e7\u00e3o estilizada destas elegantes aves \u00e9 uma amostra da rica biodiversidade que se pode encontrar nas regi\u00f5es costeiras de Espanha, particularmente em zonas como Do\u00f1ana e a Albufera, onde os flamingos fazem parte ic\u00f3nica da paisagem. Este \u00edman n\u00e3o \u00e9 apenas funcional, mas tamb\u00e9m um atrativo decorativo que confere um toque art\u00edstico a qualquer superf\u00edcie magn\u00e9tica, seja o frigor\u00edfico de sua casa ou um quadro de avisos no escrit\u00f3rio. Elaborado em metal, este souvenir combina arte e cultura numa pe\u00e7a que celebra a beleza natural de Espanha, tornando-se a recorda\u00e7\u00e3o perfeita para turistas que procuram levar um peda\u00e7o da sua experi\u00eancia. Na Ol\u00e9 Mosaic, como distribuidores de souvenirs por grosso, oferecemos produtos aut\u00eanticos e com um valor cultural significativo, tornando este \u00edman uma op\u00e7\u00e3o ideal para lojas de presentes tur\u00edsticos que desejem proporcionar aos seus clientes uma recorda\u00e7\u00e3o coletiva da rica cultura espanhola.<\/p>\n","protected":false},"excerpt":{"rendered":"<p>\u00cdman met\u00e1lico decorado com um design vibrante de flamingos entrela\u00e7ados, que representa a eleg\u00e2ncia e singularidade da fauna espanhola. Com dimens\u00f5es de 8 cm, o seu colorido mosaico em tons rosa, laranja e detalhes em contornos escuros confere-lhe um grande apelo visual. Este produto \u00e9 ideal para recordar a beleza destas aves no seu habitat natural, combinando arte e cultura numa pe\u00e7a funcional, perfeita para qualquer superf\u00edcie magn\u00e9tica.<\/p>\n","protected":false},"featured_media":12865,"template":"","meta":{"_acf_changed":false},"product_brand":[],"product_cat":[699],"product_tag":[516],"class_list":{"0":"post-36799","1":"product","2":"type-product","3":"status-publish","4":"has-post-thumbnail","6":"product_cat-imanes","7":"product_tag-animais","8":"pa_motivo-flamingos","10":"first","11":"instock","12":"shipping-taxable","13":"product-type-simple"},"acf":[],"_links":{"self":[{"href":"https:\/\/olemosaic.orbitalia.org\/pt-pt\/wp-json\/wp\/v2\/product\/36799","targetHints":{"allow":["GET"]}}],"collection":[{"href":"https:\/\/olemosaic.orbitalia.org\/pt-pt\/wp-json\/wp\/v2\/product"}],"about":[{"href":"https:\/\/olemosaic.orbitalia.org\/pt-pt\/wp-json\/wp\/v2\/types\/product"}],"wp:featuredmedia":[{"embeddable":true,"href":"https:\/\/olemosaic.orbitalia.org\/pt-pt\/wp-json\/wp\/v2\/media\/12865"}],"wp:attachment":[{"href":"https:\/\/olemosaic.orbitalia.org\/pt-pt\/wp-json\/wp\/v2\/media?parent=36799"}],"wp:term":[{"taxonomy":"product_brand","embeddable":true,"href":"https:\/\/olemosaic.orbitalia.org\/pt-pt\/wp-json\/wp\/v2\/product_brand?post=36799"},{"taxonomy":"product_cat","embeddable":true,"href":"https:\/\/olemosaic.orbitalia.org\/pt-pt\/wp-json\/wp\/v2\/product_cat?post=36799"},{"taxonomy":"product_tag","embeddable":true,"href":"https:\/\/olemosaic.orbitalia.org\/pt-pt\/wp-json\/wp\/v2\/product_tag?post=36799"}],"curies":[{"name":"wp","href":"https:\/\/api.w.org\/{rel}","templated":true}]}}