{"id":36798,"date":"2025-02-20T22:36:12","date_gmt":"2025-02-20T22:36:12","guid":{"rendered":"https:\/\/olemosaic.orbitalia.org\/producto\/iman-de-metal-mariposa-negro-8-cm\/"},"modified":"2025-07-25T20:22:36","modified_gmt":"2025-07-25T18:22:36","slug":"iman-de-metal-borboleta-preto-8-cm","status":"publish","type":"product","link":"https:\/\/olemosaic.orbitalia.org\/pt-pt\/produto\/iman-de-metal-borboleta-preto-8-cm\/","title":{"rendered":"\u00cdman de metal. Borboleta. Preto. 8 cm."},"content":{"rendered":"<p>\u00cdman met\u00e1lico decorado com borboletas e flores coloridas, ideal para recordar a vibrante fauna espanhola. Este \u00edman, de 8 cm, apresenta um fundo preto que real\u00e7a as cores vivas das borboletas, engenhosamente desenhadas com um motivo de mosaico que captura a ess\u00eancia art\u00edstica da cultura espanhola. As borboletas, representadas numa variedade de tons, desde o vermelho vibrante at\u00e9 ao azul intenso, evocam a diversidade e beleza da natureza que caracteriza as regi\u00f5es espanholas, enquanto as flores coloridas acrescentam um toque de frescura e alegria.<\/p>\n<p>O design detalhado e artesanal do \u00edman torna-o um objeto decorativo e um aut\u00eantico souvenir que encapsula a rica biodiversidade e o folclore de Espanha. Perfeito para os turistas que procuram uma recorda\u00e7\u00e3o significativa que lhes lembre a beleza da fauna local, \u00e9 uma excelente op\u00e7\u00e3o para qualquer frigor\u00edfico ou superf\u00edcie met\u00e1lica.<\/p>\n<p>Na Ol\u00e9 Mosaic, oferecemos \u00edmanes que se destacam pela sua qualidade e autenticidade, ideais para lojas de presentes tur\u00edsticos que procuram souvenirs representativos de Espanha. Como distribuidores de \u00edmanes por grosso, garantimos que cada pe\u00e7a n\u00e3o seja apenas um atrativo decorativo, mas tamb\u00e9m um s\u00edmbolo da riqueza cultural e natural que define o nosso pa\u00eds.<\/p>\n","protected":false},"excerpt":{"rendered":"<p>\u00cdman met\u00e1lico decorado com borboletas e flores de cores vivas, ideal para recordar a vibrante fauna espanhola. Com um tamanho de 8 cm, apresenta um fundo preto que real\u00e7a as cores das borboletas, desenhadas com um motivo de mosaico. Este \u00edman \u00e9 perfeito para adicionar um toque art\u00edstico a qualquer espa\u00e7o, evocando o folclore e a natureza que caracterizam a cultura espanhola.<\/p>\n","protected":false},"featured_media":11444,"template":"","meta":{"_acf_changed":false},"product_brand":[],"product_cat":[699],"product_tag":[516],"class_list":{"0":"post-36798","1":"product","2":"type-product","3":"status-publish","4":"has-post-thumbnail","6":"product_cat-imanes","7":"product_tag-animais","8":"pa_motivo-borboletas","10":"first","11":"instock","12":"shipping-taxable","13":"product-type-simple"},"acf":[],"_links":{"self":[{"href":"https:\/\/olemosaic.orbitalia.org\/pt-pt\/wp-json\/wp\/v2\/product\/36798","targetHints":{"allow":["GET"]}}],"collection":[{"href":"https:\/\/olemosaic.orbitalia.org\/pt-pt\/wp-json\/wp\/v2\/product"}],"about":[{"href":"https:\/\/olemosaic.orbitalia.org\/pt-pt\/wp-json\/wp\/v2\/types\/product"}],"wp:featuredmedia":[{"embeddable":true,"href":"https:\/\/olemosaic.orbitalia.org\/pt-pt\/wp-json\/wp\/v2\/media\/11444"}],"wp:attachment":[{"href":"https:\/\/olemosaic.orbitalia.org\/pt-pt\/wp-json\/wp\/v2\/media?parent=36798"}],"wp:term":[{"taxonomy":"product_brand","embeddable":true,"href":"https:\/\/olemosaic.orbitalia.org\/pt-pt\/wp-json\/wp\/v2\/product_brand?post=36798"},{"taxonomy":"product_cat","embeddable":true,"href":"https:\/\/olemosaic.orbitalia.org\/pt-pt\/wp-json\/wp\/v2\/product_cat?post=36798"},{"taxonomy":"product_tag","embeddable":true,"href":"https:\/\/olemosaic.orbitalia.org\/pt-pt\/wp-json\/wp\/v2\/product_tag?post=36798"}],"curies":[{"name":"wp","href":"https:\/\/api.w.org\/{rel}","templated":true}]}}