{"id":36777,"date":"2025-02-20T23:36:12","date_gmt":"2025-02-20T22:36:12","guid":{"rendered":"https:\/\/olemosaic.orbitalia.org\/producto\/iman-de-metal-tortuga-mallorca-azul-8-cm-2\/"},"modified":"2025-07-26T00:00:39","modified_gmt":"2025-07-25T22:00:39","slug":"iman-de-metal-tartaruga-maiorca-azul-8-cm-2","status":"publish","type":"product","link":"https:\/\/olemosaic.orbitalia.org\/pt-pt\/produto\/iman-de-metal-tartaruga-maiorca-azul-8-cm-2\/","title":{"rendered":"\u00cdman de metal. Tartaruga. Ilha. Maiorca. Azul. 8 cm."},"content":{"rendered":"<p>\u00cdman de metal de tartarugas marinhas de Maiorca<\/p>\n<p>Este \u00edman de metal de 8 cm \u00e9 uma recorda\u00e7\u00e3o vibrante das belas \u00e1guas de Maiorca, destacando a rica vida marinha que caracteriza a ilha. A ilustra\u00e7\u00e3o colorida mostra diversas tartarugas marinhas a nadar num oceano azul profundo, criando um contraste espetacular com os in\u00fameros elementos marinhos que adornam o fundo. Entre corais e peixes brincalh\u00f5es, a cena \u00e9 desenhada com um estilo de mosaico que real\u00e7a a luminosidade de cada figura, convidando os observadores a apreciar a beleza do ambiente submarino.<\/p>\n<p>A palavra &#8220;MALLORCA&#8221; surge com letras chamativas na parte superior, evocando instantaneamente a liga\u00e7\u00e3o com esta id\u00edlica regi\u00e3o mediterr\u00e2nica. Este \u00edman n\u00e3o \u00e9 apenas um artigo decorativo, mas uma recorda\u00e7\u00e3o aut\u00eantica que capta a ess\u00eancia da vida marinha maiorquina, perfeito para aqueles que desejam levar para casa um peda\u00e7o desta ilha m\u00e1gica.<\/p>\n<p>Na Ol\u00e9 Mosaic, especializamo-nos na distribui\u00e7\u00e3o de recorda\u00e7\u00f5es por grosso, e este \u00edman de tartarugas marinhas de Maiorca \u00e9 uma op\u00e7\u00e3o ideal para lojas de presentes tur\u00edsticos que procuram produtos aut\u00eanticos e representativos. O seu design atraente e significado cultural tornam-no um excelente presente para turistas e um excelente complemento para qualquer cole\u00e7\u00e3o de recorda\u00e7\u00f5es de Maiorca.<\/p>\n","protected":false},"excerpt":{"rendered":"<p>\u00cdman met\u00e1lico de 8 cm inspirado nas tartarugas marinhas de Maiorca. Este \u00edman colorido apresenta uma ilustra\u00e7\u00e3o vibrante com tartarugas a nadar sobre um fundo azul, rodeadas de elementos marinhos como corais e peixes, tudo num estilo mosaico. A palavra &#8220;MALLORCA&#8221; destaca-se na parte superior, complementando esta alegre e pitoresca recorda\u00e7\u00e3o que capta a ess\u00eancia da vida submarina da ilha. Ideal para levar um pedacinho de Maiorca para casa.<\/p>\n","protected":false},"featured_media":12864,"template":"","meta":{"_acf_changed":false},"product_brand":[],"product_cat":[699],"product_tag":[516],"class_list":{"0":"post-36777","1":"product","2":"type-product","3":"status-publish","4":"has-post-thumbnail","6":"product_cat-imanes","7":"product_tag-animais","8":"pa_ciudad-mallorca","9":"pa_motivo-tartarugas","10":"pa_pais-espana","12":"first","13":"instock","14":"shipping-taxable","15":"product-type-simple"},"acf":[],"_links":{"self":[{"href":"https:\/\/olemosaic.orbitalia.org\/pt-pt\/wp-json\/wp\/v2\/product\/36777","targetHints":{"allow":["GET"]}}],"collection":[{"href":"https:\/\/olemosaic.orbitalia.org\/pt-pt\/wp-json\/wp\/v2\/product"}],"about":[{"href":"https:\/\/olemosaic.orbitalia.org\/pt-pt\/wp-json\/wp\/v2\/types\/product"}],"wp:featuredmedia":[{"embeddable":true,"href":"https:\/\/olemosaic.orbitalia.org\/pt-pt\/wp-json\/wp\/v2\/media\/12864"}],"wp:attachment":[{"href":"https:\/\/olemosaic.orbitalia.org\/pt-pt\/wp-json\/wp\/v2\/media?parent=36777"}],"wp:term":[{"taxonomy":"product_brand","embeddable":true,"href":"https:\/\/olemosaic.orbitalia.org\/pt-pt\/wp-json\/wp\/v2\/product_brand?post=36777"},{"taxonomy":"product_cat","embeddable":true,"href":"https:\/\/olemosaic.orbitalia.org\/pt-pt\/wp-json\/wp\/v2\/product_cat?post=36777"},{"taxonomy":"product_tag","embeddable":true,"href":"https:\/\/olemosaic.orbitalia.org\/pt-pt\/wp-json\/wp\/v2\/product_tag?post=36777"}],"curies":[{"name":"wp","href":"https:\/\/api.w.org\/{rel}","templated":true}]}}