{"id":36773,"date":"2025-02-20T23:36:11","date_gmt":"2025-02-20T22:36:11","guid":{"rendered":"https:\/\/olemosaic.orbitalia.org\/producto\/iman-de-metal-toro-negro-8-cm-4\/"},"modified":"2025-07-25T20:36:38","modified_gmt":"2025-07-25T18:36:38","slug":"iman-de-metal-touro-preto-8-cm-4","status":"publish","type":"product","link":"https:\/\/olemosaic.orbitalia.org\/pt-pt\/produto\/iman-de-metal-touro-preto-8-cm-4\/","title":{"rendered":"\u00cdman de metal. Touro. Preto. Espanha. 8 cm."},"content":{"rendered":"<p>\u00cdman met\u00e1lico de touro colorido, representativo da rica cultura espanhola. Com dimens\u00f5es de 8 cm, este \u00edman apresenta um design vibrante em forma de touro, um s\u00edmbolo emblem\u00e1tico que encapsula o esp\u00edrito do folclore espanhol. O seu corpo est\u00e1 adornado com um mosaico de formas geom\u00e9tricas que exibe uma espetacular combina\u00e7\u00e3o de cores: vermelho, azul, verde e amarelo, criando um apelo visual cativante sobre um fundo preto que real\u00e7a a sua beleza. Os cornos proeminentes e os detalhes estilizados do touro n\u00e3o s\u00f3 conferem um acabamento impressionante, como tamb\u00e9m simbolizam a tradi\u00e7\u00e3o taurom\u00e1quica, profundamente enraizada na cultura espanhola.<\/p>\n<p>Este \u00edman n\u00e3o \u00e9 apenas um objeto decorativo, mas uma recorda\u00e7\u00e3o perfeita para quem deseja recordar a sua visita a Espanha com um objeto aut\u00eantico e cheio de significado. O seu design moderno funde arte e tradi\u00e7\u00e3o, tornando-o ideal para turistas e colecionadores de recorda\u00e7\u00f5es. Na Ol\u00e9 Mosaic, orgulhamo-nos de ser distribuidores de recorda\u00e7\u00f5es de alta qualidade, e este \u00edman de touro \u00e9 uma excelente adi\u00e7\u00e3o a qualquer loja de presentes tur\u00edsticos. Oferecemos \u00edmanes por grosso, garantindo que cada pe\u00e7a conte uma hist\u00f3ria da rica heran\u00e7a cultural espanhola.<\/p>\n","protected":false},"excerpt":{"rendered":"<p>\u00cdman met\u00e1lico de 8 cm com um design vibrante de touro, s\u00edmbolo ic\u00f3nico da cultura espanhola. Este \u00edman apresenta um colorido mosaico de formas geom\u00e9tricas em tons de vermelho, azul, verde e amarelo, sobre um fundo preto que real\u00e7a a sua beleza. A forma ic\u00f3nica do touro, com os seus cornos proeminentes e detalhes estilizados, capta a ess\u00eancia do folclore espanhol, tornando-o a recorda\u00e7\u00e3o perfeita para recordar a sua visita a Espanha.<\/p>\n","protected":false},"featured_media":6960,"template":"","meta":{"_acf_changed":false},"product_brand":[],"product_cat":[699],"product_tag":[516],"class_list":{"0":"post-36773","1":"product","2":"type-product","3":"status-publish","4":"has-post-thumbnail","6":"product_cat-imanes","7":"product_tag-animais","8":"pa_motivo-touros","10":"first","11":"instock","12":"shipping-taxable","13":"product-type-simple"},"acf":[],"_links":{"self":[{"href":"https:\/\/olemosaic.orbitalia.org\/pt-pt\/wp-json\/wp\/v2\/product\/36773","targetHints":{"allow":["GET"]}}],"collection":[{"href":"https:\/\/olemosaic.orbitalia.org\/pt-pt\/wp-json\/wp\/v2\/product"}],"about":[{"href":"https:\/\/olemosaic.orbitalia.org\/pt-pt\/wp-json\/wp\/v2\/types\/product"}],"wp:featuredmedia":[{"embeddable":true,"href":"https:\/\/olemosaic.orbitalia.org\/pt-pt\/wp-json\/wp\/v2\/media\/6960"}],"wp:attachment":[{"href":"https:\/\/olemosaic.orbitalia.org\/pt-pt\/wp-json\/wp\/v2\/media?parent=36773"}],"wp:term":[{"taxonomy":"product_brand","embeddable":true,"href":"https:\/\/olemosaic.orbitalia.org\/pt-pt\/wp-json\/wp\/v2\/product_brand?post=36773"},{"taxonomy":"product_cat","embeddable":true,"href":"https:\/\/olemosaic.orbitalia.org\/pt-pt\/wp-json\/wp\/v2\/product_cat?post=36773"},{"taxonomy":"product_tag","embeddable":true,"href":"https:\/\/olemosaic.orbitalia.org\/pt-pt\/wp-json\/wp\/v2\/product_tag?post=36773"}],"curies":[{"name":"wp","href":"https:\/\/api.w.org\/{rel}","templated":true}]}}