{"id":36771,"date":"2025-02-20T23:36:11","date_gmt":"2025-02-20T22:36:11","guid":{"rendered":"https:\/\/olemosaic.orbitalia.org\/producto\/iman-de-metal-salamandra-negro-8-cm-2\/"},"modified":"2025-07-25T20:30:19","modified_gmt":"2025-07-25T18:30:19","slug":"iman-de-metal-salamandra-mosaico-preto-8-cm","status":"publish","type":"product","link":"https:\/\/olemosaic.orbitalia.org\/pt-pt\/produto\/iman-de-metal-salamandra-mosaico-preto-8-cm\/","title":{"rendered":"\u00cdman de metal. Salamandra. Mosaico. Preto. 8 cm."},"content":{"rendered":"<p>\u00cdman met\u00e1lico de salamandras em cores vibrantes. Este encantador \u00edman de 8 cm foi concebido para trazer um pedacinho do folclore e da biodiversidade da regi\u00e3o, mostrando um grupo de salamandras numa variedade de cores brilhantes, que v\u00e3o do azul ao verde, vermelho e amarelo, sobre um elegante fundo preto. A t\u00e9cnica de impress\u00e3o utilizada real\u00e7a a beleza de cada salamandra, proporcionando um acabamento atraente e duradouro que captar\u00e1 a aten\u00e7\u00e3o de todos. O design em efeito mosaico n\u00e3o s\u00f3 destaca a singularidade destas criaturas, como tamb\u00e9m se inspira na rica heran\u00e7a cultural da arte musiva presente em diversas tradi\u00e7\u00f5es de Espanha e Portugal.<\/p>\n<p>Este \u00edman n\u00e3o \u00e9 apenas uma recorda\u00e7\u00e3o encantadora, mas tamb\u00e9m tem um valor significativo como mem\u00f3ria de uma experi\u00eancia inesquec\u00edvel. Perfeito para colocar no frigor\u00edfico ou como parte de uma cole\u00e7\u00e3o, este \u00edman de salamandras representa a liga\u00e7\u00e3o do visitante com a rica biodiversidade da regi\u00e3o. Na Ol\u00e9 Mosaic, orgulhamo-nos de oferecer produtos aut\u00eanticos, ideais para lojas de presentes tur\u00edsticos que procuram souvenirs \u00fanicos e representativos. Este \u00edman \u00e9 uma excelente op\u00e7\u00e3o para aqueles que desejam levar consigo um s\u00edmbolo vibrante da sua viagem, tornando cada visita uma recorda\u00e7\u00e3o indel\u00e9vel.<\/p>\n","protected":false},"excerpt":{"rendered":"<p>\u00cdman met\u00e1lico de 8 cm com um design vibrante de salamandras em cores brilhantes. A pe\u00e7a destaca-se pelo seu fundo preto, que real\u00e7a as salamandras em tons de azul, verde, vermelho e amarelo, com um elegante efeito mosaico. A t\u00e9cnica de impress\u00e3o utilizada oferece um acabamento atraente e duradouro, ideal para recordar a rica biodiversidade e o folclore da regi\u00e3o. Perfeito para colecionadores ou como recorda\u00e7\u00e3o de uma experi\u00eancia inesquec\u00edvel.<\/p>\n","protected":false},"featured_media":7464,"template":"","meta":{"_acf_changed":false},"product_brand":[],"product_cat":[699],"product_tag":[516],"class_list":{"0":"post-36771","1":"product","2":"type-product","3":"status-publish","4":"has-post-thumbnail","6":"product_cat-imanes","7":"product_tag-animais","8":"pa_motivo-salamandras","10":"first","11":"instock","12":"shipping-taxable","13":"product-type-simple"},"acf":[],"_links":{"self":[{"href":"https:\/\/olemosaic.orbitalia.org\/pt-pt\/wp-json\/wp\/v2\/product\/36771","targetHints":{"allow":["GET"]}}],"collection":[{"href":"https:\/\/olemosaic.orbitalia.org\/pt-pt\/wp-json\/wp\/v2\/product"}],"about":[{"href":"https:\/\/olemosaic.orbitalia.org\/pt-pt\/wp-json\/wp\/v2\/types\/product"}],"wp:featuredmedia":[{"embeddable":true,"href":"https:\/\/olemosaic.orbitalia.org\/pt-pt\/wp-json\/wp\/v2\/media\/7464"}],"wp:attachment":[{"href":"https:\/\/olemosaic.orbitalia.org\/pt-pt\/wp-json\/wp\/v2\/media?parent=36771"}],"wp:term":[{"taxonomy":"product_brand","embeddable":true,"href":"https:\/\/olemosaic.orbitalia.org\/pt-pt\/wp-json\/wp\/v2\/product_brand?post=36771"},{"taxonomy":"product_cat","embeddable":true,"href":"https:\/\/olemosaic.orbitalia.org\/pt-pt\/wp-json\/wp\/v2\/product_cat?post=36771"},{"taxonomy":"product_tag","embeddable":true,"href":"https:\/\/olemosaic.orbitalia.org\/pt-pt\/wp-json\/wp\/v2\/product_tag?post=36771"}],"curies":[{"name":"wp","href":"https:\/\/api.w.org\/{rel}","templated":true}]}}