{"id":36770,"date":"2025-02-20T23:36:10","date_gmt":"2025-02-20T22:36:10","guid":{"rendered":"https:\/\/olemosaic.orbitalia.org\/producto\/iman-de-metal-salamandra-fuerteventura-8-cm-2\/"},"modified":"2025-07-25T19:57:36","modified_gmt":"2025-07-25T17:57:36","slug":"iman-de-metal-salamandra-fuerteventura-canarias-8-cm","status":"publish","type":"product","link":"https:\/\/olemosaic.orbitalia.org\/pt-pt\/produto\/iman-de-metal-salamandra-fuerteventura-canarias-8-cm\/","title":{"rendered":"\u00cdman de metal. Salamandra. Fuerteventura. Can\u00e1rias. 8 cm."},"content":{"rendered":"<p>\u00cdman met\u00e1lico de salamandras de Fuerteventura<\/p>\n<p>Este \u00edman met\u00e1lico de Fuerteventura \u00e9 uma recorda\u00e7\u00e3o encantadora que capta a ess\u00eancia vibrante das Ilhas Can\u00e1rias. Com um tamanho de 8 cm, este atraente \u00edman apresenta um design colorido que se destaca pela sua rica composi\u00e7\u00e3o de mosaicos, incorporando salamandras em diversas posi\u00e7\u00f5es que evocam a rica biodiversidade da ilha. As salamandras s\u00e3o ilustradas com padr\u00f5es intrincados e cores vibrantes que se destacam sobre um fundo azul, o qual simboliza o mar cristalino que rodeia Fuerteventura. Decorado \u00e0 m\u00e3o, cada detalhe \u00e9 uma celebra\u00e7\u00e3o da arte local, o que garante que cada \u00edman seja uma pe\u00e7a \u00fanica.<\/p>\n<p>O texto &#8220;FUERTEVENTURA&#8221; est\u00e1 elegantemente integrado no design, acrescentando um toque distintivo que refor\u00e7a a liga\u00e7\u00e3o com a regi\u00e3o. Esta pe\u00e7a n\u00e3o \u00e9 apenas um \u00edman decorativo, mas tamb\u00e9m uma recorda\u00e7\u00e3o aut\u00eantica que simboliza a beleza e a diversidade natural de Fuerteventura, tornando-o o presente perfeito para turistas que procuram captar a ess\u00eancia da sua visita. Na Ol\u00e9 Mosaic, como distribuidores de souvenirs por grosso, oferecemos este \u00edman de salamandras, ideal para lojas de presentes tur\u00edsticos que procuram produtos aut\u00eanticos e representativos da cultura can\u00e1ria.<\/p>\n","protected":false},"excerpt":{"rendered":"<p>\u00cdman met\u00e1lico de 8 cm, decorado com um colorido design de salamandras inspirado em Fuerteventura. Este atraente \u00edman apresenta uma rica composi\u00e7\u00e3o de mosaicos, com cores vibrantes e detalhes pintados \u00e0 m\u00e3o, que representam salamandras em diversas posturas sobre um fundo azul que evoca o mar. A inscri\u00e7\u00e3o &#8220;FUERTEVENTURA&#8221; acrescenta um toque distintivo, tornando este \u00edman o souvenir perfeito para recordar a beleza das Ilhas Can\u00e1rias.<\/p>\n","protected":false},"featured_media":13525,"template":"","meta":{"_acf_changed":false},"product_brand":[],"product_cat":[699],"product_tag":[516],"class_list":{"0":"post-36770","1":"product","2":"type-product","3":"status-publish","4":"has-post-thumbnail","6":"product_cat-imanes","7":"product_tag-animais","8":"pa_ciudad-fuerteventura","9":"pa_motivo-salamandras","10":"pa_pais-espana","12":"first","13":"instock","14":"shipping-taxable","15":"product-type-simple"},"acf":[],"_links":{"self":[{"href":"https:\/\/olemosaic.orbitalia.org\/pt-pt\/wp-json\/wp\/v2\/product\/36770","targetHints":{"allow":["GET"]}}],"collection":[{"href":"https:\/\/olemosaic.orbitalia.org\/pt-pt\/wp-json\/wp\/v2\/product"}],"about":[{"href":"https:\/\/olemosaic.orbitalia.org\/pt-pt\/wp-json\/wp\/v2\/types\/product"}],"wp:featuredmedia":[{"embeddable":true,"href":"https:\/\/olemosaic.orbitalia.org\/pt-pt\/wp-json\/wp\/v2\/media\/13525"}],"wp:attachment":[{"href":"https:\/\/olemosaic.orbitalia.org\/pt-pt\/wp-json\/wp\/v2\/media?parent=36770"}],"wp:term":[{"taxonomy":"product_brand","embeddable":true,"href":"https:\/\/olemosaic.orbitalia.org\/pt-pt\/wp-json\/wp\/v2\/product_brand?post=36770"},{"taxonomy":"product_cat","embeddable":true,"href":"https:\/\/olemosaic.orbitalia.org\/pt-pt\/wp-json\/wp\/v2\/product_cat?post=36770"},{"taxonomy":"product_tag","embeddable":true,"href":"https:\/\/olemosaic.orbitalia.org\/pt-pt\/wp-json\/wp\/v2\/product_tag?post=36770"}],"curies":[{"name":"wp","href":"https:\/\/api.w.org\/{rel}","templated":true}]}}