{"id":36768,"date":"2025-02-20T23:36:10","date_gmt":"2025-02-20T22:36:10","guid":{"rendered":"https:\/\/olemosaic.orbitalia.org\/producto\/iman-de-metal-salamandra-barcelona-8-cm\/"},"modified":"2025-07-25T23:47:33","modified_gmt":"2025-07-25T21:47:33","slug":"iman-de-metal-salamandra-barcelona-8-cm-pt-pt","status":"publish","type":"product","link":"https:\/\/olemosaic.orbitalia.org\/pt-pt\/produto\/iman-de-metal-salamandra-barcelona-8-cm-pt-pt\/","title":{"rendered":"\u00cdman de metal. Salamandra. Barcelona. 8 cm."},"content":{"rendered":"<p>\u00cdman met\u00e1lico de salamandra de Barcelona<\/p>\n<p>Este \u00edman met\u00e1lico de 8 cm \u00e9 uma recorda\u00e7\u00e3o vibrante de Barcelona, que capta a ess\u00eancia art\u00edstica da cidade atrav\u00e9s de uma colorida salamandra inspirada nos mosaicos de Antoni Gaud\u00ed. O design pintado \u00e0 m\u00e3o apresenta uma paleta de cores vivas, incluindo azuis intensos, verdes exuberantes e vermelhos apaixonados, evocando a riqueza visual da arquitetura modernista. A salamandra situa-se sobre um fundo decorado com padr\u00f5es de trencad\u00eds, o famoso estilo de mosaico que tornou Barcelona uma refer\u00eancia da arte no espa\u00e7o p\u00fablico. A palavra &#8220;Barcelona&#8221; destaca-se na parte superior, fazendo deste \u00edman um souvenir inconfund\u00edvel e aut\u00eantico, que n\u00e3o s\u00f3 adorna, mas tamb\u00e9m serve como recorda\u00e7\u00e3o dos momentos vividos na cidade.<\/p>\n<p>Este \u00edman de salamandra n\u00e3o \u00e9 apenas uma forma pr\u00e1tica de manter as mem\u00f3rias \u00e0 vista, mas tamb\u00e9m representa um profundo legado cultural, simbolizando a liga\u00e7\u00e3o entre a natureza e a arte que caracteriza a obra de Gaud\u00ed. Na Ol\u00e9 Mosaic, especializamo-nos na distribui\u00e7\u00e3o de souvenirs por grosso, e este \u00edman \u00e9 uma excelente op\u00e7\u00e3o para lojas de presentes tur\u00edsticos que procuram oferecer produtos aut\u00eanticos e de alta qualidade. Com a sua representa\u00e7\u00e3o detalhada e cores vibrantes, este \u00edman de Barcelona \u00e9 ideal para os turistas que desejam levar consigo um peda\u00e7o da magia da cidade. Ao escolher este souvenir, n\u00e3o se adquire apenas um objeto decorativo, mas tamb\u00e9m um s\u00edmbolo do patrim\u00f3nio cultural catal\u00e3o.<\/p>\n","protected":false},"excerpt":{"rendered":"<p>\u00cdman met\u00e1lico de 8 cm com uma vibrante salamandra, inspirada nos coloridos mosaicos de Barcelona. Este atraente souvenir apresenta um design artesanal, pintado \u00e0 m\u00e3o, com uma paleta de cores vivas, como azuis, verdes e vermelhos, sobre um fundo com padr\u00f5es de trencad\u00eds, emblem\u00e1ticos da obra do arquiteto Antoni Gaud\u00ed. A palavra &#8220;Barcelona&#8221; destaca-se na parte superior, tornando-o uma excelente recorda\u00e7\u00e3o da cidade.<\/p>\n","protected":false},"featured_media":12871,"template":"","meta":{"_acf_changed":false},"product_brand":[],"product_cat":[699],"product_tag":[516],"class_list":{"0":"post-36768","1":"product","2":"type-product","3":"status-publish","4":"has-post-thumbnail","6":"product_cat-imanes","7":"product_tag-animais","8":"pa_ciudad-barcelona","9":"pa_motivo-salamandras","10":"pa_pais-espana","12":"first","13":"instock","14":"shipping-taxable","15":"product-type-simple"},"acf":[],"_links":{"self":[{"href":"https:\/\/olemosaic.orbitalia.org\/pt-pt\/wp-json\/wp\/v2\/product\/36768","targetHints":{"allow":["GET"]}}],"collection":[{"href":"https:\/\/olemosaic.orbitalia.org\/pt-pt\/wp-json\/wp\/v2\/product"}],"about":[{"href":"https:\/\/olemosaic.orbitalia.org\/pt-pt\/wp-json\/wp\/v2\/types\/product"}],"wp:featuredmedia":[{"embeddable":true,"href":"https:\/\/olemosaic.orbitalia.org\/pt-pt\/wp-json\/wp\/v2\/media\/12871"}],"wp:attachment":[{"href":"https:\/\/olemosaic.orbitalia.org\/pt-pt\/wp-json\/wp\/v2\/media?parent=36768"}],"wp:term":[{"taxonomy":"product_brand","embeddable":true,"href":"https:\/\/olemosaic.orbitalia.org\/pt-pt\/wp-json\/wp\/v2\/product_brand?post=36768"},{"taxonomy":"product_cat","embeddable":true,"href":"https:\/\/olemosaic.orbitalia.org\/pt-pt\/wp-json\/wp\/v2\/product_cat?post=36768"},{"taxonomy":"product_tag","embeddable":true,"href":"https:\/\/olemosaic.orbitalia.org\/pt-pt\/wp-json\/wp\/v2\/product_tag?post=36768"}],"curies":[{"name":"wp","href":"https:\/\/api.w.org\/{rel}","templated":true}]}}