{"id":36767,"date":"2025-02-20T22:36:10","date_gmt":"2025-02-20T22:36:10","guid":{"rendered":"https:\/\/olemosaic.orbitalia.org\/producto\/iman-de-metal-salamandra-barcelona-azul-8-cm\/"},"modified":"2025-07-25T20:40:41","modified_gmt":"2025-07-25T18:40:41","slug":"iman-de-metal-salamandra-barcelona-azul-8-cm-pt-pt","status":"publish","type":"product","link":"https:\/\/olemosaic.orbitalia.org\/pt-pt\/produto\/iman-de-metal-salamandra-barcelona-azul-8-cm-pt-pt\/","title":{"rendered":"\u00cdman de metal. Salamandra. Barcelona. Azul. 8 cm."},"content":{"rendered":"<p>\u00cdman met\u00e1lico de salamandra de Barcelona<\/p>\n<p>Este atraente \u00edman met\u00e1lico de 8 cm \u00e9 uma representa\u00e7\u00e3o vibrante e colorida da salamandra, um s\u00edmbolo ic\u00f3nico da arquitetura modernista de Barcelona. Desenhado com um cativante mosaico de cores brilhantes que abrange tonalidades de azul, verde, amarelo e vermelho, capta a ess\u00eancia art\u00edstica da cidade. A salamandra, uma figura associada ao famoso arquiteto Antoni Gaud\u00ed, \u00e9 exibida sobre um fundo azul que intensifica os seus detalhes e matizes, fazendo com que este souvenir se destaque em qualquer superf\u00edcie met\u00e1lica.<\/p>\n<p>A palavra &#8220;Barcelona&#8221;, gravada elegantemente na lateral do \u00edman, refor\u00e7a a sua liga\u00e7\u00e3o com esta emblem\u00e1tica cidade. Este \u00edman n\u00e3o s\u00f3 \u00e9 funcional, como tamb\u00e9m atua como um lembrete visual da rica cultura e do patrim\u00f3nio art\u00edstico de Barcelona. Com o seu design cuidadosamente elaborado, \u00e9 uma excelente recorda\u00e7\u00e3o para aqueles que procuram levar um pedacinho da cidade, bem como um presente perfeito que combina arte e beleza.<\/p>\n<p>Na Ol\u00e9 Mosaic, somos distribuidores de souvenirs por grosso e oferecemos uma vasta gama de \u00edmanes como este, que prestam homenagem \u00e0 singularidade de Barcelona. Este \u00edman de salamandra \u00e9 ideal para lojas de presentes tur\u00edsticos que procuram produtos aut\u00eanticos e representativos da cultura espanhola.<\/p>\n","protected":false},"excerpt":{"rendered":"<p>\u00cdman met\u00e1lico de 8 cm com design de uma salamandra, que evoca a colorida ess\u00eancia de Barcelona. Este \u00edman apresenta uma representa\u00e7\u00e3o vibrante e detalhada da salamandra, desenhada com um mosaico de cores brilhantes sobre um fundo azul. A palavra &#8220;Barcelona&#8221; est\u00e1 gravada na lateral, refor\u00e7ando a liga\u00e7\u00e3o com a cidade. Uma recorda\u00e7\u00e3o ideal que combina arte e funcionalidade, perfeita para decorar qualquer espa\u00e7o.<\/p>\n","protected":false},"featured_media":8150,"template":"","meta":{"_acf_changed":false},"product_brand":[],"product_cat":[699],"product_tag":[516],"class_list":{"0":"post-36767","1":"product","2":"type-product","3":"status-publish","4":"has-post-thumbnail","6":"product_cat-imanes","7":"product_tag-animais","8":"pa_ciudad-barcelona","9":"pa_motivo-salamandras","10":"pa_pais-espana","12":"first","13":"instock","14":"shipping-taxable","15":"product-type-simple"},"acf":[],"_links":{"self":[{"href":"https:\/\/olemosaic.orbitalia.org\/pt-pt\/wp-json\/wp\/v2\/product\/36767","targetHints":{"allow":["GET"]}}],"collection":[{"href":"https:\/\/olemosaic.orbitalia.org\/pt-pt\/wp-json\/wp\/v2\/product"}],"about":[{"href":"https:\/\/olemosaic.orbitalia.org\/pt-pt\/wp-json\/wp\/v2\/types\/product"}],"wp:featuredmedia":[{"embeddable":true,"href":"https:\/\/olemosaic.orbitalia.org\/pt-pt\/wp-json\/wp\/v2\/media\/8150"}],"wp:attachment":[{"href":"https:\/\/olemosaic.orbitalia.org\/pt-pt\/wp-json\/wp\/v2\/media?parent=36767"}],"wp:term":[{"taxonomy":"product_brand","embeddable":true,"href":"https:\/\/olemosaic.orbitalia.org\/pt-pt\/wp-json\/wp\/v2\/product_brand?post=36767"},{"taxonomy":"product_cat","embeddable":true,"href":"https:\/\/olemosaic.orbitalia.org\/pt-pt\/wp-json\/wp\/v2\/product_cat?post=36767"},{"taxonomy":"product_tag","embeddable":true,"href":"https:\/\/olemosaic.orbitalia.org\/pt-pt\/wp-json\/wp\/v2\/product_tag?post=36767"}],"curies":[{"name":"wp","href":"https:\/\/api.w.org\/{rel}","templated":true}]}}