{"id":36728,"date":"2025-02-20T22:36:07","date_gmt":"2025-02-20T22:36:07","guid":{"rendered":"https:\/\/olemosaic.orbitalia.org\/producto\/iman-de-metal-casa-batllo-barcelona-negro-8-cm\/"},"modified":"2025-07-25T23:26:43","modified_gmt":"2025-07-25T21:26:43","slug":"iman-de-metal-casa-batllo-barcelona-preto-8-cm","status":"publish","type":"product","link":"https:\/\/olemosaic.orbitalia.org\/pt-pt\/produto\/iman-de-metal-casa-batllo-barcelona-preto-8-cm\/","title":{"rendered":"\u00cdman de metal. Casa Batll\u00f3. Barcelona. Preto. 8 cm."},"content":{"rendered":"<p>\u00cdman met\u00e1lico da emblem\u00e1tica Casa Batll\u00f3 de Barcelona, uma recorda\u00e7\u00e3o que capta a ess\u00eancia do modernismo catal\u00e3o atrav\u00e9s de um design vibrante de mosaico. Com 8 cm de tamanho, este \u00edman destaca-se pela sua paleta de cores vivas, que reflete a riqueza e diversidade das cer\u00e2micas utilizadas pelo c\u00e9lebre arquiteto Antoni Gaud\u00ed na sua obra-prima. A ilustra\u00e7\u00e3o mostra o inconfund\u00edvel perfil da Casa Batll\u00f3 com o seu telhado ondulado, que simula as escamas de um drag\u00e3o, e os elementos de design que tornam esta constru\u00e7\u00e3o \u00fanica. O fundo preto real\u00e7a as cores do mosaico, conferindo um contraste que faz com que cada detalhe resplande\u00e7a.<\/p>\n<p>Este \u00edman n\u00e3o \u00e9 apenas um acess\u00f3rio pr\u00e1tico para decorar qualquer superf\u00edcie met\u00e1lica, mas tamb\u00e9m serve como uma recorda\u00e7\u00e3o representativa de uma das joias arquitet\u00f3nicas de Barcelona. Torna-se uma excelente op\u00e7\u00e3o de presente original para quem deseja levar um pedacinho desta cidade, culturalmente rica, para o seu lar. Na Ol\u00e9 Mosaic, somos especialistas na distribui\u00e7\u00e3o de recorda\u00e7\u00f5es por grosso, e este \u00edman da Casa Batll\u00f3 encaixa perfeitamente na nossa oferta de produtos aut\u00eanticos e de qualidade. Ideal para lojas de recorda\u00e7\u00f5es tur\u00edsticas que procuram souvenirs de Barcelona que realmente representem o esp\u00edrito da cidade.<\/p>\n","protected":false},"excerpt":{"rendered":"<p>\u00cdman met\u00e1lico inspirado na emblem\u00e1tica Casa Batll\u00f3 de Barcelona, com um design vibrante de mosaico que real\u00e7a a sua arquitetura modernista. Este \u00edman, de 8 cm, apresenta uma paleta de cores vivas que refletem a riqueza das cer\u00e2micas de Gaud\u00ed e destaca o famoso perfil do edif\u00edcio com o seu distintivo telhado ondulado. Ideal para levar um pedacinho de Barcelona para o seu lar ou como presente original.<\/p>\n","protected":false},"featured_media":6950,"template":"","meta":{"_acf_changed":false},"product_brand":[],"product_cat":[699],"product_tag":[],"class_list":{"0":"post-36728","1":"product","2":"type-product","3":"status-publish","4":"has-post-thumbnail","6":"product_cat-imanes","7":"pa_ciudad-barcelona","8":"pa_motivo-casa-batllo","9":"pa_pais-espana","11":"first","12":"instock","13":"shipping-taxable","14":"product-type-simple"},"acf":[],"_links":{"self":[{"href":"https:\/\/olemosaic.orbitalia.org\/pt-pt\/wp-json\/wp\/v2\/product\/36728","targetHints":{"allow":["GET"]}}],"collection":[{"href":"https:\/\/olemosaic.orbitalia.org\/pt-pt\/wp-json\/wp\/v2\/product"}],"about":[{"href":"https:\/\/olemosaic.orbitalia.org\/pt-pt\/wp-json\/wp\/v2\/types\/product"}],"wp:featuredmedia":[{"embeddable":true,"href":"https:\/\/olemosaic.orbitalia.org\/pt-pt\/wp-json\/wp\/v2\/media\/6950"}],"wp:attachment":[{"href":"https:\/\/olemosaic.orbitalia.org\/pt-pt\/wp-json\/wp\/v2\/media?parent=36728"}],"wp:term":[{"taxonomy":"product_brand","embeddable":true,"href":"https:\/\/olemosaic.orbitalia.org\/pt-pt\/wp-json\/wp\/v2\/product_brand?post=36728"},{"taxonomy":"product_cat","embeddable":true,"href":"https:\/\/olemosaic.orbitalia.org\/pt-pt\/wp-json\/wp\/v2\/product_cat?post=36728"},{"taxonomy":"product_tag","embeddable":true,"href":"https:\/\/olemosaic.orbitalia.org\/pt-pt\/wp-json\/wp\/v2\/product_tag?post=36728"}],"curies":[{"name":"wp","href":"https:\/\/api.w.org\/{rel}","templated":true}]}}