{"id":36694,"date":"2025-02-20T23:36:05","date_gmt":"2025-02-20T22:36:05","guid":{"rendered":"https:\/\/olemosaic.orbitalia.org\/producto\/iman-de-metal-bailaora-plata-8-cm-2\/"},"modified":"2025-07-25T18:55:14","modified_gmt":"2025-07-25T16:55:14","slug":"iman-de-metal-bailarina-espanha-prata-8-cm-2","status":"publish","type":"product","link":"https:\/\/olemosaic.orbitalia.org\/pt-pt\/produto\/iman-de-metal-bailarina-espanha-prata-8-cm-2\/","title":{"rendered":"\u00cdman de metal. Bailarina. Espanha. Prata. 8 cm."},"content":{"rendered":"<p>\u00cdman de metal de flamenco de 8 cm que capta a ess\u00eancia vibrante e apaixonada da cultura espanhola. Este atraente \u00edman apresenta uma bailarina elegantemente ilustrada, vestida com um deslumbrante traje de dan\u00e7a multicolorido que reflete as cores e ritmos de um aut\u00eantico espet\u00e1culo de flamenco. Com um fundo de mosaico que combina tonalidades alegres e vibrantes, o design emana energia, evocando a magia das tradi\u00e7\u00f5es culturais de Espanha. A bailarina, numa pose din\u00e2mica, parece ganhar vida enquanto celebra a arte da dan\u00e7a, complementada pela palavra &#8220;ESPANHA&#8221; em letras chamativas que refor\u00e7am a sua identidade nacional.<\/p>\n<p>Fabricado em metal de alta qualidade, este \u00edman n\u00e3o \u00e9 apenas um acess\u00f3rio decorativo elegante, mas tamb\u00e9m uma recorda\u00e7\u00e3o duradoura que simboliza a rica heran\u00e7a cultural espanhola. O seu tamanho compacto de 8 cm torna-o ideal para adornar qualquer superf\u00edcie met\u00e1lica, desde frigor\u00edficos a quadros, infundindo um toque de alegria e tradi\u00e7\u00e3o no lar. Este \u00edman \u00e9 uma excelente ideia para turistas que procuram recorda\u00e7\u00f5es aut\u00eanticas de Espanha, e representa um presente perfeito que integra arte, folclore e cultura. Na Ol\u00e9 Mosaic, garantimos que cada \u00edman de flamenco que oferecemos como distribuidor por grosso \u00e9 uma express\u00e3o genu\u00edna da tradi\u00e7\u00e3o espanhola, ideal para lojas de presentes tur\u00edsticos que valorizam a autenticidade nos seus produtos.<\/p>\n","protected":false},"excerpt":{"rendered":"<p>\u00cdman met\u00e1lico de 8 cm que capta a ess\u00eancia do flamenco com uma representa\u00e7\u00e3o vibrante de uma bailarina. Este design colorido, com um fundo de mosaico e tonalidades alegres, inclui o texto &#8220;ESPANHA&#8221; em letras chamativas. A bailarina, com um vestido multicolorido, evoca a arte da dan\u00e7a espanhola. Ideal como recorda\u00e7\u00e3o ou elemento decorativo, o seu fabrico em metal garante durabilidade e resist\u00eancia.<\/p>\n","protected":false},"featured_media":10023,"template":"","meta":{"_acf_changed":false},"product_brand":[],"product_cat":[699],"product_tag":[],"class_list":{"0":"post-36694","1":"product","2":"type-product","3":"status-publish","4":"has-post-thumbnail","6":"product_cat-imanes","7":"pa_motivo-dancarinos","9":"first","10":"instock","11":"shipping-taxable","12":"product-type-simple"},"acf":[],"_links":{"self":[{"href":"https:\/\/olemosaic.orbitalia.org\/pt-pt\/wp-json\/wp\/v2\/product\/36694","targetHints":{"allow":["GET"]}}],"collection":[{"href":"https:\/\/olemosaic.orbitalia.org\/pt-pt\/wp-json\/wp\/v2\/product"}],"about":[{"href":"https:\/\/olemosaic.orbitalia.org\/pt-pt\/wp-json\/wp\/v2\/types\/product"}],"wp:featuredmedia":[{"embeddable":true,"href":"https:\/\/olemosaic.orbitalia.org\/pt-pt\/wp-json\/wp\/v2\/media\/10023"}],"wp:attachment":[{"href":"https:\/\/olemosaic.orbitalia.org\/pt-pt\/wp-json\/wp\/v2\/media?parent=36694"}],"wp:term":[{"taxonomy":"product_brand","embeddable":true,"href":"https:\/\/olemosaic.orbitalia.org\/pt-pt\/wp-json\/wp\/v2\/product_brand?post=36694"},{"taxonomy":"product_cat","embeddable":true,"href":"https:\/\/olemosaic.orbitalia.org\/pt-pt\/wp-json\/wp\/v2\/product_cat?post=36694"},{"taxonomy":"product_tag","embeddable":true,"href":"https:\/\/olemosaic.orbitalia.org\/pt-pt\/wp-json\/wp\/v2\/product_tag?post=36694"}],"curies":[{"name":"wp","href":"https:\/\/api.w.org\/{rel}","templated":true}]}}