{"id":36692,"date":"2025-02-20T22:36:05","date_gmt":"2025-02-20T22:36:05","guid":{"rendered":"https:\/\/olemosaic.orbitalia.org\/producto\/iman-de-metal-don-quijote-negro-8-cm\/"},"modified":"2025-07-25T23:30:17","modified_gmt":"2025-07-25T21:30:17","slug":"iman-de-metal-dom-quixote-preto-8-cm","status":"publish","type":"product","link":"https:\/\/olemosaic.orbitalia.org\/pt-pt\/produto\/iman-de-metal-dom-quixote-preto-8-cm\/","title":{"rendered":"\u00cdman de metal. Dom Quixote. Preto. 8 cm."},"content":{"rendered":"<p>\u00cdman de metal de Dom Quixote, uma figura emblem\u00e1tica da literatura espanhola que capta a ess\u00eancia do engenho e da aventura. Este \u00edman de 8 cm apresenta um design vibrante com acabamentos em estilo mosaico, onde Dom Quixote aparece montado no seu fiel cavalo, rodeado de ic\u00f3nicos moinhos de vento e um sol radiante que ilumina a cena com cores vivas. O fundo preto real\u00e7a o contraste dos tons, fazendo com que cada detalhe, desde o traje de Dom Quixote at\u00e9 \u00e0 textura dos moinhos, seja impactante e atraente.<\/p>\n<p>Com o seu design original, este \u00edman \u00e9 mais do que uma simples recorda\u00e7\u00e3o; \u00e9 uma pe\u00e7a que reflete a rica cultura espanhola e o legado liter\u00e1rio de Cervantes. Representa a luta do idealismo contra a realidade, um tema poderoso que ressoa tanto em Espanha como no resto do mundo. Ideal para turistas que procuram uma recorda\u00e7\u00e3o que encapsule a ess\u00eancia das suas viagens, este \u00edman de Dom Quixote ser\u00e1 um belo complemento para qualquer frigor\u00edfico ou superf\u00edcie met\u00e1lica, recordando sempre as maravilhas da literatura e da arte espanhola.<\/p>\n<p>Na Ol\u00e9 Mosaic, especializamo-nos na distribui\u00e7\u00e3o de souvenirs por grosso, oferecendo artigos aut\u00eanticos e representativos como este \u00edman de Dom Quixote, perfeito para lojas de presentes tur\u00edsticos que procuram qualidade e relev\u00e2ncia cultural. Os souvenirs do nosso cat\u00e1logo, como este \u00edman, s\u00e3o ideais para quem deseje levar um peda\u00e7o de Espanha consigo.<\/p>\n","protected":false},"excerpt":{"rendered":"<p>\u00cdman met\u00e1lico de 8 cm de Dom Quixote, uma figura emblem\u00e1tica da literatura espanhola. Este \u00edman apresenta um design vibrante com acabamentos em estilo mosaico, mostrando Dom Quixote montado no seu cavalo, com moinhos de vento ao fundo e um sol radiante. As cores vivas sobre um fundo preto criam um contraste atraente, tornando este \u00edman numa pe\u00e7a ideal para recordar a ess\u00eancia da cultura espanhola em qualquer frigor\u00edfico ou superf\u00edcie met\u00e1lica.<\/p>\n","protected":false},"featured_media":6957,"template":"","meta":{"_acf_changed":false},"product_brand":[],"product_cat":[699],"product_tag":[516],"class_list":{"0":"post-36692","1":"product","2":"type-product","3":"status-publish","4":"has-post-thumbnail","6":"product_cat-imanes","7":"product_tag-animais","8":"pa_motivo-dom-quixote","10":"first","11":"instock","12":"shipping-taxable","13":"product-type-simple"},"acf":[],"_links":{"self":[{"href":"https:\/\/olemosaic.orbitalia.org\/pt-pt\/wp-json\/wp\/v2\/product\/36692","targetHints":{"allow":["GET"]}}],"collection":[{"href":"https:\/\/olemosaic.orbitalia.org\/pt-pt\/wp-json\/wp\/v2\/product"}],"about":[{"href":"https:\/\/olemosaic.orbitalia.org\/pt-pt\/wp-json\/wp\/v2\/types\/product"}],"wp:featuredmedia":[{"embeddable":true,"href":"https:\/\/olemosaic.orbitalia.org\/pt-pt\/wp-json\/wp\/v2\/media\/6957"}],"wp:attachment":[{"href":"https:\/\/olemosaic.orbitalia.org\/pt-pt\/wp-json\/wp\/v2\/media?parent=36692"}],"wp:term":[{"taxonomy":"product_brand","embeddable":true,"href":"https:\/\/olemosaic.orbitalia.org\/pt-pt\/wp-json\/wp\/v2\/product_brand?post=36692"},{"taxonomy":"product_cat","embeddable":true,"href":"https:\/\/olemosaic.orbitalia.org\/pt-pt\/wp-json\/wp\/v2\/product_cat?post=36692"},{"taxonomy":"product_tag","embeddable":true,"href":"https:\/\/olemosaic.orbitalia.org\/pt-pt\/wp-json\/wp\/v2\/product_tag?post=36692"}],"curies":[{"name":"wp","href":"https:\/\/api.w.org\/{rel}","templated":true}]}}