{"id":36691,"date":"2025-02-20T22:36:05","date_gmt":"2025-02-20T22:36:05","guid":{"rendered":"https:\/\/olemosaic.orbitalia.org\/producto\/iman-de-metal-delfin-8-cm\/"},"modified":"2025-07-25T20:22:30","modified_gmt":"2025-07-25T18:22:30","slug":"iman-de-metal-golfinho-8-cm","status":"publish","type":"product","link":"https:\/\/olemosaic.orbitalia.org\/pt-pt\/produto\/iman-de-metal-golfinho-8-cm\/","title":{"rendered":"\u00cdman de metal. Golfinho. 8 cm."},"content":{"rendered":"<p>Um \u00edman de metal com golfinhos a dan\u00e7ar no mar \u00e9 uma recorda\u00e7\u00e3o vibrante que celebra a beleza do Mediterr\u00e2neo. Com um tamanho de 8 cm, este \u00edman apresenta uma ilustra\u00e7\u00e3o colorida de quatro en\u00e9rgicos golfinhos a saltar sobre um fundo azul brilhante. A t\u00e9cnica de mosaico utilizada no design real\u00e7a os tons brilhantes dos golfinhos, incluindo amarelos, laranjas, verdes e azuis, criando uma obra de arte visualmente impactante que evoca alegria e dinamismo. As ondas estilizadas que rodeiam os golfinhos adicionam um toque de movimento e vida, captando a ess\u00eancia do oceano em cada detalhe.<\/p>\n<p>Este \u00edman n\u00e3o s\u00f3 \u00e9 um acess\u00f3rio decorativo funcional, como tamb\u00e9m atua como um lembrete das costas mediterr\u00e2nicas e da rica biodiversidade marinha que as rodeia. A sua liga\u00e7\u00e3o cultural \u00e9 palp\u00e1vel, recordando aos turistas as \u00e1guas cristalinas e a vibrante vida marinha que caracteriza regi\u00f5es como a Costa del Sol e as Ilhas Baleares. Elaborado em metal, este \u00edman de golfinhos \u00e9 um souvenir aut\u00eantico que representa a cultura e a natureza do Mediterr\u00e2neo.<\/p>\n<p>Na Ol\u00e9 Mosaic, somos distribuidores de souvenirs de qualidade e este \u00edman \u00e9 uma op\u00e7\u00e3o ideal para lojas de presentes tur\u00edsticos que desejem oferecer recorda\u00e7\u00f5es aut\u00eanticas e coloridas que realcem a beleza de Espanha. Com o seu design atraente, este \u00edman destaca-se como uma excelente escolha para quem procura um souvenir significativo e decorativo.<\/p>\n","protected":false},"excerpt":{"rendered":"<p>\u00cdman met\u00e1lico de 8 cm com um vibrante mosaico de golfinhos a dan\u00e7ar no mar. Este produto capta a ess\u00eancia do oceano, mostrando quatro golfinhos numa gama de cores brilhantes a saltar sobre um fundo azul. Os detalhes art\u00edsticos incluem ondas e um ambiente luminoso, evocando a alegria e a beleza da vida marinha. Um souvenir perfeito para recordar as costas mediterr\u00e2nicas.<\/p>\n","protected":false},"featured_media":12816,"template":"","meta":{"_acf_changed":false},"product_brand":[],"product_cat":[699],"product_tag":[516],"class_list":{"0":"post-36691","1":"product","2":"type-product","3":"status-publish","4":"has-post-thumbnail","6":"product_cat-imanes","7":"product_tag-animais","8":"pa_motivo-golfinhos","10":"first","11":"instock","12":"shipping-taxable","13":"product-type-simple"},"acf":[],"_links":{"self":[{"href":"https:\/\/olemosaic.orbitalia.org\/pt-pt\/wp-json\/wp\/v2\/product\/36691","targetHints":{"allow":["GET"]}}],"collection":[{"href":"https:\/\/olemosaic.orbitalia.org\/pt-pt\/wp-json\/wp\/v2\/product"}],"about":[{"href":"https:\/\/olemosaic.orbitalia.org\/pt-pt\/wp-json\/wp\/v2\/types\/product"}],"wp:featuredmedia":[{"embeddable":true,"href":"https:\/\/olemosaic.orbitalia.org\/pt-pt\/wp-json\/wp\/v2\/media\/12816"}],"wp:attachment":[{"href":"https:\/\/olemosaic.orbitalia.org\/pt-pt\/wp-json\/wp\/v2\/media?parent=36691"}],"wp:term":[{"taxonomy":"product_brand","embeddable":true,"href":"https:\/\/olemosaic.orbitalia.org\/pt-pt\/wp-json\/wp\/v2\/product_brand?post=36691"},{"taxonomy":"product_cat","embeddable":true,"href":"https:\/\/olemosaic.orbitalia.org\/pt-pt\/wp-json\/wp\/v2\/product_cat?post=36691"},{"taxonomy":"product_tag","embeddable":true,"href":"https:\/\/olemosaic.orbitalia.org\/pt-pt\/wp-json\/wp\/v2\/product_tag?post=36691"}],"curies":[{"name":"wp","href":"https:\/\/api.w.org\/{rel}","templated":true}]}}