{"id":36689,"date":"2025-02-20T23:36:04","date_gmt":"2025-02-20T22:36:04","guid":{"rendered":"https:\/\/olemosaic.orbitalia.org\/producto\/iman-de-metal-buho-barcelona-8-cm-2\/"},"modified":"2025-07-25T20:00:34","modified_gmt":"2025-07-25T18:00:34","slug":"iman-de-metal-mocho-barcelona-8-cm-2","status":"publish","type":"product","link":"https:\/\/olemosaic.orbitalia.org\/pt-pt\/produto\/iman-de-metal-mocho-barcelona-8-cm-2\/","title":{"rendered":"\u00cdman de metal. Mocho. Mosaico. Barcelona. 8 cm."},"content":{"rendered":"<p>\u00cdman de metal de mocho de Barcelona<\/p>\n<p>Este encantador \u00edman de metal de 8 cm \u00e9 uma vibrante e colorida representa\u00e7\u00e3o do famoso mosaico de Barcelona, que capta a ess\u00eancia da arte modernista da cidade. O design apresenta um mocho elaborado com uma rica paleta de cores, onde formas geom\u00e9tricas se entrela\u00e7am num intrincado padr\u00e3o que presta homenagem \u00e0 criatividade da arquitetura catal\u00e3. Com um fundo azul claro que real\u00e7a os detalhes da ave, cada tonalidade do mocho foi cuidadosamente selecionada para criar um efeito visual atraente e vibrante.<\/p>\n<p>Sobre o mocho, a palavra &#8220;Barcelona&#8221; aparece em letras grandes e luminosas, complementando perfeitamente a composi\u00e7\u00e3o art\u00edstica. Este \u00edman n\u00e3o s\u00f3 \u00e9 uma excelente op\u00e7\u00e3o para decorar o frigor\u00edfico, como tamb\u00e9m serve como uma recorda\u00e7\u00e3o aut\u00eantica da capital catal\u00e3, perfeito para levar um peda\u00e7o da sua cultura e arte para qualquer lugar.<\/p>\n<p>Este souvenir de Barcelona n\u00e3o s\u00f3 capta um s\u00edmbolo ic\u00f3nico da regi\u00e3o, como tamb\u00e9m destaca a tradi\u00e7\u00e3o do mosaico, muito presente em obras de grandes artistas como Antoni Gaud\u00ed. Na Ol\u00e9 Mosaic, como distribuidores de souvenirs por grosso, oferecemos esta pe\u00e7a \u00fanica que ser\u00e1 uma das favoritas entre turistas e amantes da arte modernista. \u00c9 uma op\u00e7\u00e3o ideal para lojas de presentes tur\u00edsticos que procuram produtos aut\u00eanticos e representativos da rica heran\u00e7a cultural de Barcelona.<\/p>\n","protected":false},"excerpt":{"rendered":"<p>\u00cdman de metal de 8 cm com um design colorido de mocho inspirado no famoso mosaico de Barcelona. Este atraente design apresenta uma rica paleta de cores e formas geom\u00e9tricas que real\u00e7am a arte modernista da cidade. Sobre o mocho, a palavra &#8220;Barcelona&#8221; destaca-se em letras vibrantes, complementando o fundo azul claro que contrasta com os detalhes da ave. Um souvenir ideal para recordar la ess\u00eancia da capital catal\u00e3.<\/p>\n","protected":false},"featured_media":11443,"template":"","meta":{"_acf_changed":false},"product_brand":[],"product_cat":[699],"product_tag":[516],"class_list":{"0":"post-36689","1":"product","2":"type-product","3":"status-publish","4":"has-post-thumbnail","6":"product_cat-imanes","7":"product_tag-animais","8":"pa_ciudad-barcelona","9":"pa_motivo-corujas","10":"pa_pais-espana","12":"first","13":"instock","14":"shipping-taxable","15":"product-type-simple"},"acf":[],"_links":{"self":[{"href":"https:\/\/olemosaic.orbitalia.org\/pt-pt\/wp-json\/wp\/v2\/product\/36689","targetHints":{"allow":["GET"]}}],"collection":[{"href":"https:\/\/olemosaic.orbitalia.org\/pt-pt\/wp-json\/wp\/v2\/product"}],"about":[{"href":"https:\/\/olemosaic.orbitalia.org\/pt-pt\/wp-json\/wp\/v2\/types\/product"}],"wp:featuredmedia":[{"embeddable":true,"href":"https:\/\/olemosaic.orbitalia.org\/pt-pt\/wp-json\/wp\/v2\/media\/11443"}],"wp:attachment":[{"href":"https:\/\/olemosaic.orbitalia.org\/pt-pt\/wp-json\/wp\/v2\/media?parent=36689"}],"wp:term":[{"taxonomy":"product_brand","embeddable":true,"href":"https:\/\/olemosaic.orbitalia.org\/pt-pt\/wp-json\/wp\/v2\/product_brand?post=36689"},{"taxonomy":"product_cat","embeddable":true,"href":"https:\/\/olemosaic.orbitalia.org\/pt-pt\/wp-json\/wp\/v2\/product_cat?post=36689"},{"taxonomy":"product_tag","embeddable":true,"href":"https:\/\/olemosaic.orbitalia.org\/pt-pt\/wp-json\/wp\/v2\/product_tag?post=36689"}],"curies":[{"name":"wp","href":"https:\/\/api.w.org\/{rel}","templated":true}]}}