{"id":36688,"date":"2025-02-20T22:36:04","date_gmt":"2025-02-20T22:36:04","guid":{"rendered":"https:\/\/olemosaic.orbitalia.org\/producto\/iman-de-metal-buho-mallorca-plata-8-cm\/"},"modified":"2025-07-25T19:34:46","modified_gmt":"2025-07-25T17:34:46","slug":"iman-de-metal-mocho-maiorca-prata-8-cm","status":"publish","type":"product","link":"https:\/\/olemosaic.orbitalia.org\/pt-pt\/produto\/iman-de-metal-mocho-maiorca-prata-8-cm\/","title":{"rendered":"\u00cdman de metal. Mocho. Maiorca. Prata. 8 cm."},"content":{"rendered":"<p>\u00cdman de metal com design colorido de um mocho de Maiorca. Este atraente \u00edman de 8 cm capta a ess\u00eancia da ilha atrav\u00e9s de um estilo art\u00edstico vibrante e contempor\u00e2neo. A imagem central, um mocho representado com uma variedade de tons vivos que se entrela\u00e7am num padr\u00e3o de mosaico, simboliza a rica heran\u00e7a art\u00edstica de Maiorca e atrair\u00e1 sem d\u00favida a aten\u00e7\u00e3o de quem o veja. Na parte superior, el nome &#8220;MAIORCA&#8221; apresenta-se em letras chamativas, adicionando um toque distintivo a esta pe\u00e7a decorativa. O fundo texturizado n\u00e3o s\u00f3 real\u00e7a a beleza visual do \u00edman, mas tamb\u00e9m lhe confere uma dimens\u00e3o que o torna ainda mais atraente.<\/p>\n<p>Este \u00edman de metal n\u00e3o \u00e9 apenas um objeto funcional, mas tamb\u00e9m representa um peda\u00e7o da rica cultura maiorquina, ideal como recorda\u00e7\u00e3o para turistas que desejem levar um pouco da ilha. O seu design fresco e colorido reflete o folclore e a alegria da vida em Maiorca, tornando-o um presente perfeito para aqueles que desejem recordar a sua visita. Na Ol\u00e9 Mosaic, oferecemos este e outros souvenirs aut\u00eanticos por grosso, garantindo que cada artigo cumpra elevados padr\u00f5es de qualidade e autenticidade. Este \u00edman \u00e9 uma excelente op\u00e7\u00e3o para lojas de presentes tur\u00edsticos que procurem produtos que celebrem a beleza e a tradi\u00e7\u00e3o de Maiorca.<\/p>\n","protected":false},"excerpt":{"rendered":"<p>\u00cdman met\u00e1lico de 8 cm decorado com um mocho colorido, que representa a cultura de Maiorca. O seu design vibrante inclui uma variedade de tons que formam um brilhante mosaico, simbolizando a rica tradi\u00e7\u00e3o art\u00edstica da ilha. Na parte superior destaca-se o nome &#8220;MAIORCA&#8221; em letras chamativas, emoldurado por um fundo texturizado que real\u00e7a a pe\u00e7a. Ideal para recordar a beleza e o folclore de Maiorca em qualquer espa\u00e7o.<\/p>\n","protected":false},"featured_media":11439,"template":"","meta":{"_acf_changed":false},"product_brand":[],"product_cat":[699],"product_tag":[516],"class_list":{"0":"post-36688","1":"product","2":"type-product","3":"status-publish","4":"has-post-thumbnail","6":"product_cat-imanes","7":"product_tag-animais","8":"pa_ciudad-mallorca","9":"pa_motivo-corujas","10":"pa_pais-espana","12":"first","13":"instock","14":"shipping-taxable","15":"product-type-simple"},"acf":[],"_links":{"self":[{"href":"https:\/\/olemosaic.orbitalia.org\/pt-pt\/wp-json\/wp\/v2\/product\/36688","targetHints":{"allow":["GET"]}}],"collection":[{"href":"https:\/\/olemosaic.orbitalia.org\/pt-pt\/wp-json\/wp\/v2\/product"}],"about":[{"href":"https:\/\/olemosaic.orbitalia.org\/pt-pt\/wp-json\/wp\/v2\/types\/product"}],"wp:featuredmedia":[{"embeddable":true,"href":"https:\/\/olemosaic.orbitalia.org\/pt-pt\/wp-json\/wp\/v2\/media\/11439"}],"wp:attachment":[{"href":"https:\/\/olemosaic.orbitalia.org\/pt-pt\/wp-json\/wp\/v2\/media?parent=36688"}],"wp:term":[{"taxonomy":"product_brand","embeddable":true,"href":"https:\/\/olemosaic.orbitalia.org\/pt-pt\/wp-json\/wp\/v2\/product_brand?post=36688"},{"taxonomy":"product_cat","embeddable":true,"href":"https:\/\/olemosaic.orbitalia.org\/pt-pt\/wp-json\/wp\/v2\/product_cat?post=36688"},{"taxonomy":"product_tag","embeddable":true,"href":"https:\/\/olemosaic.orbitalia.org\/pt-pt\/wp-json\/wp\/v2\/product_tag?post=36688"}],"curies":[{"name":"wp","href":"https:\/\/api.w.org\/{rel}","templated":true}]}}