{"id":36681,"date":"2025-02-20T23:36:03","date_gmt":"2025-02-20T22:36:03","guid":{"rendered":"https:\/\/olemosaic.orbitalia.org\/producto\/iman-de-metal-bailaora-negro-11-cm-6\/"},"modified":"2025-07-25T18:59:59","modified_gmt":"2025-07-25T16:59:59","slug":"iman-de-metal-bailarina-preto-11-cm-6","status":"publish","type":"product","link":"https:\/\/olemosaic.orbitalia.org\/pt-pt\/produto\/iman-de-metal-bailarina-preto-11-cm-6\/","title":{"rendered":"\u00cdman de metal. Bailarina. Preto. Espanha. 11 cm."},"content":{"rendered":"<p>\u00cdman met\u00e1lico de 11 cm com uma vibrante bailarina de flamenco, perfeito para evocar a ess\u00eancia cultural de Espanha. Este colorido \u00edman est\u00e1 decorado com uma encantadora ilustra\u00e7\u00e3o que representa uma bailarina em pleno movimento, vestida com um elegante traje de folhos numa exuberante combina\u00e7\u00e3o de cores que inclui vermelho, azul e verde, capturando a energia e a paix\u00e3o do flamenco. A bailarina levanta o bra\u00e7o num gesto gracioso, transmitindo a alegria e vivacidade desta tradi\u00e7\u00e3o espanhola. Sobre a figura, a palavra &#8220;ESPA\u00d1A&#8221; destaca-se com um design atraente, complementando na perfei\u00e7\u00e3o o impacto visual do \u00edman.<\/p>\n<p>Fabricado em metal, este \u00edman n\u00e3o \u00e9 apenas um acess\u00f3rio funcional, mas tamb\u00e9m uma recorda\u00e7\u00e3o significativa que simboliza a rica heran\u00e7a cultural da pen\u00ednsula ib\u00e9rica. Perfeito para turistas que procuram souvenirs aut\u00eanticos, este \u00edman \u00e9 ideal para levar um peda\u00e7o de Espanha para casa, recordando as paisagens, a m\u00fasica e a arte flamenca em cada ocasi\u00e3o. Na Ol\u00e9 Mosaic, como distribuidores de souvenirs por grosso, oferecemos produtos de grande qualidade que celebram a cultura e as tradi\u00e7\u00f5es de Espanha. Este \u00edman de bailarina \u00e9 uma excelente op\u00e7\u00e3o para lojas de presentes tur\u00edsticos que desejem oferecer artigos que realcem a autenticidade e o folclore espanhol.<\/p>\n","protected":false},"excerpt":{"rendered":"<p>\u00cdman de metal de 11 cm que representa uma vibrante bailarina de flamenco, ideal para recordar a ess\u00eancia cultural de Espanha. Decorado com um design colorido e alegre, o \u00edman mostra a bailarina vestida com um traje de folhos em tons vermelho, azul e verde, enquanto levanta o bra\u00e7o com gra\u00e7a. A palavra &#8220;ESPA\u00d1A&#8221; aparece na parte superior, complementando na perfei\u00e7\u00e3o o apelo visual e o car\u00e1ter folcl\u00f3rico do produto.<\/p>\n","protected":false},"featured_media":8798,"template":"","meta":{"_acf_changed":false},"product_brand":[],"product_cat":[699],"product_tag":[],"class_list":{"0":"post-36681","1":"product","2":"type-product","3":"status-publish","4":"has-post-thumbnail","6":"product_cat-imanes","7":"pa_motivo-dancarinos","9":"first","10":"instock","11":"shipping-taxable","12":"product-type-simple"},"acf":[],"_links":{"self":[{"href":"https:\/\/olemosaic.orbitalia.org\/pt-pt\/wp-json\/wp\/v2\/product\/36681","targetHints":{"allow":["GET"]}}],"collection":[{"href":"https:\/\/olemosaic.orbitalia.org\/pt-pt\/wp-json\/wp\/v2\/product"}],"about":[{"href":"https:\/\/olemosaic.orbitalia.org\/pt-pt\/wp-json\/wp\/v2\/types\/product"}],"wp:featuredmedia":[{"embeddable":true,"href":"https:\/\/olemosaic.orbitalia.org\/pt-pt\/wp-json\/wp\/v2\/media\/8798"}],"wp:attachment":[{"href":"https:\/\/olemosaic.orbitalia.org\/pt-pt\/wp-json\/wp\/v2\/media?parent=36681"}],"wp:term":[{"taxonomy":"product_brand","embeddable":true,"href":"https:\/\/olemosaic.orbitalia.org\/pt-pt\/wp-json\/wp\/v2\/product_brand?post=36681"},{"taxonomy":"product_cat","embeddable":true,"href":"https:\/\/olemosaic.orbitalia.org\/pt-pt\/wp-json\/wp\/v2\/product_cat?post=36681"},{"taxonomy":"product_tag","embeddable":true,"href":"https:\/\/olemosaic.orbitalia.org\/pt-pt\/wp-json\/wp\/v2\/product_tag?post=36681"}],"curies":[{"name":"wp","href":"https:\/\/api.w.org\/{rel}","templated":true}]}}