{"id":36678,"date":"2025-02-20T23:36:02","date_gmt":"2025-02-20T22:36:02","guid":{"rendered":"https:\/\/olemosaic.orbitalia.org\/producto\/iman-de-metal-sagrada-familia-barcelona-8-cm-23\/"},"modified":"2025-07-25T19:40:59","modified_gmt":"2025-07-25T17:40:59","slug":"iman-de-metal-sagrada-familia-barcelona-8-cm-23-pt-pt","status":"publish","type":"product","link":"https:\/\/olemosaic.orbitalia.org\/pt-pt\/produto\/iman-de-metal-sagrada-familia-barcelona-8-cm-23-pt-pt\/","title":{"rendered":"\u00cdman de metal. Sagrada Fam\u00edlia. Gaud\u00ed. Barcelona. Fundo azul. 8 cm."},"content":{"rendered":"<p>\u00cdman de metal com a Sagrada Fam\u00edlia: uma recorda\u00e7\u00e3o atraente de Barcelona. Este \u00edman de 8 cm capta a majestade da emblem\u00e1tica bas\u00edlica, um s\u00edmbolo ic\u00f3nico da cidade condal, desenhada pelo arquiteto Antoni Gaud\u00ed. O seu design vibrante real\u00e7a os intrincados detalhes arquitet\u00f3nicos, desde as altas torres at\u00e9 \u00e0s belas fachadas decoradas que caracterizam este monumento. O fundo de mosaico em tons azuis e multicoloridos emoldura a Sagrada Fam\u00edlia, evocando a ess\u00eancia art\u00edstica do modernismo catal\u00e3o que Gaud\u00ed representou magistralmente.<\/p>\n<p>A palavra &#8220;Barcelona&#8221; est\u00e1 impressa num estilo elegante, complementando a est\u00e9tica da pe\u00e7a e garantindo que se torne um aut\u00eantico emblema da cidade. Este \u00edman n\u00e3o \u00e9 apenas um objeto decorativo, mas tamb\u00e9m uma recorda\u00e7\u00e3o valiosa que liga os visitantes \u00e0 rica hist\u00f3ria cultural de Barcelona, fazendo eco da arte e da arquitetura que deixaram marca no mundo. Ideal para turistas que procuram recorda\u00e7\u00f5es aut\u00eanticas, este \u00edman de metal \u00e9 uma excelente op\u00e7\u00e3o para quem deseja levar um peda\u00e7o da magia da Sagrada Fam\u00edlia para casa.<\/p>\n<p>Na Ol\u00e9 Mosaic, especializados na distribui\u00e7\u00e3o de souvenirs por grosso, oferecemos produtos que celebram a ess\u00eancia das cidades espanholas e catal\u00e3s. Este \u00edman da Sagrada Fam\u00edlia \u00e9 um artigo perfeito para lojas de presentes tur\u00edsticos que procuram oferecer recorda\u00e7\u00f5es de qualidade e com valor cultural. Como grossista de souvenirs, garantimos autenticidade e um design atraente em cada pe\u00e7a.<\/p>\n","protected":false},"excerpt":{"rendered":"<p>\u00cdman met\u00e1lico com uma representa\u00e7\u00e3o colorida da Sagrada Fam\u00edlia, o \u00edcone de Barcelona. Com um tamanho de 8 cm, este \u00edman apresenta um design vibrante que destaca os detalhes arquitet\u00f3nicos da bas\u00edlica, sobre um fundo de mosaico em tons azuis e multicoloridos. A palavra &#8220;Barcelona&#8221; est\u00e1 impressa num estilo elegante, complementando o apelo visual do \u00edman e tornando-o numa recorda\u00e7\u00e3o perfeita da arquitetura modernista da cidade.<\/p>\n","protected":false},"featured_media":11367,"template":"","meta":{"_acf_changed":false},"product_brand":[],"product_cat":[699],"product_tag":[],"class_list":{"0":"post-36678","1":"product","2":"type-product","3":"status-publish","4":"has-post-thumbnail","6":"product_cat-imanes","7":"pa_ciudad-barcelona","8":"pa_motivo-sagrada-familia","9":"pa_pais-espana","11":"first","12":"instock","13":"shipping-taxable","14":"product-type-simple"},"acf":[],"_links":{"self":[{"href":"https:\/\/olemosaic.orbitalia.org\/pt-pt\/wp-json\/wp\/v2\/product\/36678","targetHints":{"allow":["GET"]}}],"collection":[{"href":"https:\/\/olemosaic.orbitalia.org\/pt-pt\/wp-json\/wp\/v2\/product"}],"about":[{"href":"https:\/\/olemosaic.orbitalia.org\/pt-pt\/wp-json\/wp\/v2\/types\/product"}],"wp:featuredmedia":[{"embeddable":true,"href":"https:\/\/olemosaic.orbitalia.org\/pt-pt\/wp-json\/wp\/v2\/media\/11367"}],"wp:attachment":[{"href":"https:\/\/olemosaic.orbitalia.org\/pt-pt\/wp-json\/wp\/v2\/media?parent=36678"}],"wp:term":[{"taxonomy":"product_brand","embeddable":true,"href":"https:\/\/olemosaic.orbitalia.org\/pt-pt\/wp-json\/wp\/v2\/product_brand?post=36678"},{"taxonomy":"product_cat","embeddable":true,"href":"https:\/\/olemosaic.orbitalia.org\/pt-pt\/wp-json\/wp\/v2\/product_cat?post=36678"},{"taxonomy":"product_tag","embeddable":true,"href":"https:\/\/olemosaic.orbitalia.org\/pt-pt\/wp-json\/wp\/v2\/product_tag?post=36678"}],"curies":[{"name":"wp","href":"https:\/\/api.w.org\/{rel}","templated":true}]}}