{"id":36633,"date":"2025-02-20T23:36:01","date_gmt":"2025-02-20T22:36:01","guid":{"rendered":"https:\/\/olemosaic.orbitalia.org\/producto\/iman-de-metal-panoramica-barcelona-8-cm-14\/"},"modified":"2025-07-25T23:36:12","modified_gmt":"2025-07-25T21:36:12","slug":"iman-de-metal-panoramica-barcelona-8-cm-14-pt-pt","status":"publish","type":"product","link":"https:\/\/olemosaic.orbitalia.org\/pt-pt\/produto\/iman-de-metal-panoramica-barcelona-8-cm-14-pt-pt\/","title":{"rendered":"\u00cdman de metal. Panor\u00e2mica. Gaud\u00ed. Barcelona. 8 cm."},"content":{"rendered":"<p>\u00cdman met\u00e1lico com a panor\u00e2mica de Barcelona<\/p>\n<p>Este encantador \u00edman met\u00e1lico captura a ess\u00eancia de Barcelona num vibrante design de mosaico, perfeito para recordar a sua visita a esta ic\u00f3nica cidade. Com um tamanho de 8 cm, apresenta uma representa\u00e7\u00e3o art\u00edstica de alguns dos seus monumentos mais emblem\u00e1ticos, como a famosa obra de Gaud\u00ed, o Parque G\u00fcell e a imponente Sagrada Fam\u00edlia. Cada elemento destaca-se com cores brilhantes e formas distintivas que evocam a criatividade e o esp\u00edrito inovador do modernismo catal\u00e3o.<\/p>\n<p>O fundo colorido acrescenta um toque din\u00e2mico, enquanto as ic\u00f3nicas silhuetas da cidade se entrela\u00e7am numa composi\u00e7\u00e3o harm\u00f3nica que real\u00e7a a beleza arquitet\u00f3nica de Barcelona. Este \u00edman n\u00e3o \u00e9 apenas um acess\u00f3rio decorativo, mas tamb\u00e9m uma recorda\u00e7\u00e3o aut\u00eantica que celebra a rica cultura e o patrim\u00f3nio art\u00edstico da capital catal\u00e3.<\/p>\n<p>Perfeito para os turistas que procuram souvenirs representativos e de qualidade, este \u00edman \u00e9 uma op\u00e7\u00e3o excecional para lojas de presentes tur\u00edsticos. Na Ol\u00e9 Mosaic, como distribuidores de souvenirs por grosso, oferecemos produtos aut\u00eanticos e de grande valor cultural que encantar\u00e3o quem desejar levar um peda\u00e7o de Barcelona para casa.<\/p>\n","protected":false},"excerpt":{"rendered":"<p>\u00cdman met\u00e1lico com uma vibrante panor\u00e2mica de Barcelona, que apresenta elementos emblem\u00e1ticos da cidade num design de mosaico cheio de cor. Com um tamanho de 8 cm, este atraente \u00edman oferece uma representa\u00e7\u00e3o art\u00edstica da famosa escultura de Gaud\u00ed, do Parque G\u00fcell e da Sagrada Fam\u00edlia, destacando tons brilhantes e formas distintivas. Ideal para recordar a sua visita a esta ic\u00f3nica cidade, este \u00edman \u00e9 uma homenagem \u00e0 criatividade catal\u00e3.<\/p>\n","protected":false},"featured_media":11422,"template":"","meta":{"_acf_changed":false},"product_brand":[],"product_cat":[699],"product_tag":[],"class_list":{"0":"post-36633","1":"product","2":"type-product","3":"status-publish","4":"has-post-thumbnail","6":"product_cat-imanes","7":"pa_ciudad-barcelona","8":"pa_motivo-panoramas","9":"pa_pais-espana","11":"first","12":"instock","13":"shipping-taxable","14":"product-type-simple"},"acf":[],"_links":{"self":[{"href":"https:\/\/olemosaic.orbitalia.org\/pt-pt\/wp-json\/wp\/v2\/product\/36633","targetHints":{"allow":["GET"]}}],"collection":[{"href":"https:\/\/olemosaic.orbitalia.org\/pt-pt\/wp-json\/wp\/v2\/product"}],"about":[{"href":"https:\/\/olemosaic.orbitalia.org\/pt-pt\/wp-json\/wp\/v2\/types\/product"}],"wp:featuredmedia":[{"embeddable":true,"href":"https:\/\/olemosaic.orbitalia.org\/pt-pt\/wp-json\/wp\/v2\/media\/11422"}],"wp:attachment":[{"href":"https:\/\/olemosaic.orbitalia.org\/pt-pt\/wp-json\/wp\/v2\/media?parent=36633"}],"wp:term":[{"taxonomy":"product_brand","embeddable":true,"href":"https:\/\/olemosaic.orbitalia.org\/pt-pt\/wp-json\/wp\/v2\/product_brand?post=36633"},{"taxonomy":"product_cat","embeddable":true,"href":"https:\/\/olemosaic.orbitalia.org\/pt-pt\/wp-json\/wp\/v2\/product_cat?post=36633"},{"taxonomy":"product_tag","embeddable":true,"href":"https:\/\/olemosaic.orbitalia.org\/pt-pt\/wp-json\/wp\/v2\/product_tag?post=36633"}],"curies":[{"name":"wp","href":"https:\/\/api.w.org\/{rel}","templated":true}]}}