{"id":36620,"date":"2025-02-20T22:35:59","date_gmt":"2025-02-20T22:35:59","guid":{"rendered":"https:\/\/olemosaic.orbitalia.org\/producto\/iman-de-metal-elefante-plata-8-cm\/"},"modified":"2025-07-25T18:34:00","modified_gmt":"2025-07-25T16:34:00","slug":"iman-de-metal-elefante-prata-8-cm","status":"publish","type":"product","link":"https:\/\/olemosaic.orbitalia.org\/pt-pt\/produto\/iman-de-metal-elefante-prata-8-cm\/","title":{"rendered":"\u00cdman de metal. Elefante. Prata. 8 cm."},"content":{"rendered":"<p>\u00cdman met\u00e1lico prateado com design de elefante, ideal para recordar momentos especiais. Este atraente \u00edman, de 8 cm de tamanho, apresenta um mosaico vibrante que retrata um elefante numa postura brincalhona. Os seus tons intensos de vermelho, azul, verde e amarelo evocam o rico patrim\u00f3nio cultural de diversas tradi\u00e7\u00f5es mediterr\u00e2nicas, conferindo um toque de alegria e cor a qualquer espa\u00e7o.<\/p>\n<p>O fundo de textura clara real\u00e7a a figura do elefante, tornando esta recorda\u00e7\u00e3o uma pe\u00e7a de destaque para a sua cole\u00e7\u00e3o. Este \u00edman n\u00e3o \u00e9 apenas decorativo, mas tamb\u00e9m simboliza a liga\u00e7\u00e3o com a fauna e a flora que caracterizam a beleza das localidades de Espanha e Portugal, onde a arte do mosaico \u00e9 uma forma de express\u00e3o cultural significativa.<\/p>\n<p>Como op\u00e7\u00e3o perfeita para turistas que procuram recorda\u00e7\u00f5es aut\u00eanticas, este \u00edman de elefante \u00e9 uma excelente adi\u00e7\u00e3o para lojas de presentes tur\u00edsticos. Na Ol\u00e9 Mosaic, especializamo-nos na distribui\u00e7\u00e3o por grosso de recorda\u00e7\u00f5es que celebram a diversidade cultural; este \u00edman \u00e9 um exemplo ideal de como a arte pode captar a ess\u00eancia de um lugar e criar mem\u00f3rias inesquec\u00edveis. O seu design colorido torna-o um presente ideal para quem deseja levar um peda\u00e7o de Espanha ou Portugal para casa.<\/p>\n","protected":false},"excerpt":{"rendered":"<p>\u00cdman met\u00e1lico com design de elefante, acabamento em prata e 8 cm de tamanho. Este atraente \u00edman apresenta um mosaico colorido que representa um elefante em atitude brincalhona, com tons intensos de vermelho, azul, verde e amarelo. Sobre um fundo texturizado em tons claros, este artigo capta a ess\u00eancia vibrante da arte e da cultura, adicionando um toque de alegria e cor a qualquer espa\u00e7o.<\/p>\n","protected":false},"featured_media":12860,"template":"","meta":{"_acf_changed":false},"product_brand":[],"product_cat":[699],"product_tag":[516],"class_list":{"0":"post-36620","1":"product","2":"type-product","3":"status-publish","4":"has-post-thumbnail","6":"product_cat-imanes","7":"product_tag-animais","8":"pa_motivo-elefantes","10":"first","11":"instock","12":"shipping-taxable","13":"product-type-simple"},"acf":[],"_links":{"self":[{"href":"https:\/\/olemosaic.orbitalia.org\/pt-pt\/wp-json\/wp\/v2\/product\/36620","targetHints":{"allow":["GET"]}}],"collection":[{"href":"https:\/\/olemosaic.orbitalia.org\/pt-pt\/wp-json\/wp\/v2\/product"}],"about":[{"href":"https:\/\/olemosaic.orbitalia.org\/pt-pt\/wp-json\/wp\/v2\/types\/product"}],"wp:featuredmedia":[{"embeddable":true,"href":"https:\/\/olemosaic.orbitalia.org\/pt-pt\/wp-json\/wp\/v2\/media\/12860"}],"wp:attachment":[{"href":"https:\/\/olemosaic.orbitalia.org\/pt-pt\/wp-json\/wp\/v2\/media?parent=36620"}],"wp:term":[{"taxonomy":"product_brand","embeddable":true,"href":"https:\/\/olemosaic.orbitalia.org\/pt-pt\/wp-json\/wp\/v2\/product_brand?post=36620"},{"taxonomy":"product_cat","embeddable":true,"href":"https:\/\/olemosaic.orbitalia.org\/pt-pt\/wp-json\/wp\/v2\/product_cat?post=36620"},{"taxonomy":"product_tag","embeddable":true,"href":"https:\/\/olemosaic.orbitalia.org\/pt-pt\/wp-json\/wp\/v2\/product_tag?post=36620"}],"curies":[{"name":"wp","href":"https:\/\/api.w.org\/{rel}","templated":true}]}}