{"id":36618,"date":"2025-02-20T22:35:59","date_gmt":"2025-02-20T22:35:59","guid":{"rendered":"https:\/\/olemosaic.orbitalia.org\/producto\/iman-de-metal-bulldog-8-cm\/"},"modified":"2025-07-25T19:55:10","modified_gmt":"2025-07-25T17:55:10","slug":"iman-de-metal-bulldog-8-cm-pt-pt","status":"publish","type":"product","link":"https:\/\/olemosaic.orbitalia.org\/pt-pt\/produto\/iman-de-metal-bulldog-8-cm-pt-pt\/","title":{"rendered":"\u00cdman de metal. Bulldog. 8 cm."},"content":{"rendered":"<p>\u00cdman met\u00e1lico com design de bulldog em mosaico<\/p>\n<p>Este \u00edman de metal de 8 cm, decorado com um vibrante design de bulldog, \u00e9 uma atraente recorda\u00e7\u00e3o que funde a tradi\u00e7\u00e3o espanhola com um estilo moderno e colorido. A pe\u00e7a apresenta uma base em tons de azul que real\u00e7am a singular figura do bulldog, elaborada com uma t\u00e9cnica que evoca a arte do mosaico. Esta arte, caracter\u00edstica de diversas regi\u00f5es de Espanha, presta homenagem \u00e0 rica heran\u00e7a cultural do pa\u00eds, onde os mosaicos adornam tanto espa\u00e7os p\u00fablicos como privados, criando um di\u00e1logo entre forma e cor.<\/p>\n<p>Os audazes tons de vermelho, amarelo, verde e azul utilizados na ilustra\u00e7\u00e3o do bulldog n\u00e3o s\u00f3 captam a ess\u00eancia l\u00fadica do design, como tamb\u00e9m fazem com que esta pe\u00e7a se destaque como um \u00edman decorativo ideal para qualquer superf\u00edcie met\u00e1lica. Este \u00edman n\u00e3o \u00e9 apenas uma excelente op\u00e7\u00e3o para os amantes de c\u00e3es, mas tamb\u00e9m representa uma recorda\u00e7\u00e3o aut\u00eantica da vivacidade e da criatividade da cultura espanhola, tornando-o num presente especial para aqueles que desejam levar um pedacinho de Espanha para casa.<\/p>\n<p>Na Ol\u00e9 Mosaic, especializamo-nos na distribui\u00e7\u00e3o de recorda\u00e7\u00f5es por grosso, e este \u00edman de bulldog \u00e9 uma amostra perfeita da nossa oferta. \u00c9 um produto distintivo que atrair\u00e1 os turistas que procuram recorda\u00e7\u00f5es de metal \u00fanicas e aut\u00eanticas, ao mesmo tempo que satisfaz as necessidades de lojas que desejam destacar-se na sua sele\u00e7\u00e3o de presentes tur\u00edsticos.<\/p>\n","protected":false},"excerpt":{"rendered":"<p>\u00cdman met\u00e1lico de 8 cm com um design colorido de um bulldog, inspirado na arte do mosaico. Este \u00edman apresenta um fundo azul que real\u00e7a a figura do bulldog, pintado com vibrantes cores vermelho, amarelo, verde e azul, captando a ess\u00eancia do estilo art\u00edstico. Um souvenir perfeito que combina a cultura espanhola com um atraente design moderno, ideal para os amantes de c\u00e3es e de arte.<\/p>\n","protected":false},"featured_media":12855,"template":"","meta":{"_acf_changed":false},"product_brand":[],"product_cat":[699],"product_tag":[],"class_list":{"0":"post-36618","1":"product","2":"type-product","3":"status-publish","4":"has-post-thumbnail","6":"product_cat-imanes","7":"pa_motivo-bulldogs","9":"first","10":"instock","11":"shipping-taxable","12":"product-type-simple"},"acf":[],"_links":{"self":[{"href":"https:\/\/olemosaic.orbitalia.org\/pt-pt\/wp-json\/wp\/v2\/product\/36618","targetHints":{"allow":["GET"]}}],"collection":[{"href":"https:\/\/olemosaic.orbitalia.org\/pt-pt\/wp-json\/wp\/v2\/product"}],"about":[{"href":"https:\/\/olemosaic.orbitalia.org\/pt-pt\/wp-json\/wp\/v2\/types\/product"}],"wp:featuredmedia":[{"embeddable":true,"href":"https:\/\/olemosaic.orbitalia.org\/pt-pt\/wp-json\/wp\/v2\/media\/12855"}],"wp:attachment":[{"href":"https:\/\/olemosaic.orbitalia.org\/pt-pt\/wp-json\/wp\/v2\/media?parent=36618"}],"wp:term":[{"taxonomy":"product_brand","embeddable":true,"href":"https:\/\/olemosaic.orbitalia.org\/pt-pt\/wp-json\/wp\/v2\/product_brand?post=36618"},{"taxonomy":"product_cat","embeddable":true,"href":"https:\/\/olemosaic.orbitalia.org\/pt-pt\/wp-json\/wp\/v2\/product_cat?post=36618"},{"taxonomy":"product_tag","embeddable":true,"href":"https:\/\/olemosaic.orbitalia.org\/pt-pt\/wp-json\/wp\/v2\/product_tag?post=36618"}],"curies":[{"name":"wp","href":"https:\/\/api.w.org\/{rel}","templated":true}]}}