{"id":36614,"date":"2025-02-20T23:35:58","date_gmt":"2025-02-20T22:35:58","guid":{"rendered":"https:\/\/olemosaic.orbitalia.org\/producto\/iman-de-madera-panoramica-barcelona-4\/"},"modified":"2025-07-25T20:36:49","modified_gmt":"2025-07-25T18:36:49","slug":"iman-de-madeira-panoramica-barcelona-4","status":"publish","type":"product","link":"https:\/\/olemosaic.orbitalia.org\/pt-pt\/produto\/iman-de-madeira-panoramica-barcelona-4\/","title":{"rendered":"\u00cdman de madeira. Panor\u00e2mica. Mosaico. Barcelona."},"content":{"rendered":"<p>\u00cdman de madeira panor\u00e2mico de Barcelona, uma pe\u00e7a vibrante que capta a ess\u00eancia art\u00edstica e cultural desta emblem\u00e1tica cidade. Este colorido \u00edman destaca a impressionante Sagrada Fam\u00edlia e o reconhecido mosaico da Casa Batll\u00f3, dois \u00edcones arquitet\u00f3nicos que simbolizam o g\u00e9nio de Antoni Gaud\u00ed. Emoldurados por um delicado design de flores ornamentais, os elementos combinam-se para criar uma cena din\u00e2mica e alegre que evoca o esp\u00edrito vibrante de Barcelona. A palavra &#8220;Barcelona&#8221;, apresentada em letras chamativas e multicoloridas, acrescenta um toque de modernidade e apelo visual.<\/p>\n<p>Fabricado em madeira de alta qualidade, este \u00edman n\u00e3o \u00e9 apenas um artigo decorativo, mas um colecionador de mem\u00f3rias, ideal para quem procura levar um peda\u00e7o de Barcelona para casa. A t\u00e9cnica de impress\u00e3o utilizada real\u00e7a as cores vivas e os detalhes art\u00edsticos, tornando este \u00edman num souvenir perfeito que celebra a rica heran\u00e7a cultural da cidade.<\/p>\n<p>Na Ol\u00e9 Mosaic, como grossistas de souvenirs, oferecemos produtos aut\u00eanticos e de grande qualidade, ideais para lojas de presentes tur\u00edsticos que desejem oferecer aos seus clientes uma recorda\u00e7\u00e3o representativa de Barcelona. Este \u00edman de madeira panor\u00e2mico \u00e9 uma excelente escolha para os visitantes da cidade e, al\u00e9m disso, uma recorda\u00e7\u00e3o da sua rica tradi\u00e7\u00e3o art\u00edstica e cultural.<\/p>\n","protected":false},"excerpt":{"rendered":"<p>\u00cdman de madeira com uma vibrante panor\u00e2mica de Barcelona que capta a ess\u00eancia da cidade. Este design colorido inclui a famosa Sagrada Fam\u00edlia e o mosaico da Casa Batll\u00f3, emoldurados por flores ornamentais. A palavra &#8220;Barcelona&#8221; destaca-se com letras chamativas que complementam la cena. Elaborado em madeira, este \u00edman \u00e9 ideal para levar uma recorda\u00e7\u00e3o art\u00edstica do encanto barcelon\u00eas para qualquer lugar. A sua t\u00e9cnica de impress\u00e3o real\u00e7a as cores vivas e os detalhes art\u00edsticos.<\/p>\n","protected":false},"featured_media":9333,"template":"","meta":{"_acf_changed":false},"product_brand":[],"product_cat":[699],"product_tag":[],"class_list":{"0":"post-36614","1":"product","2":"type-product","3":"status-publish","4":"has-post-thumbnail","6":"product_cat-imanes","7":"pa_ciudad-barcelona","8":"pa_motivo-panoramas","9":"pa_pais-espana","11":"first","12":"instock","13":"shipping-taxable","14":"product-type-simple"},"acf":[],"_links":{"self":[{"href":"https:\/\/olemosaic.orbitalia.org\/pt-pt\/wp-json\/wp\/v2\/product\/36614","targetHints":{"allow":["GET"]}}],"collection":[{"href":"https:\/\/olemosaic.orbitalia.org\/pt-pt\/wp-json\/wp\/v2\/product"}],"about":[{"href":"https:\/\/olemosaic.orbitalia.org\/pt-pt\/wp-json\/wp\/v2\/types\/product"}],"wp:featuredmedia":[{"embeddable":true,"href":"https:\/\/olemosaic.orbitalia.org\/pt-pt\/wp-json\/wp\/v2\/media\/9333"}],"wp:attachment":[{"href":"https:\/\/olemosaic.orbitalia.org\/pt-pt\/wp-json\/wp\/v2\/media?parent=36614"}],"wp:term":[{"taxonomy":"product_brand","embeddable":true,"href":"https:\/\/olemosaic.orbitalia.org\/pt-pt\/wp-json\/wp\/v2\/product_brand?post=36614"},{"taxonomy":"product_cat","embeddable":true,"href":"https:\/\/olemosaic.orbitalia.org\/pt-pt\/wp-json\/wp\/v2\/product_cat?post=36614"},{"taxonomy":"product_tag","embeddable":true,"href":"https:\/\/olemosaic.orbitalia.org\/pt-pt\/wp-json\/wp\/v2\/product_tag?post=36614"}],"curies":[{"name":"wp","href":"https:\/\/api.w.org\/{rel}","templated":true}]}}