{"id":36579,"date":"2025-02-20T23:35:57","date_gmt":"2025-02-20T22:35:57","guid":{"rendered":"https:\/\/olemosaic.orbitalia.org\/producto\/iman-de-madera-guitarra-barcelona-2\/"},"modified":"2025-07-25T20:02:44","modified_gmt":"2025-07-25T18:02:44","slug":"iman-de-madeira-guitarra-barcelona-2","status":"publish","type":"product","link":"https:\/\/olemosaic.orbitalia.org\/pt-pt\/produto\/iman-de-madeira-guitarra-barcelona-2\/","title":{"rendered":"\u00cdman de madeira. Guitarra. Gaud\u00ed. Barcelona."},"content":{"rendered":"<p>\u00cdman de madeira com forma de guitarra, inspirado na vibrante cultura de Barcelona. Este atraente \u00edman capta a ess\u00eancia da cidade com um design colorido que funde a ic\u00f3nica arquitetura modernista e os famosos mosaicos de Antoni Gaud\u00ed. A guitarra, s\u00edmbolo universal da m\u00fasica e da arte, est\u00e1 decorada com detalhes vivos que evocam os coloridos trencad\u00eds de La Pedrera e do Park G\u00fcell, destacando ainda a emblem\u00e1tica Sagrada Fam\u00edlia, que emerge no fundo, refletindo a singularidade da cidade. Na parte superior, a palavra &#8220;Barcelona&#8221; aparece com uma tipografia art\u00edstica, acrescentando um toque distintivo e aut\u00eantico \u00e0 recorda\u00e7\u00e3o. Este \u00edman n\u00e3o s\u00f3 \u00e9 um elemento decorativo ideal para qualquer casa, como tamb\u00e9m \u00e9 uma excelente recorda\u00e7\u00e3o para quem deseja levar um pedacinho de Barcelona. A sua liga\u00e7\u00e3o cultural com a m\u00fasica e a arquitetura real\u00e7a a sua relev\u00e2ncia como recorda\u00e7\u00e3o representativa da cidade. Na Ol\u00e9 Mosaic, como grossista de recorda\u00e7\u00f5es, oferecemos este \u00edman de guitarra, um artigo perfeito para lojas de presentes tur\u00edsticos, que aporta arte e cultura em cada pe\u00e7a.<\/p>\n","protected":false},"excerpt":{"rendered":"<p>\u00cdman de madeira com forma de guitarra, inspirado na vibrante cultura barcelonesa. Este atraente \u00edman apresenta um design colorido, onde a arquitetura ic\u00f3nica da cidade se funde com motivos de mosaico, evocando a obra de Gaud\u00ed. A palavra &#8220;Barcelona&#8221; destaca-se na parte superior, acrescentando um toque distintivo. Ideal para recordar a sua visita a esta bela cidade ou como presente para os amantes da m\u00fasica e da arte.<\/p>\n","protected":false},"featured_media":9534,"template":"","meta":{"_acf_changed":false},"product_brand":[],"product_cat":[699],"product_tag":[],"class_list":{"0":"post-36579","1":"product","2":"type-product","3":"status-publish","4":"has-post-thumbnail","6":"product_cat-imanes","7":"pa_ciudad-barcelona","8":"pa_motivo-guitarras","9":"pa_pais-espana","11":"first","12":"instock","13":"shipping-taxable","14":"product-type-simple"},"acf":[],"_links":{"self":[{"href":"https:\/\/olemosaic.orbitalia.org\/pt-pt\/wp-json\/wp\/v2\/product\/36579","targetHints":{"allow":["GET"]}}],"collection":[{"href":"https:\/\/olemosaic.orbitalia.org\/pt-pt\/wp-json\/wp\/v2\/product"}],"about":[{"href":"https:\/\/olemosaic.orbitalia.org\/pt-pt\/wp-json\/wp\/v2\/types\/product"}],"wp:featuredmedia":[{"embeddable":true,"href":"https:\/\/olemosaic.orbitalia.org\/pt-pt\/wp-json\/wp\/v2\/media\/9534"}],"wp:attachment":[{"href":"https:\/\/olemosaic.orbitalia.org\/pt-pt\/wp-json\/wp\/v2\/media?parent=36579"}],"wp:term":[{"taxonomy":"product_brand","embeddable":true,"href":"https:\/\/olemosaic.orbitalia.org\/pt-pt\/wp-json\/wp\/v2\/product_brand?post=36579"},{"taxonomy":"product_cat","embeddable":true,"href":"https:\/\/olemosaic.orbitalia.org\/pt-pt\/wp-json\/wp\/v2\/product_cat?post=36579"},{"taxonomy":"product_tag","embeddable":true,"href":"https:\/\/olemosaic.orbitalia.org\/pt-pt\/wp-json\/wp\/v2\/product_tag?post=36579"}],"curies":[{"name":"wp","href":"https:\/\/api.w.org\/{rel}","templated":true}]}}