{"id":36570,"date":"2025-02-20T22:35:57","date_gmt":"2025-02-20T22:35:57","guid":{"rendered":"https:\/\/olemosaic.orbitalia.org\/producto\/iman-de-madera-panoramica-bilbao\/"},"modified":"2025-07-25T20:12:04","modified_gmt":"2025-07-25T18:12:04","slug":"iman-de-madeira-panoramica-bilbau","status":"publish","type":"product","link":"https:\/\/olemosaic.orbitalia.org\/pt-pt\/produto\/iman-de-madeira-panoramica-bilbau\/","title":{"rendered":"\u00cdman de madeira. Panor\u00e2mica. Bilbau."},"content":{"rendered":"<p>\u00cdman de madeira de Bilbau, uma pe\u00e7a vibrante que encapsula a ess\u00eancia desta emblem\u00e1tica cidade do norte de Espanha. Este atrativo \u00edman apresenta uma panor\u00e2mica colorida que inclui alguns dos locais mais ic\u00f3nicos de Bilbau, como o vanguardista Museu Guggenheim, a imponente Torre Iberdrola e a hist\u00f3rica Ponte Suspensa. Cada edif\u00edcio est\u00e1 ilustrado com um estilo moderno e apelativo que se destaca pela sua paleta de cores saturadas e linhas din\u00e2micas, criando uma colagem visual impactante que celebra tanto a arquitetura como o dinamismo da cidade.<\/p>\n<p>O \u00edman tamb\u00e9m incorpora um sol radiante e um simp\u00e1tico urso pintado, elementos que acrescentam um toque de alegria e simbolismo local, representando o calor das pessoas e o ambiente festivo que caracteriza Bilbau. Esta recorda\u00e7\u00e3o n\u00e3o \u00e9 apenas uma representa\u00e7\u00e3o art\u00edstica da cidade, mas um souvenir perfeito para os turistas que desejam levar um fragmento da cultura de Bilbau para casa.<\/p>\n<p>Na Ol\u00e9 Mosaic, especializamo-nos na distribui\u00e7\u00e3o de souvenirs por grosso, e este \u00edman de madeira \u00e9 uma excelente op\u00e7\u00e3o para lojas de presentes que procuram oferecer produtos aut\u00eanticos e representativos. Com o seu design atrativo e culturalmente significativo, posiciona-se como um imprescind\u00edvel para aqueles que procuram souvenirs de Bilbau que realmente capturem a ess\u00eancia desta fascinante cidade.<\/p>\n","protected":false},"excerpt":{"rendered":"<p>\u00cdman de madeira com uma colorida panor\u00e2mica de Bilbau. Este atrativo \u00edman mostra alguns dos pontos mais emblem\u00e1ticos da cidade, como o Museu Guggenheim, a Torre Iberdrola e a Ponte Suspensa, ilustrados com um estilo vibrante e contempor\u00e2neo. Com um design que inclui um sol brilhante e um divertido urso pintado, o \u00edman real\u00e7a a identidade arquitet\u00f3nica e cultural de Bilbau, tornando-se uma recorda\u00e7\u00e3o ideal para rememorar a beleza desta regi\u00e3o.<\/p>\n","protected":false},"featured_media":9553,"template":"","meta":{"_acf_changed":false},"product_brand":[],"product_cat":[699],"product_tag":[],"class_list":{"0":"post-36570","1":"product","2":"type-product","3":"status-publish","4":"has-post-thumbnail","6":"product_cat-imanes","7":"pa_ciudad-bilbao","8":"pa_motivo-panoramas","9":"pa_pais-espana","11":"first","12":"instock","13":"shipping-taxable","14":"product-type-simple"},"acf":[],"_links":{"self":[{"href":"https:\/\/olemosaic.orbitalia.org\/pt-pt\/wp-json\/wp\/v2\/product\/36570","targetHints":{"allow":["GET"]}}],"collection":[{"href":"https:\/\/olemosaic.orbitalia.org\/pt-pt\/wp-json\/wp\/v2\/product"}],"about":[{"href":"https:\/\/olemosaic.orbitalia.org\/pt-pt\/wp-json\/wp\/v2\/types\/product"}],"wp:featuredmedia":[{"embeddable":true,"href":"https:\/\/olemosaic.orbitalia.org\/pt-pt\/wp-json\/wp\/v2\/media\/9553"}],"wp:attachment":[{"href":"https:\/\/olemosaic.orbitalia.org\/pt-pt\/wp-json\/wp\/v2\/media?parent=36570"}],"wp:term":[{"taxonomy":"product_brand","embeddable":true,"href":"https:\/\/olemosaic.orbitalia.org\/pt-pt\/wp-json\/wp\/v2\/product_brand?post=36570"},{"taxonomy":"product_cat","embeddable":true,"href":"https:\/\/olemosaic.orbitalia.org\/pt-pt\/wp-json\/wp\/v2\/product_cat?post=36570"},{"taxonomy":"product_tag","embeddable":true,"href":"https:\/\/olemosaic.orbitalia.org\/pt-pt\/wp-json\/wp\/v2\/product_tag?post=36570"}],"curies":[{"name":"wp","href":"https:\/\/api.w.org\/{rel}","templated":true}]}}