{"id":36562,"date":"2025-02-20T23:35:56","date_gmt":"2025-02-20T22:35:56","guid":{"rendered":"https:\/\/olemosaic.orbitalia.org\/producto\/iman-de-ceramica-madrid-blanco-2\/"},"modified":"2025-07-25T19:02:13","modified_gmt":"2025-07-25T17:02:13","slug":"iman-de-ceramica-madrid-branco-2","status":"publish","type":"product","link":"https:\/\/olemosaic.orbitalia.org\/pt-pt\/produto\/iman-de-ceramica-madrid-branco-2\/","title":{"rendered":"\u00cdman de cer\u00e2mica. Colher. Madrid. Branco."},"content":{"rendered":"<p>\u00cdman de cer\u00e2mica com forma de colher, decorado com uma ilustra\u00e7\u00e3o vibrante da emblem\u00e1tica Puerta del Sol, o cora\u00e7\u00e3o pulsante de Madrid. Este atraente \u00edman destaca-se pelo seu design em tons brancos, divinamente combinados com cores intensas, pintado \u00e0 m\u00e3o com extraordin\u00e1ria precis\u00e3o. A representa\u00e7\u00e3o inclui a famosa est\u00e1tua do Urso e do Medronheiro, s\u00edmbolo ic\u00f3nico da capital espanhola, que se ergue orgulhosa no centro da pra\u00e7a. Al\u00e9m disso, o elegante nome &#8220;Madrid&#8221; integra-se artisticamente no design, criando uma lembran\u00e7a que capta a ess\u00eancia cultural da cidade.<\/p>\n<p>A forma de colher do \u00edman confere-lhe um car\u00e1cter original e divertido, tornando-o um excelente presente ou recorda\u00e7\u00e3o que os turistas querer\u00e3o levar para casa. O seu acabamento em cer\u00e2mica n\u00e3o s\u00f3 lhe proporciona durabilidade, como tamb\u00e9m real\u00e7a a qualidade artesanal de cada pe\u00e7a. Este \u00edman \u00e9 mais do que um objeto decorativo; \u00e9 um s\u00edmbolo da rica heran\u00e7a cultural de Madrid, perfeito para quem deseja recordar a sua visita a este destino vibrante.<\/p>\n<p>Na Ol\u00e9 Mosaic, oferecemos-lhe este encantador \u00edman como parte da nossa ampla variedade de recorda\u00e7\u00f5es aut\u00eanticas. Ideal para lojas de presentes tur\u00edsticos que procuram produtos distintivos e representativos da identidade madrilena, este \u00edman de cer\u00e2mica \u00e9, sem d\u00favida, uma op\u00e7\u00e3o imbat\u00edvel e muito atraente para os compradores que procuram lembran\u00e7as de Madrid.<\/p>\n","protected":false},"excerpt":{"rendered":"<p>\u00cdman de cer\u00e2mica com forma de colher, decorado com uma ilustra\u00e7\u00e3o da emblem\u00e1tica Puerta del Sol de Madrid. Este atraente \u00edman, em tons brancos e cores vibrantes, destaca-se pelos seus detalhes pintados \u00e0 m\u00e3o, que captam a ess\u00eancia da pra\u00e7a, incluindo a famosa est\u00e1tua do Urso e do Medronheiro. Al\u00e9m disso, incorpora o nome &#8220;Madrid&#8221; com um design elegante, lo que o torna uma recorda\u00e7\u00e3o perfeita da capital espanhola.<\/p>\n","protected":false},"featured_media":9962,"template":"","meta":{"_acf_changed":false},"product_brand":[],"product_cat":[699],"product_tag":[515],"class_list":{"0":"post-36562","1":"product","2":"type-product","3":"status-publish","4":"has-post-thumbnail","6":"product_cat-imanes","7":"product_tag-ceramica","8":"pa_ciudad-madrid","9":"pa_pais-espana","11":"first","12":"instock","13":"shipping-taxable","14":"product-type-simple"},"acf":[],"_links":{"self":[{"href":"https:\/\/olemosaic.orbitalia.org\/pt-pt\/wp-json\/wp\/v2\/product\/36562","targetHints":{"allow":["GET"]}}],"collection":[{"href":"https:\/\/olemosaic.orbitalia.org\/pt-pt\/wp-json\/wp\/v2\/product"}],"about":[{"href":"https:\/\/olemosaic.orbitalia.org\/pt-pt\/wp-json\/wp\/v2\/types\/product"}],"wp:featuredmedia":[{"embeddable":true,"href":"https:\/\/olemosaic.orbitalia.org\/pt-pt\/wp-json\/wp\/v2\/media\/9962"}],"wp:attachment":[{"href":"https:\/\/olemosaic.orbitalia.org\/pt-pt\/wp-json\/wp\/v2\/media?parent=36562"}],"wp:term":[{"taxonomy":"product_brand","embeddable":true,"href":"https:\/\/olemosaic.orbitalia.org\/pt-pt\/wp-json\/wp\/v2\/product_brand?post=36562"},{"taxonomy":"product_cat","embeddable":true,"href":"https:\/\/olemosaic.orbitalia.org\/pt-pt\/wp-json\/wp\/v2\/product_cat?post=36562"},{"taxonomy":"product_tag","embeddable":true,"href":"https:\/\/olemosaic.orbitalia.org\/pt-pt\/wp-json\/wp\/v2\/product_tag?post=36562"}],"curies":[{"name":"wp","href":"https:\/\/api.w.org\/{rel}","templated":true}]}}