{"id":36559,"date":"2025-02-20T23:35:55","date_gmt":"2025-02-20T22:35:55","guid":{"rendered":"https:\/\/olemosaic.orbitalia.org\/producto\/iman-de-ceramica-salamandra-y-flores-blanco-5\/"},"modified":"2025-07-25T20:29:41","modified_gmt":"2025-07-25T18:29:41","slug":"iman-de-ceramica-salamandra-e-flores-branco-5","status":"publish","type":"product","link":"https:\/\/olemosaic.orbitalia.org\/pt-pt\/produto\/iman-de-ceramica-salamandra-e-flores-branco-5\/","title":{"rendered":"\u00cdman de cer\u00e2mica. Salamandra e flores. Branco. Espanha."},"content":{"rendered":"<p>\u00cdman de cer\u00e2mica decorado com uma vibrante salamandra e flores. Esta encantadora recorda\u00e7\u00e3o capta a ess\u00eancia da fauna e flora espanholas. Apresenta um design colorido, onde a salamandra, em tons verdes e azuis, se destaca sobre um fundo branco luminoso. Rodeada por uma explos\u00e3o floral em vermelho, amarelo e azul, a pe\u00e7a evoca a alegria e o dinamismo da natureza espanhola. Cada detalhe \u00e9 meticulosamente elaborado atrav\u00e9s da t\u00e9cnica de cer\u00e2mica vidrada, que n\u00e3o s\u00f3 proporciona um acabamento brilhante e duradouro, mas tamb\u00e9m real\u00e7a as cores vivas e os padr\u00f5es, tornando-o um objeto decorativo ideal para qualquer superf\u00edcie met\u00e1lica. Este \u00edman \u00e9 uma recorda\u00e7\u00e3o aut\u00eantica e cultural que presta homenagem \u00e0 rica biodiversidade de Espanha, demonstrando a admira\u00e7\u00e3o que o pa\u00eds sente pelo seu ambiente natural. Na Ol\u00e9 Mosaic, especializamo-nos na distribui\u00e7\u00e3o de lembran\u00e7as de cer\u00e2mica por grosso, oferecendo produtos \u00fanicos como este \u00edman de salamandra, perfeito para lojas de presentes que procuram artigos representativos e de qualidade. Leve um peda\u00e7o da beleza cultural espanhola com este encantador \u00edman, uma excelente recorda\u00e7\u00e3o para turistas que procuram lembran\u00e7as aut\u00eanticas.<\/p>\n","protected":false},"excerpt":{"rendered":"<p>\u00cdman de cer\u00e2mica decorado com uma vibrante salamandra e flores, inspirado na aprecia\u00e7\u00e3o cultural da fauna e flora espanholas. Este encantador \u00edman apresenta um design colorido, com a salamandra em tons verdes e azuis, rodeada de flores vermelhas, amarelas e azuis sobre um fundo branco. A pe\u00e7a destaca-se pela sua t\u00e9cnica de cer\u00e2mica vidrada, ideal para adicionar um toque art\u00edstico e alegre a qualquer superf\u00edcie met\u00e1lica.<\/p>\n","protected":false},"featured_media":8369,"template":"","meta":{"_acf_changed":false},"product_brand":[],"product_cat":[699],"product_tag":[516,515],"class_list":{"0":"post-36559","1":"product","2":"type-product","3":"status-publish","4":"has-post-thumbnail","6":"product_cat-imanes","7":"product_tag-animais","8":"product_tag-ceramica","9":"pa_motivo-salamandras","11":"first","12":"instock","13":"shipping-taxable","14":"product-type-simple"},"acf":[],"_links":{"self":[{"href":"https:\/\/olemosaic.orbitalia.org\/pt-pt\/wp-json\/wp\/v2\/product\/36559","targetHints":{"allow":["GET"]}}],"collection":[{"href":"https:\/\/olemosaic.orbitalia.org\/pt-pt\/wp-json\/wp\/v2\/product"}],"about":[{"href":"https:\/\/olemosaic.orbitalia.org\/pt-pt\/wp-json\/wp\/v2\/types\/product"}],"wp:featuredmedia":[{"embeddable":true,"href":"https:\/\/olemosaic.orbitalia.org\/pt-pt\/wp-json\/wp\/v2\/media\/8369"}],"wp:attachment":[{"href":"https:\/\/olemosaic.orbitalia.org\/pt-pt\/wp-json\/wp\/v2\/media?parent=36559"}],"wp:term":[{"taxonomy":"product_brand","embeddable":true,"href":"https:\/\/olemosaic.orbitalia.org\/pt-pt\/wp-json\/wp\/v2\/product_brand?post=36559"},{"taxonomy":"product_cat","embeddable":true,"href":"https:\/\/olemosaic.orbitalia.org\/pt-pt\/wp-json\/wp\/v2\/product_cat?post=36559"},{"taxonomy":"product_tag","embeddable":true,"href":"https:\/\/olemosaic.orbitalia.org\/pt-pt\/wp-json\/wp\/v2\/product_tag?post=36559"}],"curies":[{"name":"wp","href":"https:\/\/api.w.org\/{rel}","templated":true}]}}