{"id":36528,"date":"2025-02-20T23:35:54","date_gmt":"2025-02-20T22:35:54","guid":{"rendered":"https:\/\/olemosaic.orbitalia.org\/producto\/iman-de-ceramica-barcelona-blanco-3\/"},"modified":"2025-07-25T19:49:29","modified_gmt":"2025-07-25T17:49:29","slug":"iman-de-ceramica-barcelona-branco-3","status":"publish","type":"product","link":"https:\/\/olemosaic.orbitalia.org\/pt-pt\/produto\/iman-de-ceramica-barcelona-branco-3\/","title":{"rendered":"\u00cdman de cer\u00e2mica. Sagrada Fam\u00edlia. Barcelona. Branco."},"content":{"rendered":"<p>\u00cdman de cer\u00e2mica de Barcelona<\/p>\n<p>Descubra este \u00edman de cer\u00e2mica inspirado na vibrante arquitetura de Barcelona, um aut\u00eantico tesouro que capta a ess\u00eancia da capital catal\u00e3. Este \u00edman circular, de elegante cor branca, destaca-se pelas suas detalhadas ilustra\u00e7\u00f5es que representam alguns dos elementos mais emblem\u00e1ticos da cidade, como a majestosa Sagrada Fam\u00edlia e o colorido Parque G\u00fcell. Os tons quentes e os diversos padr\u00f5es que adornam o \u00edman criam uma representa\u00e7\u00e3o art\u00edstica que evocar\u00e1 mem\u00f3rias das suas experi\u00eancias nesta metr\u00f3pole.<\/p>\n<p>O nome \u201cBarcelona\u201d aparece na parte superior do \u00edman com um design muito especial que confere um toque singular, tornando-o uma recorda\u00e7\u00e3o perfeita para os visitantes. A qualidade da cer\u00e2mica assegura durabilidade e um acabamento brilhante que far\u00e1 com que este \u00edman se torne mais um atrativo em qualquer frigor\u00edfico ou superf\u00edcie met\u00e1lica.<\/p>\n<p>Como recorda\u00e7\u00e3o representativa de Barcelona, este \u00edman n\u00e3o s\u00f3 serve como um belo adorno, mas tamb\u00e9m destaca a rica cultura e arquitetura da cidade, perfeito para aqueles turistas que procuram levar um pedacinho da sua viagem. Na Ol\u00e9 Mosaic, somos distribuidores por grosso de recorda\u00e7\u00f5es aut\u00eanticas, ideais para lojas de presentes tur\u00edsticos que desejem oferecer produtos de qualidade e significado cultural. Este \u00edman de cer\u00e2mica de Barcelona \u00e9 uma op\u00e7\u00e3o excecional para atrair clientes que procurem recorda\u00e7\u00f5es memor\u00e1veis.<\/p>\n","protected":false},"excerpt":{"rendered":"<p>\u00cdman de cer\u00e2mica inspirado na arquitetura de Barcelona, com um design vibrante que destaca elementos emblem\u00e1ticos como a Sagrada Fam\u00edlia e o Park G\u00fcell. Este \u00edman circular, de cor branca, sobressai pelas suas ilustra\u00e7\u00f5es detalhadas em tons quentes e diferentes padr\u00f5es, criando uma representa\u00e7\u00e3o art\u00edstica da cidade. O nome \u00abBarcelona\u00bb aparece na parte superior, o que lhe confere um toque distintivo e o torna uma recorda\u00e7\u00e3o perfeita da capital catal\u00e3.<\/p>\n","protected":false},"featured_media":9514,"template":"","meta":{"_acf_changed":false},"product_brand":[],"product_cat":[699],"product_tag":[515],"class_list":{"0":"post-36528","1":"product","2":"type-product","3":"status-publish","4":"has-post-thumbnail","6":"product_cat-imanes","7":"product_tag-ceramica","8":"pa_ciudad-barcelona","9":"pa_pais-espana","11":"first","12":"instock","13":"shipping-taxable","14":"product-type-simple"},"acf":[],"_links":{"self":[{"href":"https:\/\/olemosaic.orbitalia.org\/pt-pt\/wp-json\/wp\/v2\/product\/36528","targetHints":{"allow":["GET"]}}],"collection":[{"href":"https:\/\/olemosaic.orbitalia.org\/pt-pt\/wp-json\/wp\/v2\/product"}],"about":[{"href":"https:\/\/olemosaic.orbitalia.org\/pt-pt\/wp-json\/wp\/v2\/types\/product"}],"wp:featuredmedia":[{"embeddable":true,"href":"https:\/\/olemosaic.orbitalia.org\/pt-pt\/wp-json\/wp\/v2\/media\/9514"}],"wp:attachment":[{"href":"https:\/\/olemosaic.orbitalia.org\/pt-pt\/wp-json\/wp\/v2\/media?parent=36528"}],"wp:term":[{"taxonomy":"product_brand","embeddable":true,"href":"https:\/\/olemosaic.orbitalia.org\/pt-pt\/wp-json\/wp\/v2\/product_brand?post=36528"},{"taxonomy":"product_cat","embeddable":true,"href":"https:\/\/olemosaic.orbitalia.org\/pt-pt\/wp-json\/wp\/v2\/product_cat?post=36528"},{"taxonomy":"product_tag","embeddable":true,"href":"https:\/\/olemosaic.orbitalia.org\/pt-pt\/wp-json\/wp\/v2\/product_tag?post=36528"}],"curies":[{"name":"wp","href":"https:\/\/api.w.org\/{rel}","templated":true}]}}