{"id":36512,"date":"2025-02-20T22:35:53","date_gmt":"2025-02-20T22:35:53","guid":{"rendered":"https:\/\/olemosaic.orbitalia.org\/producto\/funda-de-telefono-para-xiaomi-rmnote-12-tpu-forjas-azul\/"},"modified":"2025-07-25T18:47:43","modified_gmt":"2025-07-25T16:47:43","slug":"capa-para-telemovel-xiaomi-rmnote-12-tpu-forjas-azul","status":"publish","type":"product","link":"https:\/\/olemosaic.orbitalia.org\/pt-pt\/produto\/capa-para-telemovel-xiaomi-rmnote-12-tpu-forjas-azul\/","title":{"rendered":"Capa para telem\u00f3vel para Xiaomi RMNote 12 (TPU). Forjas. Azul"},"content":{"rendered":"<p>Capa para telem\u00f3vel Xiaomi Redmi Note 12, fabricada em TPU de alta resist\u00eancia. Esta elegante capa, num azul profundo, apresenta intrincados motivos de forja em branco que evocam a rica tradi\u00e7\u00e3o artesanal espanhola. O seu design delicado e atraente n\u00e3o s\u00f3 protege eficazmente o dispositivo, como tamb\u00e9m adiciona um toque decorativo que a torna uma excelente op\u00e7\u00e3o para quem procura um equil\u00edbrio entre estilo e funcionalidade. A superf\u00edcie suave ao toque garante uma ader\u00eancia confort\u00e1vel, perfeita para o uso di\u00e1rio.<\/p>\n<p>A decora\u00e7\u00e3o com motivos de forja recorda as grades e varandas de antigos pal\u00e1cios espanh\u00f3is, simbolizando a uni\u00e3o da modernidade com a heran\u00e7a cultural do pa\u00eds. Este souvenir n\u00e3o \u00e9 apenas pr\u00e1tico, mas tamb\u00e9m atua como uma recorda\u00e7\u00e3o constante da beleza e da artesania espanhola, oferecendo um peda\u00e7o da sua rica hist\u00f3ria no dia a dia. Ideal para turistas que procuram levar um fragmento aut\u00eantico da cultura espanhola para casa, esta capa destaca-se como um presente representativo e funcional. Na Ol\u00e9 Mosaic, como grossistas de artigos decorativos, garantimos a qualidade e autenticidade de cada produto, fazendo desta capa um imprescind\u00edvel para o seu cat\u00e1logo de souvenirs.<\/p>\n","protected":false},"excerpt":{"rendered":"<p>Capa para Xiaomi Redmi Note 12, fabricada em TPU de alta resist\u00eancia. O seu design delicado em tons azuis apresenta intrincados motivos de forja em branco, evocando a eleg\u00e2ncia da tradi\u00e7\u00e3o artesanal espanhola. Com uma superf\u00edcie suave ao toque, esta capa n\u00e3o s\u00f3 protege o dispositivo, como tamb\u00e9m adiciona um toque decorativo, ideal para quem procura estilo e funcionalidade num s\u00f3 produto.<\/p>\n","protected":false},"featured_media":12702,"template":"","meta":{"_acf_changed":false},"product_brand":[],"product_cat":[685],"product_tag":[],"class_list":{"0":"post-36512","1":"product","2":"type-product","3":"status-publish","4":"has-post-thumbnail","6":"product_cat-capas-para-telemoveis","7":"pa_motivo-forjas","9":"first","10":"instock","11":"shipping-taxable","12":"product-type-simple"},"acf":[],"_links":{"self":[{"href":"https:\/\/olemosaic.orbitalia.org\/pt-pt\/wp-json\/wp\/v2\/product\/36512","targetHints":{"allow":["GET"]}}],"collection":[{"href":"https:\/\/olemosaic.orbitalia.org\/pt-pt\/wp-json\/wp\/v2\/product"}],"about":[{"href":"https:\/\/olemosaic.orbitalia.org\/pt-pt\/wp-json\/wp\/v2\/types\/product"}],"wp:featuredmedia":[{"embeddable":true,"href":"https:\/\/olemosaic.orbitalia.org\/pt-pt\/wp-json\/wp\/v2\/media\/12702"}],"wp:attachment":[{"href":"https:\/\/olemosaic.orbitalia.org\/pt-pt\/wp-json\/wp\/v2\/media?parent=36512"}],"wp:term":[{"taxonomy":"product_brand","embeddable":true,"href":"https:\/\/olemosaic.orbitalia.org\/pt-pt\/wp-json\/wp\/v2\/product_brand?post=36512"},{"taxonomy":"product_cat","embeddable":true,"href":"https:\/\/olemosaic.orbitalia.org\/pt-pt\/wp-json\/wp\/v2\/product_cat?post=36512"},{"taxonomy":"product_tag","embeddable":true,"href":"https:\/\/olemosaic.orbitalia.org\/pt-pt\/wp-json\/wp\/v2\/product_tag?post=36512"}],"curies":[{"name":"wp","href":"https:\/\/api.w.org\/{rel}","templated":true}]}}