{"id":36464,"date":"2025-02-20T22:35:51","date_gmt":"2025-02-20T22:35:51","guid":{"rendered":"https:\/\/olemosaic.orbitalia.org\/producto\/funda-de-telefono-para-xiaomi-rmnote-12-tpu-abstracto-verde\/"},"modified":"2025-07-25T18:54:04","modified_gmt":"2025-07-25T16:54:04","slug":"capa-de-telemovel-para-xiaomi-rmnote-12-tpu-abstrato-verde","status":"publish","type":"product","link":"https:\/\/olemosaic.orbitalia.org\/pt-pt\/produto\/capa-de-telemovel-para-xiaomi-rmnote-12-tpu-abstrato-verde\/","title":{"rendered":"Capa de telem\u00f3vel para Xiaomi RMNote 12 (TPU). Abstrato. Verde"},"content":{"rendered":"<p>Capa para Xiaomi Redmi Note 12 com design de mosaico abstrato. Esta elegante capa, fabricada em TPU de alta qualidade, destaca-se pelo seu vibrante design abstrato que presta homenagem \u00e0 rica tradi\u00e7\u00e3o est\u00e9tica da arte do mosaico, um elemento ic\u00f3nico da arquitetura espanhola. Apresenta uma combina\u00e7\u00e3o harmoniosa de tons verdes, azuis, laranjas e amarelos, dispostos em cativantes padr\u00f5es geom\u00e9tricos que evocam a diversidade cultural e visual do patrim\u00f3nio espanhol. A disposi\u00e7\u00e3o de cores e formas recorda as obras-primas de mosaicos de cidades como Barcelona e Val\u00eancia, onde a criatividade arquitet\u00f3nica ganha vida atrav\u00e9s destas t\u00e9cnicas art\u00edsticas.<\/p>\n<p>O seu acabamento suave n\u00e3o s\u00f3 oferece uma est\u00e9tica moderna, mas tamb\u00e9m uma prote\u00e7\u00e3o superior para o seu dispositivo, resguardando-o de choques e riscos. Esta capa n\u00e3o \u00e9 apenas uma op\u00e7\u00e3o funcional para quem deseja manter o seu smartphone em perfeitas condi\u00e7\u00f5es, mas tamb\u00e9m atua como uma recorda\u00e7\u00e3o contempor\u00e2nea que liga os utilizadores \u00e0 cultura espanhola. Na Ol\u00e9 Mosaic, orgulhamo-nos de oferecer produtos aut\u00eanticos e representativos que capturam la ess\u00eancia de Espanha, tornando esta capa uma ideia perfeita para turistas e lojas de presentes. Mergulhe na cultura espanhola com um detalhe que combina arte, funcionalidade e autenticidade.<\/p>\n","protected":false},"excerpt":{"rendered":"<p>Capa de telem\u00f3vel para Xiaomi Redmi Note 12, fabricada em TPU, com um design abstrato inspirado na arte do mosaico. A capa apresenta uma colorida combina\u00e7\u00e3o de tons verdes, azuis, laranjas e amarelos, que formam padr\u00f5es geom\u00e9tricos evocadores da riqueza cultural da arquitetura espanhola. O seu acabamento suave e resistente oferece uma prote\u00e7\u00e3o ideal, enquanto o seu estilo art\u00edstico adiciona um toque distintivo e moderno ao seu dispositivo.<\/p>\n","protected":false},"featured_media":12696,"template":"","meta":{"_acf_changed":false},"product_brand":[],"product_cat":[685],"product_tag":[],"class_list":{"0":"post-36464","1":"product","2":"type-product","3":"status-publish","4":"has-post-thumbnail","6":"product_cat-capas-para-telemoveis","7":"pa_motivo-resumo","9":"first","10":"instock","11":"shipping-taxable","12":"product-type-simple"},"acf":[],"_links":{"self":[{"href":"https:\/\/olemosaic.orbitalia.org\/pt-pt\/wp-json\/wp\/v2\/product\/36464","targetHints":{"allow":["GET"]}}],"collection":[{"href":"https:\/\/olemosaic.orbitalia.org\/pt-pt\/wp-json\/wp\/v2\/product"}],"about":[{"href":"https:\/\/olemosaic.orbitalia.org\/pt-pt\/wp-json\/wp\/v2\/types\/product"}],"wp:featuredmedia":[{"embeddable":true,"href":"https:\/\/olemosaic.orbitalia.org\/pt-pt\/wp-json\/wp\/v2\/media\/12696"}],"wp:attachment":[{"href":"https:\/\/olemosaic.orbitalia.org\/pt-pt\/wp-json\/wp\/v2\/media?parent=36464"}],"wp:term":[{"taxonomy":"product_brand","embeddable":true,"href":"https:\/\/olemosaic.orbitalia.org\/pt-pt\/wp-json\/wp\/v2\/product_brand?post=36464"},{"taxonomy":"product_cat","embeddable":true,"href":"https:\/\/olemosaic.orbitalia.org\/pt-pt\/wp-json\/wp\/v2\/product_cat?post=36464"},{"taxonomy":"product_tag","embeddable":true,"href":"https:\/\/olemosaic.orbitalia.org\/pt-pt\/wp-json\/wp\/v2\/product_tag?post=36464"}],"curies":[{"name":"wp","href":"https:\/\/api.w.org\/{rel}","templated":true}]}}