{"id":36462,"date":"2025-02-20T22:35:51","date_gmt":"2025-02-20T22:35:51","guid":{"rendered":"https:\/\/olemosaic.orbitalia.org\/producto\/funda-de-telefono-para-xiaomi-13-tpu-sagrada-familia-barcelona-azul\/"},"modified":"2025-07-25T20:20:43","modified_gmt":"2025-07-25T18:20:43","slug":"capa-para-telemovel-para-xiaomi-13-tpu-sagrada-familia-barcelona-azul","status":"publish","type":"product","link":"https:\/\/olemosaic.orbitalia.org\/pt-pt\/produto\/capa-para-telemovel-para-xiaomi-13-tpu-sagrada-familia-barcelona-azul\/","title":{"rendered":"Capa para telem\u00f3vel para Xiaomi 13 (TPU). Sagrada Fam\u00edlia. Barcelona. Azul"},"content":{"rendered":"<p>Capa para Xiaomi 13 decorada com uma vibrante ilustra\u00e7\u00e3o da Sagrada Fam\u00edlia de Barcelona. Fabricada em TPU de alta qualidade, esta capa n\u00e3o s\u00f3 protege o seu dispositivo, como o converte numa obra de arte. O design apresenta um cativante fundo azul que real\u00e7a a majestosidade da emblem\u00e1tica Sagrada Fam\u00edlia, cujos detalhes arquitet\u00f3nicos s\u00e3o representados em tons quentes de laranja e avermelhado, contrastando com elementos destacados em cores brilhantes como o amarelo e o verde. A disposi\u00e7\u00e3o das torres e as intrincadas formas do monumento capturam a ess\u00eancia da obra-prima de Antoni Gaud\u00ed, promovendo uma liga\u00e7\u00e3o direta com a rica hist\u00f3ria e cultura de Barcelona. O texto &#8220;Barcelona&#8221; acrescenta um toque pessoal a esta capa, tornando-a numa recorda\u00e7\u00e3o ideal para aqueles que desejam levar um peda\u00e7o desta magn\u00edfica cidade consigo. Este aut\u00eantico souvenir, que combina funcionalidade e arte, \u00e9 uma excelente op\u00e7\u00e3o para turistas que procuram levar um fragmento da cultura espanhola. Na Ol\u00e9 Mosaic, especialistas na distribui\u00e7\u00e3o de souvenirs por grosso, esta capa para telem\u00f3vel \u00e9 um produto de destaque que certamente cativar\u00e1 os visitantes que procuram recorda\u00e7\u00f5es de alta qualidade de Barcelona.<\/p>\n","protected":false},"excerpt":{"rendered":"<p>Capa para Xiaomi 13 fabricada em TPU, decorada com uma vibrante ilustra\u00e7\u00e3o da Sagrada Fam\u00edlia de Barcelona. O seu design destaca-se por um fundo azul que contrasta com os detalhes arquitet\u00f3nicos em tons quentes e elementos real\u00e7ados em cores vivas, que representam a majestosidade deste ic\u00f3nico monumento. A inscri\u00e7\u00e3o &#8220;Barcelona&#8221; acrescenta um toque pessoal, tornando esta capa numa recorda\u00e7\u00e3o perfeita para quem deseja levar consigo um peda\u00e7o da cultura espanhola.<\/p>\n","protected":false},"featured_media":12679,"template":"","meta":{"_acf_changed":false},"product_brand":[],"product_cat":[685],"product_tag":[],"class_list":{"0":"post-36462","1":"product","2":"type-product","3":"status-publish","4":"has-post-thumbnail","6":"product_cat-capas-para-telemoveis","7":"pa_ciudad-barcelona","8":"pa_motivo-sagrada-familia","9":"pa_pais-espana","11":"first","12":"instock","13":"shipping-taxable","14":"product-type-simple"},"acf":[],"_links":{"self":[{"href":"https:\/\/olemosaic.orbitalia.org\/pt-pt\/wp-json\/wp\/v2\/product\/36462","targetHints":{"allow":["GET"]}}],"collection":[{"href":"https:\/\/olemosaic.orbitalia.org\/pt-pt\/wp-json\/wp\/v2\/product"}],"about":[{"href":"https:\/\/olemosaic.orbitalia.org\/pt-pt\/wp-json\/wp\/v2\/types\/product"}],"wp:featuredmedia":[{"embeddable":true,"href":"https:\/\/olemosaic.orbitalia.org\/pt-pt\/wp-json\/wp\/v2\/media\/12679"}],"wp:attachment":[{"href":"https:\/\/olemosaic.orbitalia.org\/pt-pt\/wp-json\/wp\/v2\/media?parent=36462"}],"wp:term":[{"taxonomy":"product_brand","embeddable":true,"href":"https:\/\/olemosaic.orbitalia.org\/pt-pt\/wp-json\/wp\/v2\/product_brand?post=36462"},{"taxonomy":"product_cat","embeddable":true,"href":"https:\/\/olemosaic.orbitalia.org\/pt-pt\/wp-json\/wp\/v2\/product_cat?post=36462"},{"taxonomy":"product_tag","embeddable":true,"href":"https:\/\/olemosaic.orbitalia.org\/pt-pt\/wp-json\/wp\/v2\/product_tag?post=36462"}],"curies":[{"name":"wp","href":"https:\/\/api.w.org\/{rel}","templated":true}]}}