{"id":36410,"date":"2025-02-20T22:35:49","date_gmt":"2025-02-20T22:35:49","guid":{"rendered":"https:\/\/olemosaic.orbitalia.org\/producto\/funda-de-telefono-para-xiaomi-12-tpu-panoramica-barcelona-blanco\/"},"modified":"2025-07-25T20:07:59","modified_gmt":"2025-07-25T18:07:59","slug":"capa-para-telemovel-para-xiaomi-12-tpu-panoramica-barcelona-branco","status":"publish","type":"product","link":"https:\/\/olemosaic.orbitalia.org\/pt-pt\/produto\/capa-para-telemovel-para-xiaomi-12-tpu-panoramica-barcelona-branco\/","title":{"rendered":"Capa para telem\u00f3vel para Xiaomi 12 (TPU). Panor\u00e2mica. Barcelona. Branco"},"content":{"rendered":"<p>Capa para Xiaomi 12 com uma vibrante panor\u00e2mica de Barcelona. Este acess\u00f3rio, fabricado em TPU, um material flex\u00edvel e resistente, oferece uma excelente prote\u00e7\u00e3o para o seu dispositivo ao mesmo tempo que exibe um design emblem\u00e1tico da cidade. A capa destaca a ic\u00f3nica Sagrada Fam\u00edlia, juntamente com outros monumentos representativos como o Parque G\u00fcell, cujas formas fluidas e mosaicos coloridos s\u00e3o a marca distintiva da obra de Antoni Gaud\u00ed. O estilo de mosaico sobressai numa paleta crom\u00e1tica cheia de vida, onde predominam os tons de vermelho, amarelo, verde e azul, que evocam a magia do modernismo catal\u00e3o. O fundo branco serve de cen\u00e1rio perfeito que real\u00e7a estes detalhes art\u00edsticos, oferecendo um contraste visual impactante.<\/p>\n<p>Este souvenir n\u00e3o s\u00f3 \u00e9 uma excelente op\u00e7\u00e3o para quem procura uma recorda\u00e7\u00e3o da sua visita a Barcelona, como tamb\u00e9m captura a ess\u00eancia cultural e patrimonial de uma das cidades mais fascinantes do mundo. Ao escolher esta capa, os turistas n\u00e3o s\u00f3 protegem o seu telem\u00f3vel, como tamb\u00e9m levam consigo um peda\u00e7o da rica hist\u00f3ria e criatividade que define a capital catal\u00e3. Na Ol\u00e9 Mosaic, como grossistas de capas de telem\u00f3vel, garantimos a autenticidade e qualidade dos nossos produtos, ideais para lojas de presentes tur\u00edsticos que procuram oferecer souvenirs \u00fanicos e representativos da cultura espanhola.<\/p>\n","protected":false},"excerpt":{"rendered":"<p>Capa para Xiaomi 12 fabricada em TPU com uma vibrante panor\u00e2mica de Barcelona. O seu design destaca a ic\u00f3nica Sagrada Fam\u00edlia e outras obras emblem\u00e1ticas da cidade, representadas num colorido estilo de mosaico que evoca a famosa t\u00e9cnica de Gaud\u00ed. Predominam os tons de vermelho, amarelo, verde e azul sobre um fundo branco que real\u00e7a os detalhes art\u00edsticos. Ideal para proteger o seu dispositivo e mostrar o seu amor por esta maravilhosa cidade.<\/p>\n","protected":false},"featured_media":12653,"template":"","meta":{"_acf_changed":false},"product_brand":[],"product_cat":[685],"product_tag":[],"class_list":{"0":"post-36410","1":"product","2":"type-product","3":"status-publish","4":"has-post-thumbnail","6":"product_cat-capas-para-telemoveis","7":"pa_ciudad-barcelona","8":"pa_motivo-panoramas","9":"pa_pais-espana","11":"first","12":"instock","13":"shipping-taxable","14":"product-type-simple"},"acf":[],"_links":{"self":[{"href":"https:\/\/olemosaic.orbitalia.org\/pt-pt\/wp-json\/wp\/v2\/product\/36410","targetHints":{"allow":["GET"]}}],"collection":[{"href":"https:\/\/olemosaic.orbitalia.org\/pt-pt\/wp-json\/wp\/v2\/product"}],"about":[{"href":"https:\/\/olemosaic.orbitalia.org\/pt-pt\/wp-json\/wp\/v2\/types\/product"}],"wp:featuredmedia":[{"embeddable":true,"href":"https:\/\/olemosaic.orbitalia.org\/pt-pt\/wp-json\/wp\/v2\/media\/12653"}],"wp:attachment":[{"href":"https:\/\/olemosaic.orbitalia.org\/pt-pt\/wp-json\/wp\/v2\/media?parent=36410"}],"wp:term":[{"taxonomy":"product_brand","embeddable":true,"href":"https:\/\/olemosaic.orbitalia.org\/pt-pt\/wp-json\/wp\/v2\/product_brand?post=36410"},{"taxonomy":"product_cat","embeddable":true,"href":"https:\/\/olemosaic.orbitalia.org\/pt-pt\/wp-json\/wp\/v2\/product_cat?post=36410"},{"taxonomy":"product_tag","embeddable":true,"href":"https:\/\/olemosaic.orbitalia.org\/pt-pt\/wp-json\/wp\/v2\/product_tag?post=36410"}],"curies":[{"name":"wp","href":"https:\/\/api.w.org\/{rel}","templated":true}]}}